{"id":321571,"date":"2024-11-22T23:08:17","date_gmt":"2024-11-22T22:08:17","guid":{"rendered":"https:\/\/glandine.com\/product\/tommy-hilfiger-schwarzes-leder-herren-portemonnaie-16\/"},"modified":"2024-12-09T22:55:43","modified_gmt":"2024-12-09T21:55:43","slug":"tommy-hilfiger-schwarzes-leder-herren-portemonnaie-16","status":"publish","type":"product","link":"https:\/\/tpmadalina42.supserv.cozmoslabs.com\/fi\/tuote-2\/tommy-hilfiger-schwarzes-leder-herren-portemonnaie-16\/","title":{"rendered":"Tommy Hilfiger musta nahkainen miesten lompakko"},"content":{"rendered":"<p>Entdecken Sie den Inbegriff von Raffinesse mit diesem Tommy Hilfiger Portemonnaie, das aus 100 % hochwertigem Leder gefertigt ist und ein luxuri\u00f6ses Gef\u00fchl in Ihrer Handfl\u00e4che vermittelt. Ein elegantes Accessoire, das ebenso funktional wie modisch ist. Die Brieftasche verf\u00fcgt \u00fcber zwei Hauptf\u00e4cher, ein praktisches M\u00fcnzfach und zahlreiche Kartenf\u00e4cher, die sicherstellen, dass Ihre wichtigsten Utensilien stilvoll organisiert sind. Das symboltr\u00e4chtige Tommy Hilfiger-Logo verleiht diesem zeitlosen schwarzen St\u00fcck einen besonderen Touch und macht es zu einem Must-Have f\u00fcr den modernen Mann mit einem Sinn f\u00fcr klassische Eleganz.<\/p>\n<p>&#8211; Material: 100% Leder<br \/>\n&#8211; Herkunftsland: KH<br \/>\n- V\u00e4ri: Musta<\/p>","protected":false},"excerpt":{"rendered":"<p>Entdecken Sie den Inbegriff von Raffinesse mit diesem Tommy Hilfiger Portemonnaie, das aus 100 % hochwertigem Leder gefertigt ist und ein luxuri\u00f6ses Gef\u00fchl in Ihrer Handfl\u00e4che vermittelt. Ein elegantes Accessoire, das ebenso funktional wie modisch ist. Die Brieftasche verf\u00fcgt \u00fcber zwei Hauptf\u00e4cher, ein praktisches M\u00fcnzfach und zahlreiche Kartenf\u00e4cher, die sicherstellen, dass Ihre wichtigsten Utensilien stilvoll [&hellip;]<\/p>","protected":false},"featured_media":321568,"template":"","meta":[],"product_brand":[2177],"product_cat":[1721,1629],"product_tag":[],"class_list":{"0":"post-321571","1":"product","2":"type-product","3":"status-publish","4":"has-post-thumbnail","6":"product_brand-tommy-hilfiger","7":"product_cat-geldboersen","8":"product_cat-maenner","10":"first","11":"instock","12":"sale","13":"taxable","14":"shipping-taxable","15":"purchasable","16":"product-type-simple"},"_links":{"self":[{"href":"https:\/\/tpmadalina42.supserv.cozmoslabs.com\/fi\/wp-json\/wp\/v2\/product\/321571","targetHints":{"allow":["GET"]}}],"collection":[{"href":"https:\/\/tpmadalina42.supserv.cozmoslabs.com\/fi\/wp-json\/wp\/v2\/product"}],"about":[{"href":"https:\/\/tpmadalina42.supserv.cozmoslabs.com\/fi\/wp-json\/wp\/v2\/types\/product"}],"wp:featuredmedia":[{"embeddable":true,"href":"https:\/\/tpmadalina42.supserv.cozmoslabs.com\/fi\/wp-json\/wp\/v2\/media\/321568"}],"wp:attachment":[{"href":"https:\/\/tpmadalina42.supserv.cozmoslabs.com\/fi\/wp-json\/wp\/v2\/media?parent=321571"}],"wp:term":[{"taxonomy":"product_brand","embeddable":true,"href":"https:\/\/tpmadalina42.supserv.cozmoslabs.com\/fi\/wp-json\/wp\/v2\/product_brand?post=321571"},{"taxonomy":"product_cat","embeddable":true,"href":"https:\/\/tpmadalina42.supserv.cozmoslabs.com\/fi\/wp-json\/wp\/v2\/product_cat?post=321571"},{"taxonomy":"product_tag","embeddable":true,"href":"https:\/\/tpmadalina42.supserv.cozmoslabs.com\/fi\/wp-json\/wp\/v2\/product_tag?post=321571"}],"curies":[{"name":"wp","href":"https:\/\/api.w.org\/{rel}","templated":true}]}}