{"id":321603,"date":"2024-11-22T23:10:50","date_gmt":"2024-11-22T22:10:50","guid":{"rendered":"https:\/\/glandine.com\/product\/calvin-klein-schwarze-polyester-maenner-umhaengetasche-13\/"},"modified":"2024-12-12T02:56:49","modified_gmt":"2024-12-12T01:56:49","slug":"calvin-klein-schwarze-polyester-maenner-umhaengetasche-13","status":"publish","type":"product","link":"https:\/\/tpmadalina42.supserv.cozmoslabs.com\/fi\/tuote-2\/calvin-klein-schwarze-polyester-maenner-umhaengetasche-13\/","title":{"rendered":"Calvin Klein musta polyesteri miesten olkalaukku"},"content":{"rendered":"<p>Die Calvin Klein Umh\u00e4ngetasche ist der Inbegriff von urbanem Chic und wertet Ihre Accessoires auf. Das f\u00fcr den modernen Mann gefertigte Modell besticht durch seine schlichte schwarze Farbgebung und ein dezentes, aber unverwechselbares Logo. Ein verstellbarer Schulterriemen und ein Rei\u00dfverschluss sorgen daf\u00fcr, dass Sie Ihre wichtigsten Utensilien auch unterwegs sicher verstauen k\u00f6nnen. Mit einer Au\u00dfentasche f\u00fcr einfachen Zugriff und einer Innentasche f\u00fcr die Organisation beweist dieses Schmuckst\u00fcck aus recyceltem Polyester, dass Stil und Nachhaltigkeit nebeneinander bestehen k\u00f6nnen.<\/p>\n<p>Material: 51% Polyester, 49% Polyethylen<br \/>\nAlkuper\u00e4maa: CN<br \/>\nV\u00e4ri: Musta<\/p>","protected":false},"excerpt":{"rendered":"<p>Die Calvin Klein Umh\u00e4ngetasche ist der Inbegriff von urbanem Chic und wertet Ihre Accessoires auf. Das f\u00fcr den modernen Mann gefertigte Modell besticht durch seine schlichte schwarze Farbgebung und ein dezentes, aber unverwechselbares Logo. Ein verstellbarer Schulterriemen und ein Rei\u00dfverschluss sorgen daf\u00fcr, dass Sie Ihre wichtigsten Utensilien auch unterwegs sicher verstauen k\u00f6nnen. Mit einer Au\u00dfentasche [&hellip;]<\/p>","protected":false},"featured_media":321600,"template":"","meta":[],"product_brand":[2188],"product_cat":[1629,1744],"product_tag":[],"class_list":{"0":"post-321603","1":"product","2":"type-product","3":"status-publish","4":"has-post-thumbnail","6":"product_brand-calvin-klein","7":"product_cat-maenner","8":"product_cat-umhaengetaschen","10":"first","11":"instock","12":"sale","13":"taxable","14":"shipping-taxable","15":"purchasable","16":"product-type-simple"},"_links":{"self":[{"href":"https:\/\/tpmadalina42.supserv.cozmoslabs.com\/fi\/wp-json\/wp\/v2\/product\/321603","targetHints":{"allow":["GET"]}}],"collection":[{"href":"https:\/\/tpmadalina42.supserv.cozmoslabs.com\/fi\/wp-json\/wp\/v2\/product"}],"about":[{"href":"https:\/\/tpmadalina42.supserv.cozmoslabs.com\/fi\/wp-json\/wp\/v2\/types\/product"}],"wp:featuredmedia":[{"embeddable":true,"href":"https:\/\/tpmadalina42.supserv.cozmoslabs.com\/fi\/wp-json\/wp\/v2\/media\/321600"}],"wp:attachment":[{"href":"https:\/\/tpmadalina42.supserv.cozmoslabs.com\/fi\/wp-json\/wp\/v2\/media?parent=321603"}],"wp:term":[{"taxonomy":"product_brand","embeddable":true,"href":"https:\/\/tpmadalina42.supserv.cozmoslabs.com\/fi\/wp-json\/wp\/v2\/product_brand?post=321603"},{"taxonomy":"product_cat","embeddable":true,"href":"https:\/\/tpmadalina42.supserv.cozmoslabs.com\/fi\/wp-json\/wp\/v2\/product_cat?post=321603"},{"taxonomy":"product_tag","embeddable":true,"href":"https:\/\/tpmadalina42.supserv.cozmoslabs.com\/fi\/wp-json\/wp\/v2\/product_tag?post=321603"}],"curies":[{"name":"wp","href":"https:\/\/api.w.org\/{rel}","templated":true}]}}