{"id":321801,"date":"2024-11-22T23:22:57","date_gmt":"2024-11-22T22:22:57","guid":{"rendered":"https:\/\/glandine.com\/product\/tommy-hilfiger-hellblauer-baumwollrock-fuer-frauen\/"},"modified":"2024-11-30T10:42:46","modified_gmt":"2024-11-30T09:42:46","slug":"tommy-hilfiger-hellblauer-baumwollrock-fuer-frauen","status":"publish","type":"product","link":"https:\/\/tpmadalina42.supserv.cozmoslabs.com\/fi\/tuote-2\/tommy-hilfiger-hellblauer-baumwollrock-fuer-frauen\/","title":{"rendered":"Tommy Hilfiger Hellblauer Baumwollrock f\u00fcr Frauen"},"content":{"rendered":"<p>Mit diesem kurzen Rock von Tommy Hilfiger verleihen Sie Ihrer Garderobe einen Hauch von schlichter Eleganz. Sein hellblauer Farbton wird durch kontrastierende Details und die ikonische Stickerei der Marke erg\u00e4nzt, die l\u00e4ssigen Luxus verspr\u00fcht. Aus 100 % Bio-Baumwolle gefertigt, bietet er un\u00fcbertroffenen Komfort und Haltbarkeit. Mit seinen vier praktischen Taschen, dem klassischen Knopf- und Rei\u00dfverschluss und dem unverkennbaren Logo, das f\u00fcr Qualit\u00e4t steht, ist dieser Rock die Verbindung von zeitlosem Stil und moderner, umweltbewusster Mode.<\/p>\n<p>Materiaali: 100% puuvilla<br \/>\nAlkuper\u00e4maa: CN<br \/>\nV\u00e4ri: vaaleansininen<\/p>","protected":false},"excerpt":{"rendered":"<p>Mit diesem kurzen Rock von Tommy Hilfiger verleihen Sie Ihrer Garderobe einen Hauch von schlichter Eleganz. Sein hellblauer Farbton wird durch kontrastierende Details und die ikonische Stickerei der Marke erg\u00e4nzt, die l\u00e4ssigen Luxus verspr\u00fcht. Aus 100 % Bio-Baumwolle gefertigt, bietet er un\u00fcbertroffenen Komfort und Haltbarkeit. Mit seinen vier praktischen Taschen, dem klassischen Knopf- und Rei\u00dfverschluss [&hellip;]<\/p>","protected":false},"featured_media":321799,"template":"","meta":[],"product_brand":[2177],"product_cat":[1637,1623,1699],"product_tag":[],"class_list":{"0":"post-321801","1":"product","2":"type-product","3":"status-publish","4":"has-post-thumbnail","6":"product_brand-tommy-hilfiger","7":"product_cat-frauen-kleidung","8":"product_cat-kleidung","9":"product_cat-roecke","11":"first","12":"instock","13":"sale","14":"taxable","15":"shipping-taxable","16":"purchasable","17":"product-type-variable"},"_links":{"self":[{"href":"https:\/\/tpmadalina42.supserv.cozmoslabs.com\/fi\/wp-json\/wp\/v2\/product\/321801","targetHints":{"allow":["GET"]}}],"collection":[{"href":"https:\/\/tpmadalina42.supserv.cozmoslabs.com\/fi\/wp-json\/wp\/v2\/product"}],"about":[{"href":"https:\/\/tpmadalina42.supserv.cozmoslabs.com\/fi\/wp-json\/wp\/v2\/types\/product"}],"wp:featuredmedia":[{"embeddable":true,"href":"https:\/\/tpmadalina42.supserv.cozmoslabs.com\/fi\/wp-json\/wp\/v2\/media\/321799"}],"wp:attachment":[{"href":"https:\/\/tpmadalina42.supserv.cozmoslabs.com\/fi\/wp-json\/wp\/v2\/media?parent=321801"}],"wp:term":[{"taxonomy":"product_brand","embeddable":true,"href":"https:\/\/tpmadalina42.supserv.cozmoslabs.com\/fi\/wp-json\/wp\/v2\/product_brand?post=321801"},{"taxonomy":"product_cat","embeddable":true,"href":"https:\/\/tpmadalina42.supserv.cozmoslabs.com\/fi\/wp-json\/wp\/v2\/product_cat?post=321801"},{"taxonomy":"product_tag","embeddable":true,"href":"https:\/\/tpmadalina42.supserv.cozmoslabs.com\/fi\/wp-json\/wp\/v2\/product_tag?post=321801"}],"curies":[{"name":"wp","href":"https:\/\/api.w.org\/{rel}","templated":true}]}}