{"id":321898,"date":"2024-11-22T23:28:24","date_gmt":"2024-11-22T22:28:24","guid":{"rendered":"https:\/\/glandine.com\/product\/napapijri-blauer-baumwollpullover-fuer-maenner-8\/"},"modified":"2024-12-11T16:22:37","modified_gmt":"2024-12-11T15:22:37","slug":"napapijri-blauer-baumwollpullover-fuer-maenner-8","status":"publish","type":"product","link":"https:\/\/tpmadalina42.supserv.cozmoslabs.com\/fi\/tuote-2\/napapijri-blauer-baumwollpullover-fuer-maenner-8\/","title":{"rendered":"Napapijri Blauer puuvillainen pusero miehille"},"content":{"rendered":"<p>Erh\u00f6hen Sie Ihre Garderobe mit der k\u00fchnen Raffinesse des fachm\u00e4nnisch gefertigten lang\u00e4rmeligen blauen Sweatshirts von Napapijri. Perfekt f\u00fcr den modebewussten Mann. Die aufwendige Stickerei und das kultige Logo der Marke sorgen f\u00fcr einen einzigartigen Look. Ein praktischer Rei\u00dfverschluss verleiht ihm einen Hauch von moderner Funktionalit\u00e4t, w\u00e4hrend das hochwertige Baumwoll- und Polyestergemisch sowohl Komfort als auch Strapazierf\u00e4higkeit gew\u00e4hrleistet. Setzen Sie mit jedem Tragen ein Statement und erleben Sie die Mischung aus Qualit\u00e4t und Stil, die nur Napapijri bieten kann.<\/p>\n<p>Materiaali: 80% puuvilla, 20% polyesteri<br \/>\nAlkuper\u00e4maa: TR<br \/>\nV\u00e4ri: Sininen<\/p>","protected":false},"excerpt":{"rendered":"<p>Erh\u00f6hen Sie Ihre Garderobe mit der k\u00fchnen Raffinesse des fachm\u00e4nnisch gefertigten lang\u00e4rmeligen blauen Sweatshirts von Napapijri. Perfekt f\u00fcr den modebewussten Mann. Die aufwendige Stickerei und das kultige Logo der Marke sorgen f\u00fcr einen einzigartigen Look. Ein praktischer Rei\u00dfverschluss verleiht ihm einen Hauch von moderner Funktionalit\u00e4t, w\u00e4hrend das hochwertige Baumwoll- und Polyestergemisch sowohl Komfort als auch [&hellip;]<\/p>","protected":false},"featured_media":321896,"template":"","meta":[],"product_brand":[2312],"product_cat":[1633,1623],"product_tag":[],"class_list":{"0":"post-321898","1":"product","2":"type-product","3":"status-publish","4":"has-post-thumbnail","6":"product_brand-napapijri","7":"product_cat-maenner-kleidung","8":"product_cat-kleidung","10":"first","11":"instock","12":"sale","13":"taxable","14":"shipping-taxable","15":"purchasable","16":"product-type-variable"},"_links":{"self":[{"href":"https:\/\/tpmadalina42.supserv.cozmoslabs.com\/fi\/wp-json\/wp\/v2\/product\/321898","targetHints":{"allow":["GET"]}}],"collection":[{"href":"https:\/\/tpmadalina42.supserv.cozmoslabs.com\/fi\/wp-json\/wp\/v2\/product"}],"about":[{"href":"https:\/\/tpmadalina42.supserv.cozmoslabs.com\/fi\/wp-json\/wp\/v2\/types\/product"}],"wp:featuredmedia":[{"embeddable":true,"href":"https:\/\/tpmadalina42.supserv.cozmoslabs.com\/fi\/wp-json\/wp\/v2\/media\/321896"}],"wp:attachment":[{"href":"https:\/\/tpmadalina42.supserv.cozmoslabs.com\/fi\/wp-json\/wp\/v2\/media?parent=321898"}],"wp:term":[{"taxonomy":"product_brand","embeddable":true,"href":"https:\/\/tpmadalina42.supserv.cozmoslabs.com\/fi\/wp-json\/wp\/v2\/product_brand?post=321898"},{"taxonomy":"product_cat","embeddable":true,"href":"https:\/\/tpmadalina42.supserv.cozmoslabs.com\/fi\/wp-json\/wp\/v2\/product_cat?post=321898"},{"taxonomy":"product_tag","embeddable":true,"href":"https:\/\/tpmadalina42.supserv.cozmoslabs.com\/fi\/wp-json\/wp\/v2\/product_tag?post=321898"}],"curies":[{"name":"wp","href":"https:\/\/api.w.org\/{rel}","templated":true}]}}