{"id":321911,"date":"2024-11-22T23:28:54","date_gmt":"2024-11-22T22:28:54","guid":{"rendered":"https:\/\/glandine.com\/product\/lyle-scott-brauner-pullover-aus-wolle-fuer-maenner\/"},"modified":"2024-11-30T10:45:42","modified_gmt":"2024-11-30T09:45:42","slug":"lyle-scott-brauner-pullover-aus-wolle-fuer-maenner","status":"publish","type":"product","link":"https:\/\/tpmadalina42.supserv.cozmoslabs.com\/fi\/tuote-2\/lyle-scott-brauner-pullover-aus-wolle-fuer-maenner\/","title":{"rendered":"Lyle &amp; Scott Brauner Pullover aus Wolle f\u00fcr M\u00e4nner"},"content":{"rendered":"<p>Erh\u00f6hen Sie Ihre Garderobe mit dem Inbegriff klassischer Raffinesse, gemischt mit modernem Flair, mit freundlicher Genehmigung von Lyle &amp; Scott. Dieser lang\u00e4rmelige Pullover mit Rundhalsausschnitt und dem kultigen Lyle &amp; Scott-Logo ist ein wahres Zeugnis f\u00fcr dezenten Luxus. Gefertigt aus einer kostbaren Mischung aus 80 % Wolle und 20 % Polyamid verspricht er W\u00e4rme und Haltbarkeit in einem satten Braunton, der jedes Ensemble erg\u00e4nzt. Perfekt f\u00fcr k\u00fchle Tage oder k\u00fchle Abende &#8211; eine vielseitige Erg\u00e4nzung Ihrer Garderobe.<\/p>\n<p>Material: 80% Wolle, 20% Polyamid<br \/>\nHerkunftsland: RO<br \/>\nV\u00e4ri: Ruskea<\/p>","protected":false},"excerpt":{"rendered":"<p>Erh\u00f6hen Sie Ihre Garderobe mit dem Inbegriff klassischer Raffinesse, gemischt mit modernem Flair, mit freundlicher Genehmigung von Lyle &amp; Scott. Dieser lang\u00e4rmelige Pullover mit Rundhalsausschnitt und dem kultigen Lyle &amp; Scott-Logo ist ein wahres Zeugnis f\u00fcr dezenten Luxus. Gefertigt aus einer kostbaren Mischung aus 80 % Wolle und 20 % Polyamid verspricht er W\u00e4rme und [&hellip;]<\/p>","protected":false},"featured_media":321909,"template":"","meta":[],"product_brand":[2515],"product_cat":[1633,1623],"product_tag":[],"class_list":{"0":"post-321911","1":"product","2":"type-product","3":"status-publish","4":"has-post-thumbnail","6":"product_brand-lyle-scott","7":"product_cat-maenner-kleidung","8":"product_cat-kleidung","10":"first","11":"instock","12":"sale","13":"taxable","14":"shipping-taxable","15":"purchasable","16":"product-type-variable"},"_links":{"self":[{"href":"https:\/\/tpmadalina42.supserv.cozmoslabs.com\/fi\/wp-json\/wp\/v2\/product\/321911","targetHints":{"allow":["GET"]}}],"collection":[{"href":"https:\/\/tpmadalina42.supserv.cozmoslabs.com\/fi\/wp-json\/wp\/v2\/product"}],"about":[{"href":"https:\/\/tpmadalina42.supserv.cozmoslabs.com\/fi\/wp-json\/wp\/v2\/types\/product"}],"wp:featuredmedia":[{"embeddable":true,"href":"https:\/\/tpmadalina42.supserv.cozmoslabs.com\/fi\/wp-json\/wp\/v2\/media\/321909"}],"wp:attachment":[{"href":"https:\/\/tpmadalina42.supserv.cozmoslabs.com\/fi\/wp-json\/wp\/v2\/media?parent=321911"}],"wp:term":[{"taxonomy":"product_brand","embeddable":true,"href":"https:\/\/tpmadalina42.supserv.cozmoslabs.com\/fi\/wp-json\/wp\/v2\/product_brand?post=321911"},{"taxonomy":"product_cat","embeddable":true,"href":"https:\/\/tpmadalina42.supserv.cozmoslabs.com\/fi\/wp-json\/wp\/v2\/product_cat?post=321911"},{"taxonomy":"product_tag","embeddable":true,"href":"https:\/\/tpmadalina42.supserv.cozmoslabs.com\/fi\/wp-json\/wp\/v2\/product_tag?post=321911"}],"curies":[{"name":"wp","href":"https:\/\/api.w.org\/{rel}","templated":true}]}}