{"id":322039,"date":"2024-11-22T23:34:29","date_gmt":"2024-11-22T22:34:29","guid":{"rendered":"https:\/\/glandine.com\/product\/hugo-boss-blau-baumwolle-maenner-t-shirt\/"},"modified":"2024-11-30T15:10:05","modified_gmt":"2024-11-30T14:10:05","slug":"hugo-boss-blau-baumwolle-maenner-t-shirt","status":"publish","type":"product","link":"https:\/\/tpmadalina42.supserv.cozmoslabs.com\/fi\/tuote-2\/hugo-boss-blau-baumwolle-maenner-t-shirt\/","title":{"rendered":"Hugo Boss Blau Baumwolle M\u00e4nner T-Shirt"},"content":{"rendered":"<p>Werten Sie Ihre Freizeitgarderobe mit dem Inbegriff von l\u00e4ssigem Luxus auf. Dieses kurz\u00e4rmelige T-Shirt von Hugo Boss mit seiner taillierten Silhouette, dem auff\u00e4lligen Print und dem ikonischen Logo verk\u00f6rpert moderne Raffinesse. Es ist aus einer perfekten Mischung aus Baumwolle und Elastan gefertigt und bietet Komfort und Stretch f\u00fcr den anspruchsvollen Gentleman. Tauchen Sie ein in den tiefblauen Farbton f\u00fcr einen vielseitigen Stil, der sich durch schlichte Eleganz auszeichnet. Ein zeitloses St\u00fcck, das bei jedem Tragen Ihren tadellosen Geschmack unterstreicht.<\/p>\n<p>Material: 90% Baumwolle, 10% Elasthan<br \/>\nHerkunftsland: PK<br \/>\nV\u00e4ri: Sininen<\/p>","protected":false},"excerpt":{"rendered":"<p>Werten Sie Ihre Freizeitgarderobe mit dem Inbegriff von l\u00e4ssigem Luxus auf. Dieses kurz\u00e4rmelige T-Shirt von Hugo Boss mit seiner taillierten Silhouette, dem auff\u00e4lligen Print und dem ikonischen Logo verk\u00f6rpert moderne Raffinesse. Es ist aus einer perfekten Mischung aus Baumwolle und Elastan gefertigt und bietet Komfort und Stretch f\u00fcr den anspruchsvollen Gentleman. Tauchen Sie ein in [&hellip;]<\/p>","protected":false},"featured_media":322037,"template":"","meta":[],"product_brand":[2281],"product_cat":[1633,1623,1710],"product_tag":[],"class_list":{"0":"post-322039","1":"product","2":"type-product","3":"status-publish","4":"has-post-thumbnail","6":"product_brand-hugo-boss","7":"product_cat-maenner-kleidung","8":"product_cat-kleidung","9":"product_cat-t-shirts","11":"first","12":"instock","13":"sale","14":"taxable","15":"shipping-taxable","16":"purchasable","17":"product-type-variable"},"_links":{"self":[{"href":"https:\/\/tpmadalina42.supserv.cozmoslabs.com\/fi\/wp-json\/wp\/v2\/product\/322039","targetHints":{"allow":["GET"]}}],"collection":[{"href":"https:\/\/tpmadalina42.supserv.cozmoslabs.com\/fi\/wp-json\/wp\/v2\/product"}],"about":[{"href":"https:\/\/tpmadalina42.supserv.cozmoslabs.com\/fi\/wp-json\/wp\/v2\/types\/product"}],"wp:featuredmedia":[{"embeddable":true,"href":"https:\/\/tpmadalina42.supserv.cozmoslabs.com\/fi\/wp-json\/wp\/v2\/media\/322037"}],"wp:attachment":[{"href":"https:\/\/tpmadalina42.supserv.cozmoslabs.com\/fi\/wp-json\/wp\/v2\/media?parent=322039"}],"wp:term":[{"taxonomy":"product_brand","embeddable":true,"href":"https:\/\/tpmadalina42.supserv.cozmoslabs.com\/fi\/wp-json\/wp\/v2\/product_brand?post=322039"},{"taxonomy":"product_cat","embeddable":true,"href":"https:\/\/tpmadalina42.supserv.cozmoslabs.com\/fi\/wp-json\/wp\/v2\/product_cat?post=322039"},{"taxonomy":"product_tag","embeddable":true,"href":"https:\/\/tpmadalina42.supserv.cozmoslabs.com\/fi\/wp-json\/wp\/v2\/product_tag?post=322039"}],"curies":[{"name":"wp","href":"https:\/\/api.w.org\/{rel}","templated":true}]}}