{"id":322051,"date":"2024-11-22T23:35:24","date_gmt":"2024-11-22T22:35:24","guid":{"rendered":"https:\/\/glandine.com\/product\/hugo-boss-grauer-baumwollpullover-fuer-maenner\/"},"modified":"2024-11-30T15:10:17","modified_gmt":"2024-11-30T14:10:17","slug":"hugo-boss-grauer-baumwollpullover-fuer-maenner","status":"publish","type":"product","link":"https:\/\/tpmadalina42.supserv.cozmoslabs.com\/fi\/tuote-2\/hugo-boss-grauer-baumwollpullover-fuer-maenner\/","title":{"rendered":"Hugo Boss Grauer Baumwollpullover f\u00fcr M\u00e4nner"},"content":{"rendered":"<p>Dieses Sweatshirt von Hugo Boss ist eine perfekte Mischung aus Komfort und modischem Gesp\u00fcr f\u00fcr eleganten Stil. Dieses graue Fleece-Kapuzensweatshirt ist f\u00fcr den modernen Mann gemacht und bietet einen luxuri\u00f6sen, weichen Griff mit langen \u00c4rmeln, die f\u00fcr urbane Eleganz sorgen. Eine einzelne Tasche in der Mitte h\u00e4lt die wichtigsten Dinge griffbereit, w\u00e4hrend das ikonische Logo dem Sweatshirt einen Hauch von Designer-Appeal verleiht. <\/p>\n<p>Materiaali: 80% puuvilla, 20% polyesteri<br \/>\nAlkuper\u00e4maa: BD<br \/>\nV\u00e4ri: Harmaa<\/p>","protected":false},"excerpt":{"rendered":"<p>Dieses Sweatshirt von Hugo Boss ist eine perfekte Mischung aus Komfort und modischem Gesp\u00fcr f\u00fcr eleganten Stil. Dieses graue Fleece-Kapuzensweatshirt ist f\u00fcr den modernen Mann gemacht und bietet einen luxuri\u00f6sen, weichen Griff mit langen \u00c4rmeln, die f\u00fcr urbane Eleganz sorgen. Eine einzelne Tasche in der Mitte h\u00e4lt die wichtigsten Dinge griffbereit, w\u00e4hrend das ikonische Logo [&hellip;]<\/p>","protected":false},"featured_media":322049,"template":"","meta":[],"product_brand":[2281],"product_cat":[1633,1623],"product_tag":[],"class_list":{"0":"post-322051","1":"product","2":"type-product","3":"status-publish","4":"has-post-thumbnail","6":"product_brand-hugo-boss","7":"product_cat-maenner-kleidung","8":"product_cat-kleidung","10":"first","11":"instock","12":"sale","13":"taxable","14":"shipping-taxable","15":"purchasable","16":"product-type-variable"},"_links":{"self":[{"href":"https:\/\/tpmadalina42.supserv.cozmoslabs.com\/fi\/wp-json\/wp\/v2\/product\/322051","targetHints":{"allow":["GET"]}}],"collection":[{"href":"https:\/\/tpmadalina42.supserv.cozmoslabs.com\/fi\/wp-json\/wp\/v2\/product"}],"about":[{"href":"https:\/\/tpmadalina42.supserv.cozmoslabs.com\/fi\/wp-json\/wp\/v2\/types\/product"}],"wp:featuredmedia":[{"embeddable":true,"href":"https:\/\/tpmadalina42.supserv.cozmoslabs.com\/fi\/wp-json\/wp\/v2\/media\/322049"}],"wp:attachment":[{"href":"https:\/\/tpmadalina42.supserv.cozmoslabs.com\/fi\/wp-json\/wp\/v2\/media?parent=322051"}],"wp:term":[{"taxonomy":"product_brand","embeddable":true,"href":"https:\/\/tpmadalina42.supserv.cozmoslabs.com\/fi\/wp-json\/wp\/v2\/product_brand?post=322051"},{"taxonomy":"product_cat","embeddable":true,"href":"https:\/\/tpmadalina42.supserv.cozmoslabs.com\/fi\/wp-json\/wp\/v2\/product_cat?post=322051"},{"taxonomy":"product_tag","embeddable":true,"href":"https:\/\/tpmadalina42.supserv.cozmoslabs.com\/fi\/wp-json\/wp\/v2\/product_tag?post=322051"}],"curies":[{"name":"wp","href":"https:\/\/api.w.org\/{rel}","templated":true}]}}