{"id":322203,"date":"2024-11-22T23:43:09","date_gmt":"2024-11-22T22:43:09","guid":{"rendered":"https:\/\/glandine.com\/product\/u-s-polo-assn-graue-polyester-herren-sneaker-4\/"},"modified":"2024-12-12T02:59:56","modified_gmt":"2024-12-12T01:59:56","slug":"u-s-polo-assn-graue-polyester-herren-sneaker-4","status":"publish","type":"product","link":"https:\/\/tpmadalina42.supserv.cozmoslabs.com\/fi\/tuote-2\/u-s-polo-assn-graue-polyester-herren-sneaker-4\/","title":{"rendered":"U.S. POLO ASSN. Graue Polyester Herren Sneaker"},"content":{"rendered":"<p>Erh\u00f6hen Sie Ihr Streetwear-Spiel mit diesen tadellos gefertigten Sneakers von U.S. POLO ASSN. Die Schuhe vereinen sportliche Funktionalit\u00e4t mit schlichtem Design und verf\u00fcgen \u00fcber auff\u00e4llige Kontrastdetails, einen auff\u00e4lligen Print und das ikonische Logo, das daf\u00fcr sorgt, dass Ihre Schritte nicht nur bequem sind, sondern auch einen modischen Touch haben. Perfekt f\u00fcr urbane Entdecker und Stilbewusste gleicherma\u00dfen.<\/p>\n<p>Material: 50% Polyester, 50% Polyethylen<br \/>\nAlkuper\u00e4maa: CN<br \/>\nV\u00e4ri: Harmaa<\/p>","protected":false},"excerpt":{"rendered":"<p>Erh\u00f6hen Sie Ihr Streetwear-Spiel mit diesen tadellos gefertigten Sneakers von U.S. POLO ASSN. Die Schuhe vereinen sportliche Funktionalit\u00e4t mit schlichtem Design und verf\u00fcgen \u00fcber auff\u00e4llige Kontrastdetails, einen auff\u00e4lligen Print und das ikonische Logo, das daf\u00fcr sorgt, dass Ihre Schritte nicht nur bequem sind, sondern auch einen modischen Touch haben. Perfekt f\u00fcr urbane Entdecker und Stilbewusste [&hellip;]<\/p>","protected":false},"featured_media":322200,"template":"","meta":[],"product_brand":[2310],"product_cat":[1634,1624,1702],"product_tag":[],"class_list":{"0":"post-322203","1":"product","2":"type-product","3":"status-publish","4":"has-post-thumbnail","6":"product_brand-u-s-polo-assn","7":"product_cat-maenner-schuhe","8":"product_cat-schuhe","9":"product_cat-turnschuhe","11":"first","12":"instock","13":"sale","14":"taxable","15":"shipping-taxable","16":"purchasable","17":"product-type-variable"},"_links":{"self":[{"href":"https:\/\/tpmadalina42.supserv.cozmoslabs.com\/fi\/wp-json\/wp\/v2\/product\/322203","targetHints":{"allow":["GET"]}}],"collection":[{"href":"https:\/\/tpmadalina42.supserv.cozmoslabs.com\/fi\/wp-json\/wp\/v2\/product"}],"about":[{"href":"https:\/\/tpmadalina42.supserv.cozmoslabs.com\/fi\/wp-json\/wp\/v2\/types\/product"}],"wp:featuredmedia":[{"embeddable":true,"href":"https:\/\/tpmadalina42.supserv.cozmoslabs.com\/fi\/wp-json\/wp\/v2\/media\/322200"}],"wp:attachment":[{"href":"https:\/\/tpmadalina42.supserv.cozmoslabs.com\/fi\/wp-json\/wp\/v2\/media?parent=322203"}],"wp:term":[{"taxonomy":"product_brand","embeddable":true,"href":"https:\/\/tpmadalina42.supserv.cozmoslabs.com\/fi\/wp-json\/wp\/v2\/product_brand?post=322203"},{"taxonomy":"product_cat","embeddable":true,"href":"https:\/\/tpmadalina42.supserv.cozmoslabs.com\/fi\/wp-json\/wp\/v2\/product_cat?post=322203"},{"taxonomy":"product_tag","embeddable":true,"href":"https:\/\/tpmadalina42.supserv.cozmoslabs.com\/fi\/wp-json\/wp\/v2\/product_tag?post=322203"}],"curies":[{"name":"wp","href":"https:\/\/api.w.org\/{rel}","templated":true}]}}