{"id":322232,"date":"2024-11-22T23:44:32","date_gmt":"2024-11-22T22:44:32","guid":{"rendered":"https:\/\/glandine.com\/product\/tommy-hilfiger-weisses-leder-damen-sneaker-7\/"},"modified":"2024-11-30T15:28:42","modified_gmt":"2024-11-30T14:28:42","slug":"tommy-hilfiger-weisses-leder-damen-sneaker-7","status":"publish","type":"product","link":"https:\/\/tpmadalina42.supserv.cozmoslabs.com\/fi\/tuote-2\/tommy-hilfiger-weisses-leder-damen-sneaker-7\/","title":{"rendered":"Tommy Hilfiger Valkoinen nahka Naisten tennarit"},"content":{"rendered":"<p>Mit diesen Tommy Hilfiger Sneakers verleihen Sie Ihrer sportlich-schicken \u00c4sthetik einen eleganten Touch. Sie wurden unter dem Aspekt der Nachhaltigkeit gefertigt und vereinen Funktion und Mode. Die knackig wei\u00dfe Farbe ist mit kontrastierenden Details und dem unverkennbaren Tommy Hilfiger-Logo verziert. Sie sind f\u00fcr umweltbewusste Trendsetter gemacht &#8211; 50 % recyceltes Polyester trifft auf eine gemischte Materialzusammensetzung -, die mit einem leichten Fu\u00dfabdruck und unersch\u00fctterlichem Stil voranschreiten. Eine Verbeugung vor Komfort und Design &#8211; schn\u00fcren Sie die Schuhe und gehen Sie selbstbewusst aus dem Haus.<\/p>\n<p>Material: 20% Polyester, 60% Leder, 20% Polyethylen<br \/>\nAlkuper\u00e4maa: ID<br \/>\nV\u00e4ri: Valkoinen<\/p>","protected":false},"excerpt":{"rendered":"<p>Mit diesen Tommy Hilfiger Sneakers verleihen Sie Ihrer sportlich-schicken \u00c4sthetik einen eleganten Touch. Sie wurden unter dem Aspekt der Nachhaltigkeit gefertigt und vereinen Funktion und Mode. Die knackig wei\u00dfe Farbe ist mit kontrastierenden Details und dem unverkennbaren Tommy Hilfiger-Logo verziert. Sie sind f\u00fcr umweltbewusste Trendsetter gemacht &#8211; 50 % recyceltes Polyester trifft auf eine gemischte [&hellip;]<\/p>","protected":false},"featured_media":322229,"template":"","meta":[],"product_brand":[2177],"product_cat":[1635,1624,1703],"product_tag":[],"class_list":{"0":"post-322232","1":"product","2":"type-product","3":"status-publish","4":"has-post-thumbnail","6":"product_brand-tommy-hilfiger","7":"product_cat-frauen-schuhe","8":"product_cat-schuhe","9":"product_cat-turnschuhe-frauen-schuhe","11":"first","12":"instock","13":"sale","14":"taxable","15":"shipping-taxable","16":"purchasable","17":"product-type-variable"},"_links":{"self":[{"href":"https:\/\/tpmadalina42.supserv.cozmoslabs.com\/fi\/wp-json\/wp\/v2\/product\/322232","targetHints":{"allow":["GET"]}}],"collection":[{"href":"https:\/\/tpmadalina42.supserv.cozmoslabs.com\/fi\/wp-json\/wp\/v2\/product"}],"about":[{"href":"https:\/\/tpmadalina42.supserv.cozmoslabs.com\/fi\/wp-json\/wp\/v2\/types\/product"}],"wp:featuredmedia":[{"embeddable":true,"href":"https:\/\/tpmadalina42.supserv.cozmoslabs.com\/fi\/wp-json\/wp\/v2\/media\/322229"}],"wp:attachment":[{"href":"https:\/\/tpmadalina42.supserv.cozmoslabs.com\/fi\/wp-json\/wp\/v2\/media?parent=322232"}],"wp:term":[{"taxonomy":"product_brand","embeddable":true,"href":"https:\/\/tpmadalina42.supserv.cozmoslabs.com\/fi\/wp-json\/wp\/v2\/product_brand?post=322232"},{"taxonomy":"product_cat","embeddable":true,"href":"https:\/\/tpmadalina42.supserv.cozmoslabs.com\/fi\/wp-json\/wp\/v2\/product_cat?post=322232"},{"taxonomy":"product_tag","embeddable":true,"href":"https:\/\/tpmadalina42.supserv.cozmoslabs.com\/fi\/wp-json\/wp\/v2\/product_tag?post=322232"}],"curies":[{"name":"wp","href":"https:\/\/api.w.org\/{rel}","templated":true}]}}