{"id":322523,"date":"2024-11-23T00:01:53","date_gmt":"2024-11-22T23:01:53","guid":{"rendered":"https:\/\/glandine.com\/product\/napapijri-blaue-polyamid-herren-jacke-3\/"},"modified":"2024-12-10T02:41:24","modified_gmt":"2024-12-10T01:41:24","slug":"napapijri-blaue-polyamid-herren-jacke-3","status":"publish","type":"product","link":"https:\/\/tpmadalina42.supserv.cozmoslabs.com\/fi\/tuote-2\/napapijri-blaue-polyamid-herren-jacke-3\/","title":{"rendered":"Napapijri Blaue Polyamid Herren Jacke"},"content":{"rendered":"<p>Erleben Sie den Inbegriff von elegantem Stil mit der charakteristischen Langarmjacke von Napapijri, der ultimativen Erg\u00e4nzung f\u00fcr den modernen Trendsetter. Gefertigt aus hochwertigem 100% Polyamid, ist dieses blau get\u00f6nte Meisterwerk sowohl stilvoll als auch praktisch. Mit einem praktischen Rei\u00dfverschluss und dem kultigen Napapijri-Logo ist sie ein mutiges Statement in Sachen Mode und Funktion. Mit zwei Au\u00dfentaschen und zwei zus\u00e4tzlichen Innentaschen erf\u00fcllt sie die Bed\u00fcrfnisse des urbanen Menschen, der viel unterwegs ist.<\/p>\n<p>Materiaali: 100% polyamidi<br \/>\nAlkuper\u00e4maa: BD<br \/>\nV\u00e4ri: Sininen<\/p>","protected":false},"excerpt":{"rendered":"<p>Erleben Sie den Inbegriff von elegantem Stil mit der charakteristischen Langarmjacke von Napapijri, der ultimativen Erg\u00e4nzung f\u00fcr den modernen Trendsetter. Gefertigt aus hochwertigem 100% Polyamid, ist dieses blau get\u00f6nte Meisterwerk sowohl stilvoll als auch praktisch. Mit einem praktischen Rei\u00dfverschluss und dem kultigen Napapijri-Logo ist sie ein mutiges Statement in Sachen Mode und Funktion. Mit zwei [&hellip;]<\/p>","protected":false},"featured_media":322521,"template":"","meta":[],"product_brand":[2312],"product_cat":[1633,1669,1623],"product_tag":[],"class_list":{"0":"post-322523","1":"product","2":"type-product","3":"status-publish","4":"has-post-thumbnail","6":"product_brand-napapijri","7":"product_cat-maenner-kleidung","8":"product_cat-jacken","9":"product_cat-kleidung","11":"first","12":"instock","13":"sale","14":"taxable","15":"shipping-taxable","16":"purchasable","17":"product-type-variable"},"_links":{"self":[{"href":"https:\/\/tpmadalina42.supserv.cozmoslabs.com\/fi\/wp-json\/wp\/v2\/product\/322523","targetHints":{"allow":["GET"]}}],"collection":[{"href":"https:\/\/tpmadalina42.supserv.cozmoslabs.com\/fi\/wp-json\/wp\/v2\/product"}],"about":[{"href":"https:\/\/tpmadalina42.supserv.cozmoslabs.com\/fi\/wp-json\/wp\/v2\/types\/product"}],"wp:featuredmedia":[{"embeddable":true,"href":"https:\/\/tpmadalina42.supserv.cozmoslabs.com\/fi\/wp-json\/wp\/v2\/media\/322521"}],"wp:attachment":[{"href":"https:\/\/tpmadalina42.supserv.cozmoslabs.com\/fi\/wp-json\/wp\/v2\/media?parent=322523"}],"wp:term":[{"taxonomy":"product_brand","embeddable":true,"href":"https:\/\/tpmadalina42.supserv.cozmoslabs.com\/fi\/wp-json\/wp\/v2\/product_brand?post=322523"},{"taxonomy":"product_cat","embeddable":true,"href":"https:\/\/tpmadalina42.supserv.cozmoslabs.com\/fi\/wp-json\/wp\/v2\/product_cat?post=322523"},{"taxonomy":"product_tag","embeddable":true,"href":"https:\/\/tpmadalina42.supserv.cozmoslabs.com\/fi\/wp-json\/wp\/v2\/product_tag?post=322523"}],"curies":[{"name":"wp","href":"https:\/\/api.w.org\/{rel}","templated":true}]}}