{"id":322563,"date":"2024-11-23T00:04:04","date_gmt":"2024-11-22T23:04:04","guid":{"rendered":"https:\/\/glandine.com\/product\/napapijri-gruener-baumwollpullover-fuer-maenner-4\/"},"modified":"2024-12-12T03:00:20","modified_gmt":"2024-12-12T02:00:20","slug":"napapijri-gruener-baumwollpullover-fuer-maenner-4","status":"publish","type":"product","link":"https:\/\/tpmadalina42.supserv.cozmoslabs.com\/fi\/tuote-2\/napapijri-gruener-baumwollpullover-fuer-maenner-4\/","title":{"rendered":"Napapijri Gr\u00fcner Baumwollpullover f\u00fcr M\u00e4nner"},"content":{"rendered":"<p>Erleben Sie die perfekte Mischung aus Komfort und Stil mit diesem lang\u00e4rmeligen Sweatshirt von Napapijri. Es ist aus einer gem\u00fctlichen Mischung aus 80 % Baumwolle und 20 % Polyester gefertigt und bietet mit seiner normal geschnittenen Silhouette die ideale Balance zwischen entspannt und raffiniert. Der kr\u00e4ftige gr\u00fcne Farbton wird durch die ikonische Stickerei der Marke unterstrichen und verleiht ihm einen Hauch von Raffinesse. Der praktische Rei\u00dfverschluss sorgt daf\u00fcr, dass dieses St\u00fcck ebenso praktisch wie modisch ist.<\/p>\n<p>V\u00e4ri: Vihre\u00e4<br \/>\nMateriaali: 80% puuvilla, 20% polyesteri<br \/>\nAlkuper\u00e4maa: TR<br \/>\nMarke: Napapijri<\/p>","protected":false},"excerpt":{"rendered":"<p>Erleben Sie die perfekte Mischung aus Komfort und Stil mit diesem lang\u00e4rmeligen Sweatshirt von Napapijri. Es ist aus einer gem\u00fctlichen Mischung aus 80 % Baumwolle und 20 % Polyester gefertigt und bietet mit seiner normal geschnittenen Silhouette die ideale Balance zwischen entspannt und raffiniert. Der kr\u00e4ftige gr\u00fcne Farbton wird durch die ikonische Stickerei der Marke [&hellip;]<\/p>","protected":false},"featured_media":322561,"template":"","meta":[],"product_brand":[2312],"product_cat":[1633,1623],"product_tag":[],"class_list":{"0":"post-322563","1":"product","2":"type-product","3":"status-publish","4":"has-post-thumbnail","6":"product_brand-napapijri","7":"product_cat-maenner-kleidung","8":"product_cat-kleidung","10":"first","11":"instock","12":"sale","13":"taxable","14":"shipping-taxable","15":"purchasable","16":"product-type-variable"},"_links":{"self":[{"href":"https:\/\/tpmadalina42.supserv.cozmoslabs.com\/fi\/wp-json\/wp\/v2\/product\/322563","targetHints":{"allow":["GET"]}}],"collection":[{"href":"https:\/\/tpmadalina42.supserv.cozmoslabs.com\/fi\/wp-json\/wp\/v2\/product"}],"about":[{"href":"https:\/\/tpmadalina42.supserv.cozmoslabs.com\/fi\/wp-json\/wp\/v2\/types\/product"}],"wp:featuredmedia":[{"embeddable":true,"href":"https:\/\/tpmadalina42.supserv.cozmoslabs.com\/fi\/wp-json\/wp\/v2\/media\/322561"}],"wp:attachment":[{"href":"https:\/\/tpmadalina42.supserv.cozmoslabs.com\/fi\/wp-json\/wp\/v2\/media?parent=322563"}],"wp:term":[{"taxonomy":"product_brand","embeddable":true,"href":"https:\/\/tpmadalina42.supserv.cozmoslabs.com\/fi\/wp-json\/wp\/v2\/product_brand?post=322563"},{"taxonomy":"product_cat","embeddable":true,"href":"https:\/\/tpmadalina42.supserv.cozmoslabs.com\/fi\/wp-json\/wp\/v2\/product_cat?post=322563"},{"taxonomy":"product_tag","embeddable":true,"href":"https:\/\/tpmadalina42.supserv.cozmoslabs.com\/fi\/wp-json\/wp\/v2\/product_tag?post=322563"}],"curies":[{"name":"wp","href":"https:\/\/api.w.org\/{rel}","templated":true}]}}