{"id":323617,"date":"2024-11-23T01:06:37","date_gmt":"2024-11-23T00:06:37","guid":{"rendered":"https:\/\/glandine.com\/product\/tommy-hilfiger-elegantes-kartenetui-aus-schwarzem-leder-mit-kontrastierendem-detail\/"},"modified":"2024-12-13T05:40:16","modified_gmt":"2024-12-13T04:40:16","slug":"tommy-hilfiger-elegantes-kartenetui-aus-schwarzem-leder-mit-kontrastierendem-detail","status":"publish","type":"product","link":"https:\/\/tpmadalina42.supserv.cozmoslabs.com\/fi\/tuote-2\/tommy-hilfiger-elegantes-kartenetui-aus-schwarzem-leder-mit-kontrastierendem-detail\/","title":{"rendered":"Tommy Hilfiger Elegantes Kartenetui aus schwarzem Leder mit kontrastierendem Detail"},"content":{"rendered":"<p>Bleiben Sie organisiert und stilvoll mit diesem eleganten schwarzen Leder-Kartenhalter von Tommy Hilfiger. Es wurde f\u00fcr den modernen Mann entworfen und verf\u00fcgt \u00fcber kontrastierende Details und das ikonische Logo f\u00fcr einen Hauch von Luxus. Ideal, um Platz zu sparen und gleichzeitig Ihre wichtigsten Karten in Reichweite zu haben.<\/p>\n<ul>\n<li>Materiaali: 100% nahka<\/li>\n<li>Herkunftsland: KH<\/li>\n<li>V\u00e4ri: Musta<\/li>\n<\/ul>","protected":false},"excerpt":{"rendered":"<p>Bleiben Sie organisiert und stilvoll mit diesem eleganten schwarzen Leder-Kartenhalter von Tommy Hilfiger. Es wurde f\u00fcr den modernen Mann entworfen und verf\u00fcgt \u00fcber kontrastierende Details und das ikonische Logo f\u00fcr einen Hauch von Luxus. Ideal, um Platz zu sparen und gleichzeitig Ihre wichtigsten Karten in Reichweite zu haben. Material: 100% Leder Herkunftsland: KH Farbe: Schwarz<\/p>","protected":false},"featured_media":323614,"template":"","meta":[],"product_brand":[2177],"product_cat":[1721,1629],"product_tag":[],"class_list":{"0":"post-323617","1":"product","2":"type-product","3":"status-publish","4":"has-post-thumbnail","6":"product_brand-tommy-hilfiger","7":"product_cat-geldboersen","8":"product_cat-maenner","10":"first","11":"instock","12":"sale","13":"taxable","14":"shipping-taxable","15":"purchasable","16":"product-type-simple"},"_links":{"self":[{"href":"https:\/\/tpmadalina42.supserv.cozmoslabs.com\/fi\/wp-json\/wp\/v2\/product\/323617","targetHints":{"allow":["GET"]}}],"collection":[{"href":"https:\/\/tpmadalina42.supserv.cozmoslabs.com\/fi\/wp-json\/wp\/v2\/product"}],"about":[{"href":"https:\/\/tpmadalina42.supserv.cozmoslabs.com\/fi\/wp-json\/wp\/v2\/types\/product"}],"wp:featuredmedia":[{"embeddable":true,"href":"https:\/\/tpmadalina42.supserv.cozmoslabs.com\/fi\/wp-json\/wp\/v2\/media\/323614"}],"wp:attachment":[{"href":"https:\/\/tpmadalina42.supserv.cozmoslabs.com\/fi\/wp-json\/wp\/v2\/media?parent=323617"}],"wp:term":[{"taxonomy":"product_brand","embeddable":true,"href":"https:\/\/tpmadalina42.supserv.cozmoslabs.com\/fi\/wp-json\/wp\/v2\/product_brand?post=323617"},{"taxonomy":"product_cat","embeddable":true,"href":"https:\/\/tpmadalina42.supserv.cozmoslabs.com\/fi\/wp-json\/wp\/v2\/product_cat?post=323617"},{"taxonomy":"product_tag","embeddable":true,"href":"https:\/\/tpmadalina42.supserv.cozmoslabs.com\/fi\/wp-json\/wp\/v2\/product_tag?post=323617"}],"curies":[{"name":"wp","href":"https:\/\/api.w.org\/{rel}","templated":true}]}}