{"id":323654,"date":"2024-11-23T01:10:26","date_gmt":"2024-11-23T00:10:26","guid":{"rendered":"https:\/\/glandine.com\/product\/tommy-hilfiger-elegantes-portemonnaie-aus-schwarzem-leder-fuer-den-modernen-mann\/"},"modified":"2024-12-13T05:41:09","modified_gmt":"2024-12-13T04:41:09","slug":"tommy-hilfiger-elegantes-portemonnaie-aus-schwarzem-leder-fuer-den-modernen-mann","status":"publish","type":"product","link":"https:\/\/tpmadalina42.supserv.cozmoslabs.com\/fi\/tuote-2\/tommy-hilfiger-elegantes-portemonnaie-aus-schwarzem-leder-fuer-den-modernen-mann\/","title":{"rendered":"Tommy Hilfiger Elegantes Portemonnaie aus schwarzem Leder f\u00fcr den modernen Mann"},"content":{"rendered":"<p>Entdecken Sie den Inbegriff von Funktionalit\u00e4t und Stil in dieser Tommy Hilfiger Geldb\u00f6rse, die genau f\u00fcr den Gentleman entworfen wurde, der Finesse zu sch\u00e4tzen wei\u00df. Das Portemonnaie verf\u00fcgt \u00fcber zwei ger\u00e4umige F\u00e4cher, in denen Sie Ihre Geldscheine ordentlich aufbewahren k\u00f6nnen, ein integriertes M\u00fcnzfach f\u00fcr Ihr Kleingeld und reichlich Steckpl\u00e4tze f\u00fcr alle wichtigen Karten. Mit dem ikonischen Logo akzentuiert, bewahrt dieses Portemonnaie nicht nur Ihre Wertsachen auf, sondern hebt auch Ihren Style-Quotienten.<\/p>\n<ul>\n<li>Materiaali: 100% nahka<\/li>\n<li>Herkunftsland: KH<\/li>\n<li>V\u00e4ri: Musta<\/li>\n<\/ul>","protected":false},"excerpt":{"rendered":"<p>Entdecken Sie den Inbegriff von Funktionalit\u00e4t und Stil in dieser Tommy Hilfiger Geldb\u00f6rse, die genau f\u00fcr den Gentleman entworfen wurde, der Finesse zu sch\u00e4tzen wei\u00df. Das Portemonnaie verf\u00fcgt \u00fcber zwei ger\u00e4umige F\u00e4cher, in denen Sie Ihre Geldscheine ordentlich aufbewahren k\u00f6nnen, ein integriertes M\u00fcnzfach f\u00fcr Ihr Kleingeld und reichlich Steckpl\u00e4tze f\u00fcr alle wichtigen Karten. Mit dem [&hellip;]<\/p>","protected":false},"featured_media":323651,"template":"","meta":[],"product_brand":[2177],"product_cat":[1721,1629],"product_tag":[],"class_list":{"0":"post-323654","1":"product","2":"type-product","3":"status-publish","4":"has-post-thumbnail","6":"product_brand-tommy-hilfiger","7":"product_cat-geldboersen","8":"product_cat-maenner","10":"first","11":"instock","12":"sale","13":"taxable","14":"shipping-taxable","15":"purchasable","16":"product-type-simple"},"_links":{"self":[{"href":"https:\/\/tpmadalina42.supserv.cozmoslabs.com\/fi\/wp-json\/wp\/v2\/product\/323654","targetHints":{"allow":["GET"]}}],"collection":[{"href":"https:\/\/tpmadalina42.supserv.cozmoslabs.com\/fi\/wp-json\/wp\/v2\/product"}],"about":[{"href":"https:\/\/tpmadalina42.supserv.cozmoslabs.com\/fi\/wp-json\/wp\/v2\/types\/product"}],"wp:featuredmedia":[{"embeddable":true,"href":"https:\/\/tpmadalina42.supserv.cozmoslabs.com\/fi\/wp-json\/wp\/v2\/media\/323651"}],"wp:attachment":[{"href":"https:\/\/tpmadalina42.supserv.cozmoslabs.com\/fi\/wp-json\/wp\/v2\/media?parent=323654"}],"wp:term":[{"taxonomy":"product_brand","embeddable":true,"href":"https:\/\/tpmadalina42.supserv.cozmoslabs.com\/fi\/wp-json\/wp\/v2\/product_brand?post=323654"},{"taxonomy":"product_cat","embeddable":true,"href":"https:\/\/tpmadalina42.supserv.cozmoslabs.com\/fi\/wp-json\/wp\/v2\/product_cat?post=323654"},{"taxonomy":"product_tag","embeddable":true,"href":"https:\/\/tpmadalina42.supserv.cozmoslabs.com\/fi\/wp-json\/wp\/v2\/product_tag?post=323654"}],"curies":[{"name":"wp","href":"https:\/\/api.w.org\/{rel}","templated":true}]}}