{"id":323942,"date":"2024-11-23T01:34:05","date_gmt":"2024-11-23T00:34:05","guid":{"rendered":"https:\/\/glandine.com\/product\/calvin-klein-glattes-sweatshirt-mit-kapuze-aus-bio-baumwolle\/"},"modified":"2024-12-12T10:44:33","modified_gmt":"2024-12-12T09:44:33","slug":"calvin-klein-glattes-sweatshirt-mit-kapuze-aus-bio-baumwolle","status":"publish","type":"product","link":"https:\/\/tpmadalina42.supserv.cozmoslabs.com\/fi\/tuote-2\/calvin-klein-glattes-sweatshirt-mit-kapuze-aus-bio-baumwolle\/","title":{"rendered":"Calvin Klein Glattes Sweatshirt mit Kapuze aus Bio-Baumwolle"},"content":{"rendered":"<p>Entdecken Sie den m\u00fchelosen Stil und Komfort dieses eleganten Sweatshirts mit Kapuze, das f\u00fcr die moderne Garderobe entworfen wurde. Es wurde von Calvin Klein aus 100 % Bio-Baumwolle gefertigt und verf\u00fcgt \u00fcber eine kuschelige Fleece-Innenseite, eine praktische Tasche in der Mitte und markante Kontrastdetails. Der einzigartige Mix aus Druck und Stickerei, verziert mit dem kultigen Logo, verleiht Ihren l\u00e4ssigen Ensembles einen Hauch von Raffinesse.<\/p>\n<ul>\n<li>Material: 100% Bio-Baumwolle<\/li>\n<li>V\u00e4ri: Musta<\/li>\n<li>Alkuper\u00e4maa: PT<\/li>\n<\/ul>","protected":false},"excerpt":{"rendered":"<p>Entdecken Sie den m\u00fchelosen Stil und Komfort dieses eleganten Sweatshirts mit Kapuze, das f\u00fcr die moderne Garderobe entworfen wurde. Es wurde von Calvin Klein aus 100 % Bio-Baumwolle gefertigt und verf\u00fcgt \u00fcber eine kuschelige Fleece-Innenseite, eine praktische Tasche in der Mitte und markante Kontrastdetails. Der einzigartige Mix aus Druck und Stickerei, verziert mit dem kultigen [&hellip;]<\/p>","protected":false},"featured_media":323940,"template":"","meta":[],"product_brand":[2188],"product_cat":[1633,1623],"product_tag":[],"class_list":{"0":"post-323942","1":"product","2":"type-product","3":"status-publish","4":"has-post-thumbnail","6":"product_brand-calvin-klein","7":"product_cat-maenner-kleidung","8":"product_cat-kleidung","10":"first","11":"instock","12":"sale","13":"taxable","14":"shipping-taxable","15":"purchasable","16":"product-type-variable"},"_links":{"self":[{"href":"https:\/\/tpmadalina42.supserv.cozmoslabs.com\/fi\/wp-json\/wp\/v2\/product\/323942","targetHints":{"allow":["GET"]}}],"collection":[{"href":"https:\/\/tpmadalina42.supserv.cozmoslabs.com\/fi\/wp-json\/wp\/v2\/product"}],"about":[{"href":"https:\/\/tpmadalina42.supserv.cozmoslabs.com\/fi\/wp-json\/wp\/v2\/types\/product"}],"wp:featuredmedia":[{"embeddable":true,"href":"https:\/\/tpmadalina42.supserv.cozmoslabs.com\/fi\/wp-json\/wp\/v2\/media\/323940"}],"wp:attachment":[{"href":"https:\/\/tpmadalina42.supserv.cozmoslabs.com\/fi\/wp-json\/wp\/v2\/media?parent=323942"}],"wp:term":[{"taxonomy":"product_brand","embeddable":true,"href":"https:\/\/tpmadalina42.supserv.cozmoslabs.com\/fi\/wp-json\/wp\/v2\/product_brand?post=323942"},{"taxonomy":"product_cat","embeddable":true,"href":"https:\/\/tpmadalina42.supserv.cozmoslabs.com\/fi\/wp-json\/wp\/v2\/product_cat?post=323942"},{"taxonomy":"product_tag","embeddable":true,"href":"https:\/\/tpmadalina42.supserv.cozmoslabs.com\/fi\/wp-json\/wp\/v2\/product_tag?post=323942"}],"curies":[{"name":"wp","href":"https:\/\/api.w.org\/{rel}","templated":true}]}}