{"id":324246,"date":"2024-11-23T01:51:45","date_gmt":"2024-11-23T00:51:45","guid":{"rendered":"https:\/\/glandine.com\/product\/calvin-klein-umweltbewusster-schicker-rucksack-mit-schlankem-design\/"},"modified":"2024-11-30T16:51:15","modified_gmt":"2024-11-30T15:51:15","slug":"calvin-klein-umweltbewusster-schicker-rucksack-mit-schlankem-design","status":"publish","type":"product","link":"https:\/\/tpmadalina42.supserv.cozmoslabs.com\/fi\/tuote-2\/calvin-klein-umweltbewusster-schicker-rucksack-mit-schlankem-design\/","title":{"rendered":"Calvin Klein Umweltbewusster, schicker Rucksack mit schlankem Design"},"content":{"rendered":"<p>Erweitern Sie Ihre Accessoires mit dem Calvin Klein Rucksack, bei dem Funktionalit\u00e4t auf umweltfreundliche Mode trifft. Dieser Rucksack wurde f\u00fcr den modernen Gro\u00dfst\u00e4dter entworfen und verf\u00fcgt \u00fcber einen Hauptgriff, bequem verstellbare Tr\u00e4ger und mehrere F\u00e4cher f\u00fcr eine optimale Organisation. Eine Au\u00dfentasche auf der Vorderseite bietet schnellen Zugriff, w\u00e4hrend ein Laptopfach und eine zus\u00e4tzliche Innentasche Ihre wichtigsten Dinge sicher aufbewahren. Die stilvollen kontrastierenden Details, der sichere Rei\u00dfverschluss und das charakteristische Logo verleihen dem Rucksack einen raffinierten Touch und machen ihn zu mehr als nur einem Gebrauchsgegenstand. Sie besteht zu 50 % aus recyceltem Polyester und ist damit eine umweltfreundliche Wahl.<\/p>\n<ul>\n<li>Material: 51% Polyester, 49% Polyethylen<\/li>\n<li>Alkuper\u00e4maa: CN<\/li>\n<li>V\u00e4ri: Musta<\/li>\n<\/ul>","protected":false},"excerpt":{"rendered":"<p>Erweitern Sie Ihre Accessoires mit dem Calvin Klein Rucksack, bei dem Funktionalit\u00e4t auf umweltfreundliche Mode trifft. Dieser Rucksack wurde f\u00fcr den modernen Gro\u00dfst\u00e4dter entworfen und verf\u00fcgt \u00fcber einen Hauptgriff, bequem verstellbare Tr\u00e4ger und mehrere F\u00e4cher f\u00fcr eine optimale Organisation. Eine Au\u00dfentasche auf der Vorderseite bietet schnellen Zugriff, w\u00e4hrend ein Laptopfach und eine zus\u00e4tzliche Innentasche Ihre [&hellip;]<\/p>","protected":false},"featured_media":324243,"template":"","meta":[],"product_brand":[2188],"product_cat":[1629,1725],"product_tag":[],"class_list":{"0":"post-324246","1":"product","2":"type-product","3":"status-publish","4":"has-post-thumbnail","6":"product_brand-calvin-klein","7":"product_cat-maenner","8":"product_cat-rucksaecke","10":"first","11":"instock","12":"sale","13":"taxable","14":"shipping-taxable","15":"purchasable","16":"product-type-simple"},"_links":{"self":[{"href":"https:\/\/tpmadalina42.supserv.cozmoslabs.com\/fi\/wp-json\/wp\/v2\/product\/324246","targetHints":{"allow":["GET"]}}],"collection":[{"href":"https:\/\/tpmadalina42.supserv.cozmoslabs.com\/fi\/wp-json\/wp\/v2\/product"}],"about":[{"href":"https:\/\/tpmadalina42.supserv.cozmoslabs.com\/fi\/wp-json\/wp\/v2\/types\/product"}],"wp:featuredmedia":[{"embeddable":true,"href":"https:\/\/tpmadalina42.supserv.cozmoslabs.com\/fi\/wp-json\/wp\/v2\/media\/324243"}],"wp:attachment":[{"href":"https:\/\/tpmadalina42.supserv.cozmoslabs.com\/fi\/wp-json\/wp\/v2\/media?parent=324246"}],"wp:term":[{"taxonomy":"product_brand","embeddable":true,"href":"https:\/\/tpmadalina42.supserv.cozmoslabs.com\/fi\/wp-json\/wp\/v2\/product_brand?post=324246"},{"taxonomy":"product_cat","embeddable":true,"href":"https:\/\/tpmadalina42.supserv.cozmoslabs.com\/fi\/wp-json\/wp\/v2\/product_cat?post=324246"},{"taxonomy":"product_tag","embeddable":true,"href":"https:\/\/tpmadalina42.supserv.cozmoslabs.com\/fi\/wp-json\/wp\/v2\/product_tag?post=324246"}],"curies":[{"name":"wp","href":"https:\/\/api.w.org\/{rel}","templated":true}]}}