{"id":324310,"date":"2024-11-23T01:57:49","date_gmt":"2024-11-23T00:57:49","guid":{"rendered":"https:\/\/glandine.com\/product\/calvin-klein-elegantes-schwarzes-portemonnaie-mit-rfid-blockierung\/"},"modified":"2024-11-30T16:55:14","modified_gmt":"2024-11-30T15:55:14","slug":"calvin-klein-elegantes-schwarzes-portemonnaie-mit-rfid-blockierung","status":"publish","type":"product","link":"https:\/\/tpmadalina42.supserv.cozmoslabs.com\/fi\/tuote-2\/calvin-klein-elegantes-schwarzes-portemonnaie-mit-rfid-blockierung\/","title":{"rendered":"Calvin Klein Elegantes schwarzes Portemonnaie mit RFID-Blockierung"},"content":{"rendered":"<p>Entdecken Sie den Inbegriff von Eleganz mit einem Calvin Klein Portemonnaie, in dem Sie Ihre wichtigsten Dinge stilvoll aufbewahren k\u00f6nnen. Mit zwei Hauptf\u00e4chern f\u00fcr die Organisation, einem M\u00fcnzfach f\u00fcr Ihr Kleingeld und reichlich Platz f\u00fcr Ihre Karten verbindet dieses Portemonnaie Funktionalit\u00e4t mit Mode. Die fortschrittliche RFID-Blockierungstechnologie sorgt daf\u00fcr, dass Ihre pers\u00f6nlichen Daten sicher sind, w\u00e4hrend der Rei\u00dfverschluss daf\u00fcr sorgt, dass alles an seinem Platz bleibt. Ein abnehmbarer langer Griff sorgt f\u00fcr Vielseitigkeit, und die dezente Logoplatzierung zeugt von unaufdringlichem Luxus. Dieses Accessoire ist aus recyceltem Polyester gefertigt und unterstreicht Ihr Engagement f\u00fcr einen nachhaltigen Stil.<\/p>\n<ul>\n<li>Material: 51% Polyester, 49% Polyethylen<\/li>\n<li>Alkuper\u00e4maa: CN<\/li>\n<li>V\u00e4ri: Musta<\/li>\n<\/ul>","protected":false},"excerpt":{"rendered":"<p>Entdecken Sie den Inbegriff von Eleganz mit einem Calvin Klein Portemonnaie, in dem Sie Ihre wichtigsten Dinge stilvoll aufbewahren k\u00f6nnen. Mit zwei Hauptf\u00e4chern f\u00fcr die Organisation, einem M\u00fcnzfach f\u00fcr Ihr Kleingeld und reichlich Platz f\u00fcr Ihre Karten verbindet dieses Portemonnaie Funktionalit\u00e4t mit Mode. Die fortschrittliche RFID-Blockierungstechnologie sorgt daf\u00fcr, dass Ihre pers\u00f6nlichen Daten sicher sind, w\u00e4hrend [&hellip;]<\/p>","protected":false},"featured_media":324307,"template":"","meta":[],"product_brand":[2188],"product_cat":[1630,1722],"product_tag":[],"class_list":{"0":"post-324310","1":"product","2":"type-product","3":"status-publish","4":"has-post-thumbnail","6":"product_brand-calvin-klein","7":"product_cat-frauen","8":"product_cat-geldboersen-frauen","10":"first","11":"instock","12":"sale","13":"taxable","14":"shipping-taxable","15":"purchasable","16":"product-type-simple"},"_links":{"self":[{"href":"https:\/\/tpmadalina42.supserv.cozmoslabs.com\/fi\/wp-json\/wp\/v2\/product\/324310","targetHints":{"allow":["GET"]}}],"collection":[{"href":"https:\/\/tpmadalina42.supserv.cozmoslabs.com\/fi\/wp-json\/wp\/v2\/product"}],"about":[{"href":"https:\/\/tpmadalina42.supserv.cozmoslabs.com\/fi\/wp-json\/wp\/v2\/types\/product"}],"wp:featuredmedia":[{"embeddable":true,"href":"https:\/\/tpmadalina42.supserv.cozmoslabs.com\/fi\/wp-json\/wp\/v2\/media\/324307"}],"wp:attachment":[{"href":"https:\/\/tpmadalina42.supserv.cozmoslabs.com\/fi\/wp-json\/wp\/v2\/media?parent=324310"}],"wp:term":[{"taxonomy":"product_brand","embeddable":true,"href":"https:\/\/tpmadalina42.supserv.cozmoslabs.com\/fi\/wp-json\/wp\/v2\/product_brand?post=324310"},{"taxonomy":"product_cat","embeddable":true,"href":"https:\/\/tpmadalina42.supserv.cozmoslabs.com\/fi\/wp-json\/wp\/v2\/product_cat?post=324310"},{"taxonomy":"product_tag","embeddable":true,"href":"https:\/\/tpmadalina42.supserv.cozmoslabs.com\/fi\/wp-json\/wp\/v2\/product_tag?post=324310"}],"curies":[{"name":"wp","href":"https:\/\/api.w.org\/{rel}","templated":true}]}}