{"id":324322,"date":"2024-11-23T01:58:57","date_gmt":"2024-11-23T00:58:57","guid":{"rendered":"https:\/\/glandine.com\/product\/calvin-klein-elegantes-portemonnaie-aus-schwarzem-leder-mit-kontrastierenden-details\/"},"modified":"2024-11-30T16:55:26","modified_gmt":"2024-11-30T15:55:26","slug":"calvin-klein-elegantes-portemonnaie-aus-schwarzem-leder-mit-kontrastierenden-details","status":"publish","type":"product","link":"https:\/\/tpmadalina42.supserv.cozmoslabs.com\/fi\/tuote-2\/calvin-klein-elegantes-portemonnaie-aus-schwarzem-leder-mit-kontrastierenden-details\/","title":{"rendered":"Calvin Klein Elegantes Portemonnaie aus schwarzem Leder mit kontrastierenden Details"},"content":{"rendered":"<p>Erleben Sie die perfekte Mischung aus Funktionalit\u00e4t und Stil mit dieser raffinierten schwarzen Ledergeldb\u00f6rse. Dieses Portemonnaie wurde f\u00fcr den anspruchsvollen Gentleman entworfen und verf\u00fcgt \u00fcber zwei Kartenf\u00e4cher und auff\u00e4llige Kontrastdetails. Sie verbindet nahtlos Funktionalit\u00e4t mit der eleganten, minimalistischen \u00c4sthetik, f\u00fcr die Calvin Klein bekannt ist.<\/p>\n<ul>\n<li>Materiaali: 100% nahka<\/li>\n<li>Herkunftsland: KH<\/li>\n<li>V\u00e4ri: Musta<\/li>\n<\/ul>","protected":false},"excerpt":{"rendered":"<p>Erleben Sie die perfekte Mischung aus Funktionalit\u00e4t und Stil mit dieser raffinierten schwarzen Ledergeldb\u00f6rse. Dieses Portemonnaie wurde f\u00fcr den anspruchsvollen Gentleman entworfen und verf\u00fcgt \u00fcber zwei Kartenf\u00e4cher und auff\u00e4llige Kontrastdetails. Sie verbindet nahtlos Funktionalit\u00e4t mit der eleganten, minimalistischen \u00c4sthetik, f\u00fcr die Calvin Klein bekannt ist. Material: 100% Leder Herkunftsland: KH Farbe: Schwarz<\/p>","protected":false},"featured_media":324319,"template":"","meta":[],"product_brand":[2188],"product_cat":[1721,1629],"product_tag":[],"class_list":{"0":"post-324322","1":"product","2":"type-product","3":"status-publish","4":"has-post-thumbnail","6":"product_brand-calvin-klein","7":"product_cat-geldboersen","8":"product_cat-maenner","10":"first","11":"instock","12":"sale","13":"taxable","14":"shipping-taxable","15":"purchasable","16":"product-type-simple"},"_links":{"self":[{"href":"https:\/\/tpmadalina42.supserv.cozmoslabs.com\/fi\/wp-json\/wp\/v2\/product\/324322","targetHints":{"allow":["GET"]}}],"collection":[{"href":"https:\/\/tpmadalina42.supserv.cozmoslabs.com\/fi\/wp-json\/wp\/v2\/product"}],"about":[{"href":"https:\/\/tpmadalina42.supserv.cozmoslabs.com\/fi\/wp-json\/wp\/v2\/types\/product"}],"wp:featuredmedia":[{"embeddable":true,"href":"https:\/\/tpmadalina42.supserv.cozmoslabs.com\/fi\/wp-json\/wp\/v2\/media\/324319"}],"wp:attachment":[{"href":"https:\/\/tpmadalina42.supserv.cozmoslabs.com\/fi\/wp-json\/wp\/v2\/media?parent=324322"}],"wp:term":[{"taxonomy":"product_brand","embeddable":true,"href":"https:\/\/tpmadalina42.supserv.cozmoslabs.com\/fi\/wp-json\/wp\/v2\/product_brand?post=324322"},{"taxonomy":"product_cat","embeddable":true,"href":"https:\/\/tpmadalina42.supserv.cozmoslabs.com\/fi\/wp-json\/wp\/v2\/product_cat?post=324322"},{"taxonomy":"product_tag","embeddable":true,"href":"https:\/\/tpmadalina42.supserv.cozmoslabs.com\/fi\/wp-json\/wp\/v2\/product_tag?post=324322"}],"curies":[{"name":"wp","href":"https:\/\/api.w.org\/{rel}","templated":true}]}}