{"id":324394,"date":"2024-11-23T02:06:20","date_gmt":"2024-11-23T01:06:20","guid":{"rendered":"https:\/\/glandine.com\/product\/calvin-klein-elegantes-rfid-gesichertes-portemonnaie-mit-umlaufendem-reissverschluss\/"},"modified":"2024-12-10T06:54:06","modified_gmt":"2024-12-10T05:54:06","slug":"calvin-klein-elegantes-rfid-gesichertes-portemonnaie-mit-umlaufendem-reissverschluss","status":"publish","type":"product","link":"https:\/\/tpmadalina42.supserv.cozmoslabs.com\/fi\/tuote-2\/calvin-klein-elegantes-rfid-gesichertes-portemonnaie-mit-umlaufendem-reissverschluss\/","title":{"rendered":"Calvin Klein Elegantes RFID-gesichertes Portemonnaie mit umlaufendem Rei\u00dfverschluss"},"content":{"rendered":"<p>Diese raffinierte Calvin Klein Brieftasche ist f\u00fcr Menschen gedacht, die sowohl Sicherheit als auch Stil zu sch\u00e4tzen wissen. Mit ihrer fortschrittlichen RFID-Blockierungstechnologie h\u00e4lt sie Ihre pers\u00f6nlichen Gegenst\u00e4nde organisiert und sicher. Das Portemonnaie verf\u00fcgt \u00fcber vier F\u00e4cher, ein spezielles M\u00fcnzfach, reichlich Platz f\u00fcr Karten und kontrastierende Details f\u00fcr einen Hauch von Eleganz. Der schlichte schwarze Farbton ist vielseitig und passt zu jedem Look, w\u00e4hrend der Mix aus recyceltem Polyester eine bewusste Note in Ihre Modeauswahl bringt.<\/p>\n<ul>\n<li>Material: 51% Polyester, 49% Polyethylen<\/li>\n<li>Alkuper\u00e4maa: CN<\/li>\n<li>V\u00e4ri: Musta<\/li>\n<\/ul>","protected":false},"excerpt":{"rendered":"<p>Diese raffinierte Calvin Klein Brieftasche ist f\u00fcr Menschen gedacht, die sowohl Sicherheit als auch Stil zu sch\u00e4tzen wissen. Mit ihrer fortschrittlichen RFID-Blockierungstechnologie h\u00e4lt sie Ihre pers\u00f6nlichen Gegenst\u00e4nde organisiert und sicher. Das Portemonnaie verf\u00fcgt \u00fcber vier F\u00e4cher, ein spezielles M\u00fcnzfach, reichlich Platz f\u00fcr Karten und kontrastierende Details f\u00fcr einen Hauch von Eleganz. Der schlichte schwarze Farbton [&hellip;]<\/p>","protected":false},"featured_media":324391,"template":"","meta":[],"product_brand":[2188],"product_cat":[1630,1722],"product_tag":[],"class_list":{"0":"post-324394","1":"product","2":"type-product","3":"status-publish","4":"has-post-thumbnail","6":"product_brand-calvin-klein","7":"product_cat-frauen","8":"product_cat-geldboersen-frauen","10":"first","11":"instock","12":"sale","13":"taxable","14":"shipping-taxable","15":"purchasable","16":"product-type-simple"},"_links":{"self":[{"href":"https:\/\/tpmadalina42.supserv.cozmoslabs.com\/fi\/wp-json\/wp\/v2\/product\/324394","targetHints":{"allow":["GET"]}}],"collection":[{"href":"https:\/\/tpmadalina42.supserv.cozmoslabs.com\/fi\/wp-json\/wp\/v2\/product"}],"about":[{"href":"https:\/\/tpmadalina42.supserv.cozmoslabs.com\/fi\/wp-json\/wp\/v2\/types\/product"}],"wp:featuredmedia":[{"embeddable":true,"href":"https:\/\/tpmadalina42.supserv.cozmoslabs.com\/fi\/wp-json\/wp\/v2\/media\/324391"}],"wp:attachment":[{"href":"https:\/\/tpmadalina42.supserv.cozmoslabs.com\/fi\/wp-json\/wp\/v2\/media?parent=324394"}],"wp:term":[{"taxonomy":"product_brand","embeddable":true,"href":"https:\/\/tpmadalina42.supserv.cozmoslabs.com\/fi\/wp-json\/wp\/v2\/product_brand?post=324394"},{"taxonomy":"product_cat","embeddable":true,"href":"https:\/\/tpmadalina42.supserv.cozmoslabs.com\/fi\/wp-json\/wp\/v2\/product_cat?post=324394"},{"taxonomy":"product_tag","embeddable":true,"href":"https:\/\/tpmadalina42.supserv.cozmoslabs.com\/fi\/wp-json\/wp\/v2\/product_tag?post=324394"}],"curies":[{"name":"wp","href":"https:\/\/api.w.org\/{rel}","templated":true}]}}