{"id":324510,"date":"2024-11-23T02:13:38","date_gmt":"2024-11-23T01:13:38","guid":{"rendered":"https:\/\/glandine.com\/product\/calvin-klein-schickes-langaermeliges-sweatshirt-mit-kapuze-in-weiss\/"},"modified":"2024-12-02T13:48:57","modified_gmt":"2024-12-02T12:48:57","slug":"calvin-klein-schickes-langaermeliges-sweatshirt-mit-kapuze-in-weiss","status":"publish","type":"product","link":"https:\/\/tpmadalina42.supserv.cozmoslabs.com\/fi\/tuote-2\/calvin-klein-schickes-langaermeliges-sweatshirt-mit-kapuze-in-weiss\/","title":{"rendered":"Calvin Klein Schickes lang\u00e4rmeliges Sweatshirt mit Kapuze in Wei\u00df"},"content":{"rendered":"<p>Dieses luxuri\u00f6se, lang\u00e4rmelige Sweatshirt mit Kapuze bietet W\u00e4rme und Stil und ist perfekt, um Ihre Freizeitkleidung aufzuwerten. Das von Calvin Klein entworfene Sweatshirt verf\u00fcgt \u00fcber eine kuschelige Fleece-Innenseite f\u00fcr k\u00fchlere Tage und eine praktische Tasche in der Mitte. Exquisite Stickereidetails und das kultige Logo verleihen diesem hochwertigen St\u00fcck einen Hauch von Raffinesse.<\/p>\n<p>Material: 50% Baumwolle, 50% Polyester<br \/>V\u00e4ri: Valkoinen<br \/>Alkuper\u00e4maa: TR<\/p>","protected":false},"excerpt":{"rendered":"<p>Dieses luxuri\u00f6se, lang\u00e4rmelige Sweatshirt mit Kapuze bietet W\u00e4rme und Stil und ist perfekt, um Ihre Freizeitkleidung aufzuwerten. Das von Calvin Klein entworfene Sweatshirt verf\u00fcgt \u00fcber eine kuschelige Fleece-Innenseite f\u00fcr k\u00fchlere Tage und eine praktische Tasche in der Mitte. Exquisite Stickereidetails und das kultige Logo verleihen diesem hochwertigen St\u00fcck einen Hauch von Raffinesse. Material: 50% Baumwolle, [&hellip;]<\/p>","protected":false},"featured_media":324508,"template":"","meta":[],"product_brand":[2188],"product_cat":[1633,1623],"product_tag":[],"class_list":{"0":"post-324510","1":"product","2":"type-product","3":"status-publish","4":"has-post-thumbnail","6":"product_brand-calvin-klein","7":"product_cat-maenner-kleidung","8":"product_cat-kleidung","10":"first","11":"instock","12":"sale","13":"taxable","14":"shipping-taxable","15":"purchasable","16":"product-type-variable"},"_links":{"self":[{"href":"https:\/\/tpmadalina42.supserv.cozmoslabs.com\/fi\/wp-json\/wp\/v2\/product\/324510","targetHints":{"allow":["GET"]}}],"collection":[{"href":"https:\/\/tpmadalina42.supserv.cozmoslabs.com\/fi\/wp-json\/wp\/v2\/product"}],"about":[{"href":"https:\/\/tpmadalina42.supserv.cozmoslabs.com\/fi\/wp-json\/wp\/v2\/types\/product"}],"wp:featuredmedia":[{"embeddable":true,"href":"https:\/\/tpmadalina42.supserv.cozmoslabs.com\/fi\/wp-json\/wp\/v2\/media\/324508"}],"wp:attachment":[{"href":"https:\/\/tpmadalina42.supserv.cozmoslabs.com\/fi\/wp-json\/wp\/v2\/media?parent=324510"}],"wp:term":[{"taxonomy":"product_brand","embeddable":true,"href":"https:\/\/tpmadalina42.supserv.cozmoslabs.com\/fi\/wp-json\/wp\/v2\/product_brand?post=324510"},{"taxonomy":"product_cat","embeddable":true,"href":"https:\/\/tpmadalina42.supserv.cozmoslabs.com\/fi\/wp-json\/wp\/v2\/product_cat?post=324510"},{"taxonomy":"product_tag","embeddable":true,"href":"https:\/\/tpmadalina42.supserv.cozmoslabs.com\/fi\/wp-json\/wp\/v2\/product_tag?post=324510"}],"curies":[{"name":"wp","href":"https:\/\/api.w.org\/{rel}","templated":true}]}}