{"id":324520,"date":"2024-11-23T02:14:08","date_gmt":"2024-11-23T01:14:08","guid":{"rendered":"https:\/\/glandine.com\/product\/calvin-klein-eleganter-pullover-aus-schwarzer-wolle-langarm-mit-rundhalsausschnitt\/"},"modified":"2024-12-12T06:06:11","modified_gmt":"2024-12-12T05:06:11","slug":"calvin-klein-eleganter-pullover-aus-schwarzer-wolle-langarm-mit-rundhalsausschnitt","status":"publish","type":"product","link":"https:\/\/tpmadalina42.supserv.cozmoslabs.com\/fi\/tuote-2\/calvin-klein-eleganter-pullover-aus-schwarzer-wolle-langarm-mit-rundhalsausschnitt\/","title":{"rendered":"Calvin Klein Eleganter Pullover aus schwarzer Wolle &#8211; Langarm mit Rundhalsausschnitt"},"content":{"rendered":"<p>Genie\u00dfen Sie die zeitlose Eleganz dieses lang\u00e4rmeligen Pullovers, der jeder Garderobe einen Hauch von Raffinesse verleiht. Der Rundhalsausschnitt wird durch eine subtile Applikation des ikonischen Logos akzentuiert und unterstreicht die minimalistische, aber modische \u00c4sthetik, f\u00fcr die Calvin Klein bekannt ist. Perfekt f\u00fcr k\u00fchlere Tage, verspricht dieses St\u00fcck gleicherma\u00dfen W\u00e4rme und Stil.<\/p>\n<ul>\n<li>Materiaali: 100% villa<\/li>\n<li>Alkuper\u00e4maa: CN<\/li>\n<li>V\u00e4ri: Musta<\/li>\n<\/ul>","protected":false},"excerpt":{"rendered":"<p>Genie\u00dfen Sie die zeitlose Eleganz dieses lang\u00e4rmeligen Pullovers, der jeder Garderobe einen Hauch von Raffinesse verleiht. Der Rundhalsausschnitt wird durch eine subtile Applikation des ikonischen Logos akzentuiert und unterstreicht die minimalistische, aber modische \u00c4sthetik, f\u00fcr die Calvin Klein bekannt ist. Perfekt f\u00fcr k\u00fchlere Tage, verspricht dieses St\u00fcck gleicherma\u00dfen W\u00e4rme und Stil. Material: 100% Wolle Herkunftsland: [&hellip;]<\/p>","protected":false},"featured_media":324517,"template":"","meta":[],"product_brand":[2188],"product_cat":[1633,1623],"product_tag":[],"class_list":{"0":"post-324520","1":"product","2":"type-product","3":"status-publish","4":"has-post-thumbnail","6":"product_brand-calvin-klein","7":"product_cat-maenner-kleidung","8":"product_cat-kleidung","10":"first","11":"instock","12":"sale","13":"taxable","14":"shipping-taxable","15":"purchasable","16":"product-type-variable"},"_links":{"self":[{"href":"https:\/\/tpmadalina42.supserv.cozmoslabs.com\/fi\/wp-json\/wp\/v2\/product\/324520","targetHints":{"allow":["GET"]}}],"collection":[{"href":"https:\/\/tpmadalina42.supserv.cozmoslabs.com\/fi\/wp-json\/wp\/v2\/product"}],"about":[{"href":"https:\/\/tpmadalina42.supserv.cozmoslabs.com\/fi\/wp-json\/wp\/v2\/types\/product"}],"wp:featuredmedia":[{"embeddable":true,"href":"https:\/\/tpmadalina42.supserv.cozmoslabs.com\/fi\/wp-json\/wp\/v2\/media\/324517"}],"wp:attachment":[{"href":"https:\/\/tpmadalina42.supserv.cozmoslabs.com\/fi\/wp-json\/wp\/v2\/media?parent=324520"}],"wp:term":[{"taxonomy":"product_brand","embeddable":true,"href":"https:\/\/tpmadalina42.supserv.cozmoslabs.com\/fi\/wp-json\/wp\/v2\/product_brand?post=324520"},{"taxonomy":"product_cat","embeddable":true,"href":"https:\/\/tpmadalina42.supserv.cozmoslabs.com\/fi\/wp-json\/wp\/v2\/product_cat?post=324520"},{"taxonomy":"product_tag","embeddable":true,"href":"https:\/\/tpmadalina42.supserv.cozmoslabs.com\/fi\/wp-json\/wp\/v2\/product_tag?post=324520"}],"curies":[{"name":"wp","href":"https:\/\/api.w.org\/{rel}","templated":true}]}}