{"id":324926,"date":"2024-11-23T02:52:01","date_gmt":"2024-11-23T01:52:01","guid":{"rendered":"https:\/\/glandine.com\/product\/calvin-klein-elegantes-baumwoll-sweatshirt-mit-rundhalsausschnitt\/"},"modified":"2024-12-12T10:48:41","modified_gmt":"2024-12-12T09:48:41","slug":"calvin-klein-elegantes-baumwoll-sweatshirt-mit-rundhalsausschnitt","status":"publish","type":"product","link":"https:\/\/tpmadalina42.supserv.cozmoslabs.com\/fi\/tuote-2\/calvin-klein-elegantes-baumwoll-sweatshirt-mit-rundhalsausschnitt\/","title":{"rendered":"Calvin Klein Elegantes Baumwoll-Sweatshirt mit Rundhalsausschnitt"},"content":{"rendered":"<p>Tauchen Sie ein in den Komfort dieses luxuri\u00f6sen lang\u00e4rmeligen Sweatshirts von Calvin Klein. Es hat einen eleganten Rundhalsausschnitt, der mit einem auff\u00e4lligen Druck und dem ikonischen Logo verziert ist. Das Sweatshirt besteht zu 95% aus nachwachsender Baumwolle und umh\u00fcllt Sie nicht nur mit Weichheit, sondern unterst\u00fctzt auch nachhaltige Mode.<\/p>\n<ul>\n<li>Materiaali: 100% puuvilla<\/li>\n<li>Alkuper\u00e4maa: BD<\/li>\n<li>V\u00e4ri: Musta<\/li>\n<\/ul>","protected":false},"excerpt":{"rendered":"<p>Tauchen Sie ein in den Komfort dieses luxuri\u00f6sen lang\u00e4rmeligen Sweatshirts von Calvin Klein. Es hat einen eleganten Rundhalsausschnitt, der mit einem auff\u00e4lligen Druck und dem ikonischen Logo verziert ist. Das Sweatshirt besteht zu 95% aus nachwachsender Baumwolle und umh\u00fcllt Sie nicht nur mit Weichheit, sondern unterst\u00fctzt auch nachhaltige Mode. Material: 100% Baumwolle Herkunftsland: BD Farbe: [&hellip;]<\/p>","protected":false},"featured_media":324924,"template":"","meta":[],"product_brand":[2188],"product_cat":[1633,1623],"product_tag":[],"class_list":{"0":"post-324926","1":"product","2":"type-product","3":"status-publish","4":"has-post-thumbnail","6":"product_brand-calvin-klein","7":"product_cat-maenner-kleidung","8":"product_cat-kleidung","10":"first","11":"instock","12":"sale","13":"taxable","14":"shipping-taxable","15":"purchasable","16":"product-type-variable"},"_links":{"self":[{"href":"https:\/\/tpmadalina42.supserv.cozmoslabs.com\/fi\/wp-json\/wp\/v2\/product\/324926","targetHints":{"allow":["GET"]}}],"collection":[{"href":"https:\/\/tpmadalina42.supserv.cozmoslabs.com\/fi\/wp-json\/wp\/v2\/product"}],"about":[{"href":"https:\/\/tpmadalina42.supserv.cozmoslabs.com\/fi\/wp-json\/wp\/v2\/types\/product"}],"wp:featuredmedia":[{"embeddable":true,"href":"https:\/\/tpmadalina42.supserv.cozmoslabs.com\/fi\/wp-json\/wp\/v2\/media\/324924"}],"wp:attachment":[{"href":"https:\/\/tpmadalina42.supserv.cozmoslabs.com\/fi\/wp-json\/wp\/v2\/media?parent=324926"}],"wp:term":[{"taxonomy":"product_brand","embeddable":true,"href":"https:\/\/tpmadalina42.supserv.cozmoslabs.com\/fi\/wp-json\/wp\/v2\/product_brand?post=324926"},{"taxonomy":"product_cat","embeddable":true,"href":"https:\/\/tpmadalina42.supserv.cozmoslabs.com\/fi\/wp-json\/wp\/v2\/product_cat?post=324926"},{"taxonomy":"product_tag","embeddable":true,"href":"https:\/\/tpmadalina42.supserv.cozmoslabs.com\/fi\/wp-json\/wp\/v2\/product_tag?post=324926"}],"curies":[{"name":"wp","href":"https:\/\/api.w.org\/{rel}","templated":true}]}}