{"id":324982,"date":"2024-11-23T02:56:54","date_gmt":"2024-11-23T01:56:54","guid":{"rendered":"https:\/\/glandine.com\/product\/calvin-klein-schlichter-baumwollpullover-mit-rundhalsausschnitt-und-kontrastierenden-details\/"},"modified":"2024-12-13T05:42:17","modified_gmt":"2024-12-13T04:42:17","slug":"calvin-klein-schlichter-baumwollpullover-mit-rundhalsausschnitt-und-kontrastierenden-details","status":"publish","type":"product","link":"https:\/\/tpmadalina42.supserv.cozmoslabs.com\/fi\/tuote-2\/calvin-klein-schlichter-baumwollpullover-mit-rundhalsausschnitt-und-kontrastierenden-details\/","title":{"rendered":"Calvin Klein Schlichter Baumwollpullover mit Rundhalsausschnitt und kontrastierenden Details"},"content":{"rendered":"<p>Raffinierte Eleganz und zeitloser Stil zeichnen diesen exquisiten Pullover von Calvin Klein aus. Gefertigt aus 100% hochwertiger Baumwolle f\u00fcr ultimativen Komfort und Langlebigkeit, ist er die perfekte Mischung aus Funktionalit\u00e4t und Mode. Die langen \u00c4rmel und der klassische Rundhalsausschnitt werden durch kontrastierende Details aufgewertet, w\u00e4hrend das kultige gestickte Calvin Klein-Logo einen Hauch von Luxus in Ihr Alltagsoutfit bringt.<\/p>\n<ul>\n<li>Materiaali: 100% puuvilla<\/li>\n<li>Alkuper\u00e4maa: BD<\/li>\n<li>V\u00e4ri: Musta<\/li>\n<\/ul>","protected":false},"excerpt":{"rendered":"<p>Raffinierte Eleganz und zeitloser Stil zeichnen diesen exquisiten Pullover von Calvin Klein aus. Gefertigt aus 100% hochwertiger Baumwolle f\u00fcr ultimativen Komfort und Langlebigkeit, ist er die perfekte Mischung aus Funktionalit\u00e4t und Mode. Die langen \u00c4rmel und der klassische Rundhalsausschnitt werden durch kontrastierende Details aufgewertet, w\u00e4hrend das kultige gestickte Calvin Klein-Logo einen Hauch von Luxus in [&hellip;]<\/p>","protected":false},"featured_media":324980,"template":"","meta":[],"product_brand":[2188],"product_cat":[1633,1623],"product_tag":[],"class_list":{"0":"post-324982","1":"product","2":"type-product","3":"status-publish","4":"has-post-thumbnail","6":"product_brand-calvin-klein","7":"product_cat-maenner-kleidung","8":"product_cat-kleidung","10":"first","11":"instock","12":"sale","13":"taxable","14":"shipping-taxable","15":"purchasable","16":"product-type-variable"},"_links":{"self":[{"href":"https:\/\/tpmadalina42.supserv.cozmoslabs.com\/fi\/wp-json\/wp\/v2\/product\/324982","targetHints":{"allow":["GET"]}}],"collection":[{"href":"https:\/\/tpmadalina42.supserv.cozmoslabs.com\/fi\/wp-json\/wp\/v2\/product"}],"about":[{"href":"https:\/\/tpmadalina42.supserv.cozmoslabs.com\/fi\/wp-json\/wp\/v2\/types\/product"}],"wp:featuredmedia":[{"embeddable":true,"href":"https:\/\/tpmadalina42.supserv.cozmoslabs.com\/fi\/wp-json\/wp\/v2\/media\/324980"}],"wp:attachment":[{"href":"https:\/\/tpmadalina42.supserv.cozmoslabs.com\/fi\/wp-json\/wp\/v2\/media?parent=324982"}],"wp:term":[{"taxonomy":"product_brand","embeddable":true,"href":"https:\/\/tpmadalina42.supserv.cozmoslabs.com\/fi\/wp-json\/wp\/v2\/product_brand?post=324982"},{"taxonomy":"product_cat","embeddable":true,"href":"https:\/\/tpmadalina42.supserv.cozmoslabs.com\/fi\/wp-json\/wp\/v2\/product_cat?post=324982"},{"taxonomy":"product_tag","embeddable":true,"href":"https:\/\/tpmadalina42.supserv.cozmoslabs.com\/fi\/wp-json\/wp\/v2\/product_tag?post=324982"}],"curies":[{"name":"wp","href":"https:\/\/api.w.org\/{rel}","templated":true}]}}