{"id":325045,"date":"2024-11-23T03:00:33","date_gmt":"2024-11-23T02:00:33","guid":{"rendered":"https:\/\/glandine.com\/product\/calvin-klein-raffiniertes-hellblaues-denim-hemd\/"},"modified":"2024-12-10T07:07:06","modified_gmt":"2024-12-10T06:07:06","slug":"calvin-klein-raffiniertes-hellblaues-denim-hemd","status":"publish","type":"product","link":"https:\/\/tpmadalina42.supserv.cozmoslabs.com\/fi\/tuote-2\/calvin-klein-raffiniertes-hellblaues-denim-hemd\/","title":{"rendered":"Calvin Klein Raffiniertes hellblaues Denim-Hemd"},"content":{"rendered":"<p>Veredeln Sie Ihre Garderobe mit diesem tadellosen Calvin Klein Jeans Hemd, das jedem Casual- oder Smart-Casual-Outfit einen Hauch von Klasse verleiht. Das Hemd ist aus hochwertiger 100%iger Baumwolle mit einem umweltbewussten Anteil von 20% recyceltem Material gefertigt und bietet lange \u00c4rmel und eine normale Passform f\u00fcr m\u00fchelosen Stil und Komfort. Der markante italienische Kragen und die 1-Knopf-Manschetten verleihen dem l\u00e4ssigen Auftreten eine gewisse Sch\u00e4rfe, w\u00e4hrend 2 gro\u00dfe Vordertaschen praktische Eleganz verk\u00f6rpern. Mit dem kultigen Calvin Klein-Logo versehen, ist dieses Modell ein echtes Grundnahrungsmittel mit nachhaltigem Charakter.<\/p>\n<ul>\n<li>Materiaali: 100% puuvilla<\/li>\n<li>Herkunftsland: MU<\/li>\n<li>V\u00e4ri: vaaleansininen<\/li>\n<\/ul>","protected":false},"excerpt":{"rendered":"<p>Veredeln Sie Ihre Garderobe mit diesem tadellosen Calvin Klein Jeans Hemd, das jedem Casual- oder Smart-Casual-Outfit einen Hauch von Klasse verleiht. Das Hemd ist aus hochwertiger 100%iger Baumwolle mit einem umweltbewussten Anteil von 20% recyceltem Material gefertigt und bietet lange \u00c4rmel und eine normale Passform f\u00fcr m\u00fchelosen Stil und Komfort. Der markante italienische Kragen und [&hellip;]<\/p>","protected":false},"featured_media":325043,"template":"","meta":[],"product_brand":[2188],"product_cat":[1695,1633,1623],"product_tag":[],"class_list":{"0":"post-325045","1":"product","2":"type-product","3":"status-publish","4":"has-post-thumbnail","6":"product_brand-calvin-klein","7":"product_cat-hemden","8":"product_cat-maenner-kleidung","9":"product_cat-kleidung","11":"first","12":"instock","13":"sale","14":"taxable","15":"shipping-taxable","16":"purchasable","17":"product-type-variable"},"_links":{"self":[{"href":"https:\/\/tpmadalina42.supserv.cozmoslabs.com\/fi\/wp-json\/wp\/v2\/product\/325045","targetHints":{"allow":["GET"]}}],"collection":[{"href":"https:\/\/tpmadalina42.supserv.cozmoslabs.com\/fi\/wp-json\/wp\/v2\/product"}],"about":[{"href":"https:\/\/tpmadalina42.supserv.cozmoslabs.com\/fi\/wp-json\/wp\/v2\/types\/product"}],"wp:featuredmedia":[{"embeddable":true,"href":"https:\/\/tpmadalina42.supserv.cozmoslabs.com\/fi\/wp-json\/wp\/v2\/media\/325043"}],"wp:attachment":[{"href":"https:\/\/tpmadalina42.supserv.cozmoslabs.com\/fi\/wp-json\/wp\/v2\/media?parent=325045"}],"wp:term":[{"taxonomy":"product_brand","embeddable":true,"href":"https:\/\/tpmadalina42.supserv.cozmoslabs.com\/fi\/wp-json\/wp\/v2\/product_brand?post=325045"},{"taxonomy":"product_cat","embeddable":true,"href":"https:\/\/tpmadalina42.supserv.cozmoslabs.com\/fi\/wp-json\/wp\/v2\/product_cat?post=325045"},{"taxonomy":"product_tag","embeddable":true,"href":"https:\/\/tpmadalina42.supserv.cozmoslabs.com\/fi\/wp-json\/wp\/v2\/product_tag?post=325045"}],"curies":[{"name":"wp","href":"https:\/\/api.w.org\/{rel}","templated":true}]}}