{"id":325077,"date":"2024-11-23T03:03:17","date_gmt":"2024-11-23T02:03:17","guid":{"rendered":"https:\/\/glandine.com\/product\/calvin-klein-schicke-hellblaue-vintage-mom-jeans\/"},"modified":"2024-11-30T17:24:22","modified_gmt":"2024-11-30T16:24:22","slug":"calvin-klein-schicke-hellblaue-vintage-mom-jeans","status":"publish","type":"product","link":"https:\/\/tpmadalina42.supserv.cozmoslabs.com\/fi\/tuote-2\/calvin-klein-schicke-hellblaue-vintage-mom-jeans\/","title":{"rendered":"Calvin Klein Schicke hellblaue Vintage Mom Jeans"},"content":{"rendered":"<p>Erwecken Sie Ihre Denim-Klassiker zu neuem Leben mit dieser m\u00fchelos schicken Mom-Jeans im zeitlosen 5-Pocket-Design mit einem stilvollen gewaschenen und abgenutzten Effekt f\u00fcr den beliebten Vintage-Look. Die Jeans mit dem unverwechselbaren Calvin Klein-Logo ist perfekt f\u00fcr legere Ausfl\u00fcge oder elegante Anl\u00e4sse und verleiht Ihnen einen zus\u00e4tzlichen Hauch von Raffinesse. F\u00fchlen Sie sich wohl und sehen Sie den ganzen Tag lang fabelhaft aus.<\/p>\n<ul>\n<li>Materiaali: 100% puuvilla<\/li>\n<li>Alkuper\u00e4maa: TR<\/li>\n<li>V\u00e4ri: vaaleansininen<\/li>\n<\/ul>","protected":false},"excerpt":{"rendered":"<p>Erwecken Sie Ihre Denim-Klassiker zu neuem Leben mit dieser m\u00fchelos schicken Mom-Jeans im zeitlosen 5-Pocket-Design mit einem stilvollen gewaschenen und abgenutzten Effekt f\u00fcr den beliebten Vintage-Look. Die Jeans mit dem unverwechselbaren Calvin Klein-Logo ist perfekt f\u00fcr legere Ausfl\u00fcge oder elegante Anl\u00e4sse und verleiht Ihnen einen zus\u00e4tzlichen Hauch von Raffinesse. F\u00fchlen Sie sich wohl und sehen [&hellip;]<\/p>","protected":false},"featured_media":325075,"template":"","meta":[],"product_brand":[2188],"product_cat":[1637,1686,1623],"product_tag":[],"class_list":{"0":"post-325077","1":"product","2":"type-product","3":"status-publish","4":"has-post-thumbnail","6":"product_brand-calvin-klein","7":"product_cat-frauen-kleidung","8":"product_cat-jeans-hosen-frauen-kleidung","9":"product_cat-kleidung","11":"first","12":"instock","13":"sale","14":"taxable","15":"shipping-taxable","16":"purchasable","17":"product-type-variable"},"_links":{"self":[{"href":"https:\/\/tpmadalina42.supserv.cozmoslabs.com\/fi\/wp-json\/wp\/v2\/product\/325077","targetHints":{"allow":["GET"]}}],"collection":[{"href":"https:\/\/tpmadalina42.supserv.cozmoslabs.com\/fi\/wp-json\/wp\/v2\/product"}],"about":[{"href":"https:\/\/tpmadalina42.supserv.cozmoslabs.com\/fi\/wp-json\/wp\/v2\/types\/product"}],"wp:featuredmedia":[{"embeddable":true,"href":"https:\/\/tpmadalina42.supserv.cozmoslabs.com\/fi\/wp-json\/wp\/v2\/media\/325075"}],"wp:attachment":[{"href":"https:\/\/tpmadalina42.supserv.cozmoslabs.com\/fi\/wp-json\/wp\/v2\/media?parent=325077"}],"wp:term":[{"taxonomy":"product_brand","embeddable":true,"href":"https:\/\/tpmadalina42.supserv.cozmoslabs.com\/fi\/wp-json\/wp\/v2\/product_brand?post=325077"},{"taxonomy":"product_cat","embeddable":true,"href":"https:\/\/tpmadalina42.supserv.cozmoslabs.com\/fi\/wp-json\/wp\/v2\/product_cat?post=325077"},{"taxonomy":"product_tag","embeddable":true,"href":"https:\/\/tpmadalina42.supserv.cozmoslabs.com\/fi\/wp-json\/wp\/v2\/product_tag?post=325077"}],"curies":[{"name":"wp","href":"https:\/\/api.w.org\/{rel}","templated":true}]}}