{"id":325110,"date":"2024-11-23T03:06:15","date_gmt":"2024-11-23T02:06:15","guid":{"rendered":"https:\/\/glandine.com\/product\/calvin-klein-schlichte-schwarze-umhaengetasche-mit-logo-detail-3\/"},"modified":"2024-11-30T17:25:07","modified_gmt":"2024-11-30T16:25:07","slug":"calvin-klein-schlichte-schwarze-umhaengetasche-mit-logo-detail-3","status":"publish","type":"product","link":"https:\/\/tpmadalina42.supserv.cozmoslabs.com\/fi\/tuote-2\/calvin-klein-schlichte-schwarze-umhaengetasche-mit-logo-detail-3\/","title":{"rendered":"Calvin Klein Schlichte schwarze Umh\u00e4ngetasche mit Logo-Detail"},"content":{"rendered":"<p>Erleben Sie die perfekte Mischung aus Funktionalit\u00e4t und Stil mit dieser eleganten schwarzen Umh\u00e4ngetasche des renommierten Herstellers Calvin Klein. Sie wurde f\u00fcr den modernen Menschen entworfen und verf\u00fcgt \u00fcber einen verstellbaren Schultergurt f\u00fcr individuellen Komfort, zwei praktische Au\u00dfentaschen f\u00fcr einfachen Zugriff und ein sicheres Innenfach. Die Tasche verf\u00fcgt \u00fcber einen glatten Rei\u00dfverschluss, der mit dem kultigen Calvin Klein-Logo akzentuiert ist, und ist zu 50 % aus recyceltem Polyester hergestellt, was sie zu einer guten Wahl macht.<\/p>\n<ul>\n<li>Material: 51% Polyester, 49% Polyethylen<\/li>\n<li>V\u00e4ri: Musta<\/li>\n<li>Alkuper\u00e4maa: CN<\/li>\n<\/ul>","protected":false},"excerpt":{"rendered":"<p>Erleben Sie die perfekte Mischung aus Funktionalit\u00e4t und Stil mit dieser eleganten schwarzen Umh\u00e4ngetasche des renommierten Herstellers Calvin Klein. Sie wurde f\u00fcr den modernen Menschen entworfen und verf\u00fcgt \u00fcber einen verstellbaren Schultergurt f\u00fcr individuellen Komfort, zwei praktische Au\u00dfentaschen f\u00fcr einfachen Zugriff und ein sicheres Innenfach. Die Tasche verf\u00fcgt \u00fcber einen glatten Rei\u00dfverschluss, der mit dem [&hellip;]<\/p>","protected":false},"featured_media":325107,"template":"","meta":[],"product_brand":[2188],"product_cat":[1629,1744],"product_tag":[],"class_list":{"0":"post-325110","1":"product","2":"type-product","3":"status-publish","4":"has-post-thumbnail","6":"product_brand-calvin-klein","7":"product_cat-maenner","8":"product_cat-umhaengetaschen","10":"first","11":"instock","12":"sale","13":"taxable","14":"shipping-taxable","15":"purchasable","16":"product-type-simple"},"_links":{"self":[{"href":"https:\/\/tpmadalina42.supserv.cozmoslabs.com\/fi\/wp-json\/wp\/v2\/product\/325110","targetHints":{"allow":["GET"]}}],"collection":[{"href":"https:\/\/tpmadalina42.supserv.cozmoslabs.com\/fi\/wp-json\/wp\/v2\/product"}],"about":[{"href":"https:\/\/tpmadalina42.supserv.cozmoslabs.com\/fi\/wp-json\/wp\/v2\/types\/product"}],"wp:featuredmedia":[{"embeddable":true,"href":"https:\/\/tpmadalina42.supserv.cozmoslabs.com\/fi\/wp-json\/wp\/v2\/media\/325107"}],"wp:attachment":[{"href":"https:\/\/tpmadalina42.supserv.cozmoslabs.com\/fi\/wp-json\/wp\/v2\/media?parent=325110"}],"wp:term":[{"taxonomy":"product_brand","embeddable":true,"href":"https:\/\/tpmadalina42.supserv.cozmoslabs.com\/fi\/wp-json\/wp\/v2\/product_brand?post=325110"},{"taxonomy":"product_cat","embeddable":true,"href":"https:\/\/tpmadalina42.supserv.cozmoslabs.com\/fi\/wp-json\/wp\/v2\/product_cat?post=325110"},{"taxonomy":"product_tag","embeddable":true,"href":"https:\/\/tpmadalina42.supserv.cozmoslabs.com\/fi\/wp-json\/wp\/v2\/product_tag?post=325110"}],"curies":[{"name":"wp","href":"https:\/\/api.w.org\/{rel}","templated":true}]}}