{"id":325135,"date":"2024-11-23T03:09:08","date_gmt":"2024-11-23T02:09:08","guid":{"rendered":"https:\/\/glandine.com\/product\/calvin-klein-schlanker-urban-traveler-rucksack-in-schwarz\/"},"modified":"2024-11-30T17:25:58","modified_gmt":"2024-11-30T16:25:58","slug":"calvin-klein-schlanker-urban-traveler-rucksack-in-schwarz","status":"publish","type":"product","link":"https:\/\/tpmadalina42.supserv.cozmoslabs.com\/fi\/tuote-2\/calvin-klein-schlanker-urban-traveler-rucksack-in-schwarz\/","title":{"rendered":"Calvin Klein Schlanker Urban Traveler-Rucksack in Schwarz"},"content":{"rendered":"<p>Entdecken Sie die Spitze des Daypack-Designs mit dem Calvin Klein Rucksack, der sowohl auf Funktionalit\u00e4t als auch auf Stil zugeschnitten ist. Dieser Rucksack verf\u00fcgt \u00fcber einen einzigen Griff, der die verstellbaren Riemen f\u00fcr optimalen Komfort erg\u00e4nzt. Mit einer Au\u00dfentasche, einer Innentasche und einem speziellen Laptop-Fach k\u00f6nnen Sie Ihre wichtigsten Utensilien m\u00fchelos organisieren. Mit dem Druckknopf- und Rei\u00dfverschluss k\u00f6nnen Sie Ihre Sachen sicher aufbewahren und unterwegs den dezenten Flair des Calvin Klein-Logos genie\u00dfen. Die Tasche besteht zu 50 % aus recyceltem Polyester und tr\u00e4gt Ihre Sachen umweltfreundlich mit sich.<\/p>\n<ul>\n<li>Material: 51% Polyester, 49% Polyethylen<\/li>\n<li>V\u00e4ri: Musta<\/li>\n<li>Herkunftsland: KH<\/li>\n<\/ul>","protected":false},"excerpt":{"rendered":"<p>Entdecken Sie die Spitze des Daypack-Designs mit dem Calvin Klein Rucksack, der sowohl auf Funktionalit\u00e4t als auch auf Stil zugeschnitten ist. Dieser Rucksack verf\u00fcgt \u00fcber einen einzigen Griff, der die verstellbaren Riemen f\u00fcr optimalen Komfort erg\u00e4nzt. Mit einer Au\u00dfentasche, einer Innentasche und einem speziellen Laptop-Fach k\u00f6nnen Sie Ihre wichtigsten Utensilien m\u00fchelos organisieren. Mit dem Druckknopf- [&hellip;]<\/p>","protected":false},"featured_media":325132,"template":"","meta":[],"product_brand":[2188],"product_cat":[1629,1725],"product_tag":[],"class_list":{"0":"post-325135","1":"product","2":"type-product","3":"status-publish","4":"has-post-thumbnail","6":"product_brand-calvin-klein","7":"product_cat-maenner","8":"product_cat-rucksaecke","10":"first","11":"instock","12":"sale","13":"taxable","14":"shipping-taxable","15":"purchasable","16":"product-type-simple"},"_links":{"self":[{"href":"https:\/\/tpmadalina42.supserv.cozmoslabs.com\/fi\/wp-json\/wp\/v2\/product\/325135","targetHints":{"allow":["GET"]}}],"collection":[{"href":"https:\/\/tpmadalina42.supserv.cozmoslabs.com\/fi\/wp-json\/wp\/v2\/product"}],"about":[{"href":"https:\/\/tpmadalina42.supserv.cozmoslabs.com\/fi\/wp-json\/wp\/v2\/types\/product"}],"wp:featuredmedia":[{"embeddable":true,"href":"https:\/\/tpmadalina42.supserv.cozmoslabs.com\/fi\/wp-json\/wp\/v2\/media\/325132"}],"wp:attachment":[{"href":"https:\/\/tpmadalina42.supserv.cozmoslabs.com\/fi\/wp-json\/wp\/v2\/media?parent=325135"}],"wp:term":[{"taxonomy":"product_brand","embeddable":true,"href":"https:\/\/tpmadalina42.supserv.cozmoslabs.com\/fi\/wp-json\/wp\/v2\/product_brand?post=325135"},{"taxonomy":"product_cat","embeddable":true,"href":"https:\/\/tpmadalina42.supserv.cozmoslabs.com\/fi\/wp-json\/wp\/v2\/product_cat?post=325135"},{"taxonomy":"product_tag","embeddable":true,"href":"https:\/\/tpmadalina42.supserv.cozmoslabs.com\/fi\/wp-json\/wp\/v2\/product_tag?post=325135"}],"curies":[{"name":"wp","href":"https:\/\/api.w.org\/{rel}","templated":true}]}}