{"id":326102,"date":"2024-11-23T04:36:21","date_gmt":"2024-11-23T03:36:21","guid":{"rendered":"https:\/\/glandine.com\/product\/harmont-blaine-chic-narrow-fit-kurzarm-polo\/"},"modified":"2024-12-09T05:25:07","modified_gmt":"2024-12-09T04:25:07","slug":"harmont-blaine-chic-narrow-fit-kurzarm-polo","status":"publish","type":"product","link":"https:\/\/tpmadalina42.supserv.cozmoslabs.com\/fi\/tuote-2\/harmont-blaine-chic-narrow-fit-kurzarm-polo\/","title":{"rendered":"Harmont &amp; Blaine Chic Narrow Fit Kurzarm-Polo"},"content":{"rendered":"<p>Entdecken Sie den Inbegriff entspannter Raffinesse mit diesem perfekt geschnittenen kurz\u00e4rmeligen Poloshirt von Harmont &amp; Blaine. Mit seiner schmalen Passform ist dieses Polo eine nahtlose Mischung aus Komfort und Stil. Es verf\u00fcgt \u00fcber ein klassisches 2-Knopf-Design und wird durch kontrastierende Details f\u00fcr einen Hauch von Eleganz erg\u00e4nzt. Das kultige Harmont &amp; Blaine-Logo verleiht diesem allt\u00e4glichen Accessoire einen Hauch von Luxus.<\/p>\n<ul>\n<li>Material: 55% Baumwolle, 45% Polyester<\/li>\n<li>Alkuper\u00e4maa: IN<\/li>\n<li>V\u00e4ri: Harmaa<\/li>\n<\/ul>","protected":false},"excerpt":{"rendered":"<p>Entdecken Sie den Inbegriff entspannter Raffinesse mit diesem perfekt geschnittenen kurz\u00e4rmeligen Poloshirt von Harmont &amp; Blaine. Mit seiner schmalen Passform ist dieses Polo eine nahtlose Mischung aus Komfort und Stil. Es verf\u00fcgt \u00fcber ein klassisches 2-Knopf-Design und wird durch kontrastierende Details f\u00fcr einen Hauch von Eleganz erg\u00e4nzt. Das kultige Harmont &amp; Blaine-Logo verleiht diesem allt\u00e4glichen [&hellip;]<\/p>","protected":false},"featured_media":326100,"template":"","meta":[],"product_brand":[2349],"product_cat":[1633,1623,1738],"product_tag":[],"class_list":{"0":"post-326102","1":"product","2":"type-product","3":"status-publish","4":"has-post-thumbnail","6":"product_brand-harmont-blaine","7":"product_cat-maenner-kleidung","8":"product_cat-kleidung","9":"product_cat-polohemd","11":"first","12":"instock","13":"sale","14":"taxable","15":"shipping-taxable","16":"purchasable","17":"product-type-variable"},"_links":{"self":[{"href":"https:\/\/tpmadalina42.supserv.cozmoslabs.com\/fi\/wp-json\/wp\/v2\/product\/326102","targetHints":{"allow":["GET"]}}],"collection":[{"href":"https:\/\/tpmadalina42.supserv.cozmoslabs.com\/fi\/wp-json\/wp\/v2\/product"}],"about":[{"href":"https:\/\/tpmadalina42.supserv.cozmoslabs.com\/fi\/wp-json\/wp\/v2\/types\/product"}],"wp:featuredmedia":[{"embeddable":true,"href":"https:\/\/tpmadalina42.supserv.cozmoslabs.com\/fi\/wp-json\/wp\/v2\/media\/326100"}],"wp:attachment":[{"href":"https:\/\/tpmadalina42.supserv.cozmoslabs.com\/fi\/wp-json\/wp\/v2\/media?parent=326102"}],"wp:term":[{"taxonomy":"product_brand","embeddable":true,"href":"https:\/\/tpmadalina42.supserv.cozmoslabs.com\/fi\/wp-json\/wp\/v2\/product_brand?post=326102"},{"taxonomy":"product_cat","embeddable":true,"href":"https:\/\/tpmadalina42.supserv.cozmoslabs.com\/fi\/wp-json\/wp\/v2\/product_cat?post=326102"},{"taxonomy":"product_tag","embeddable":true,"href":"https:\/\/tpmadalina42.supserv.cozmoslabs.com\/fi\/wp-json\/wp\/v2\/product_tag?post=326102"}],"curies":[{"name":"wp","href":"https:\/\/api.w.org\/{rel}","templated":true}]}}