{"id":327957,"date":"2024-11-23T06:30:09","date_gmt":"2024-11-23T05:30:09","guid":{"rendered":"https:\/\/glandine.com\/product\/fila-elegante-sportschuhe-mit-silbernen-akzenten\/"},"modified":"2024-12-07T03:47:44","modified_gmt":"2024-12-07T02:47:44","slug":"fila-elegante-sportschuhe-mit-silbernen-akzenten","status":"publish","type":"product","link":"https:\/\/tpmadalina42.supserv.cozmoslabs.com\/fi\/tuote-2\/fila-elegante-sportschuhe-mit-silbernen-akzenten\/","title":{"rendered":"Fila Elegante Sportschuhe mit silbernen Akzenten"},"content":{"rendered":"<p>Stil und Komfort treffen in diesen auff\u00e4lligen Fila Sport-Sneakers aufeinander, die perfekt f\u00fcr modebewusste Sportler sind. Das Orbit F Design verf\u00fcgt \u00fcber auff\u00e4llige Kontrastdetails und das kultige Fila-Logo, das mit eleganten silbernen Akzenten versehen ist. Die harmonische Materialmischung sorgt f\u00fcr Langlebigkeit und Atmungsaktivit\u00e4t des Sneakers.<\/p>\n<ul>\n<li>Material: 60% Polyester, 20% Leder, 20% Polyethylen<\/li>\n<li>Alkuper\u00e4maa: CN<\/li>\n<li>V\u00e4ri: Valkoinen<\/li>\n<\/ul>","protected":false},"excerpt":{"rendered":"<p>Stil und Komfort treffen in diesen auff\u00e4lligen Fila Sport-Sneakers aufeinander, die perfekt f\u00fcr modebewusste Sportler sind. Das Orbit F Design verf\u00fcgt \u00fcber auff\u00e4llige Kontrastdetails und das kultige Fila-Logo, das mit eleganten silbernen Akzenten versehen ist. Die harmonische Materialmischung sorgt f\u00fcr Langlebigkeit und Atmungsaktivit\u00e4t des Sneakers. Material: 60% Polyester, 20% Leder, 20% Polyethylen Herkunftsland: CN Farbe: [&hellip;]<\/p>","protected":false},"featured_media":327954,"template":"","meta":[],"product_brand":[2150],"product_cat":[1635,1624,1703],"product_tag":[],"class_list":{"0":"post-327957","1":"product","2":"type-product","3":"status-publish","4":"has-post-thumbnail","6":"product_brand-fila","7":"product_cat-frauen-schuhe","8":"product_cat-schuhe","9":"product_cat-turnschuhe-frauen-schuhe","11":"first","12":"instock","13":"sale","14":"taxable","15":"shipping-taxable","16":"purchasable","17":"product-type-variable"},"_links":{"self":[{"href":"https:\/\/tpmadalina42.supserv.cozmoslabs.com\/fi\/wp-json\/wp\/v2\/product\/327957","targetHints":{"allow":["GET"]}}],"collection":[{"href":"https:\/\/tpmadalina42.supserv.cozmoslabs.com\/fi\/wp-json\/wp\/v2\/product"}],"about":[{"href":"https:\/\/tpmadalina42.supserv.cozmoslabs.com\/fi\/wp-json\/wp\/v2\/types\/product"}],"wp:featuredmedia":[{"embeddable":true,"href":"https:\/\/tpmadalina42.supserv.cozmoslabs.com\/fi\/wp-json\/wp\/v2\/media\/327954"}],"wp:attachment":[{"href":"https:\/\/tpmadalina42.supserv.cozmoslabs.com\/fi\/wp-json\/wp\/v2\/media?parent=327957"}],"wp:term":[{"taxonomy":"product_brand","embeddable":true,"href":"https:\/\/tpmadalina42.supserv.cozmoslabs.com\/fi\/wp-json\/wp\/v2\/product_brand?post=327957"},{"taxonomy":"product_cat","embeddable":true,"href":"https:\/\/tpmadalina42.supserv.cozmoslabs.com\/fi\/wp-json\/wp\/v2\/product_cat?post=327957"},{"taxonomy":"product_tag","embeddable":true,"href":"https:\/\/tpmadalina42.supserv.cozmoslabs.com\/fi\/wp-json\/wp\/v2\/product_tag?post=327957"}],"curies":[{"name":"wp","href":"https:\/\/api.w.org\/{rel}","templated":true}]}}