{"id":327971,"date":"2024-11-23T06:30:43","date_gmt":"2024-11-23T05:30:43","guid":{"rendered":"https:\/\/glandine.com\/product\/fila-luxurioese-schnuersenkel-sneakers-mit-goldenen-akzenten\/"},"modified":"2024-11-30T19:02:12","modified_gmt":"2024-11-30T18:02:12","slug":"fila-luxurioese-schnuersenkel-sneakers-mit-goldenen-akzenten","status":"publish","type":"product","link":"https:\/\/tpmadalina42.supserv.cozmoslabs.com\/fi\/tuote-2\/fila-luxurioese-schnuersenkel-sneakers-mit-goldenen-akzenten\/","title":{"rendered":"Fila Luxuri\u00f6se Schn\u00fcrsenkel-Sneakers mit goldenen Akzenten"},"content":{"rendered":"<p>Die FILA Lusso F Sneakers sind eine Mischung aus Stil und Komfort und wurden f\u00fcr trendbewusste und aktive Menschen entwickelt. Diese Sneaker verf\u00fcgen \u00fcber auff\u00e4llige Kontrastdetails, die mit goldenen Elementen hervorgehoben werden und einen luxuri\u00f6sen Look schaffen, w\u00e4hrend sie ihre sportliche Essenz beibehalten. Die Logo-Verzierung verleiht Ihrer Schuhkollektion einen besonderen Touch.<\/p>\n<p>Materiaali: 40% polyesteri, 30% nahka, 30% polyeteeni.<br \/>V\u00e4ri: Valkoinen<br \/>Alkuper\u00e4maa: CN<\/p>","protected":false},"excerpt":{"rendered":"<p>Die FILA Lusso F Sneakers sind eine Mischung aus Stil und Komfort und wurden f\u00fcr trendbewusste und aktive Menschen entwickelt. Diese Sneaker verf\u00fcgen \u00fcber auff\u00e4llige Kontrastdetails, die mit goldenen Elementen hervorgehoben werden und einen luxuri\u00f6sen Look schaffen, w\u00e4hrend sie ihre sportliche Essenz beibehalten. Die Logo-Verzierung verleiht Ihrer Schuhkollektion einen besonderen Touch. Material: 40% Polyester, 30% [&hellip;]<\/p>","protected":false},"featured_media":327968,"template":"","meta":[],"product_brand":[2150],"product_cat":[1635,1624,1703],"product_tag":[],"class_list":{"0":"post-327971","1":"product","2":"type-product","3":"status-publish","4":"has-post-thumbnail","6":"product_brand-fila","7":"product_cat-frauen-schuhe","8":"product_cat-schuhe","9":"product_cat-turnschuhe-frauen-schuhe","11":"first","12":"instock","13":"sale","14":"taxable","15":"shipping-taxable","16":"purchasable","17":"product-type-variable"},"_links":{"self":[{"href":"https:\/\/tpmadalina42.supserv.cozmoslabs.com\/fi\/wp-json\/wp\/v2\/product\/327971","targetHints":{"allow":["GET"]}}],"collection":[{"href":"https:\/\/tpmadalina42.supserv.cozmoslabs.com\/fi\/wp-json\/wp\/v2\/product"}],"about":[{"href":"https:\/\/tpmadalina42.supserv.cozmoslabs.com\/fi\/wp-json\/wp\/v2\/types\/product"}],"wp:featuredmedia":[{"embeddable":true,"href":"https:\/\/tpmadalina42.supserv.cozmoslabs.com\/fi\/wp-json\/wp\/v2\/media\/327968"}],"wp:attachment":[{"href":"https:\/\/tpmadalina42.supserv.cozmoslabs.com\/fi\/wp-json\/wp\/v2\/media?parent=327971"}],"wp:term":[{"taxonomy":"product_brand","embeddable":true,"href":"https:\/\/tpmadalina42.supserv.cozmoslabs.com\/fi\/wp-json\/wp\/v2\/product_brand?post=327971"},{"taxonomy":"product_cat","embeddable":true,"href":"https:\/\/tpmadalina42.supserv.cozmoslabs.com\/fi\/wp-json\/wp\/v2\/product_cat?post=327971"},{"taxonomy":"product_tag","embeddable":true,"href":"https:\/\/tpmadalina42.supserv.cozmoslabs.com\/fi\/wp-json\/wp\/v2\/product_tag?post=327971"}],"curies":[{"name":"wp","href":"https:\/\/api.w.org\/{rel}","templated":true}]}}