{"id":327993,"date":"2024-11-23T06:31:50","date_gmt":"2024-11-23T05:31:50","guid":{"rendered":"https:\/\/glandine.com\/product\/fila-klassische-schnuersenkel-sportschuhe-mit-kontrastierenden-details-2\/"},"modified":"2024-11-30T19:03:03","modified_gmt":"2024-11-30T18:03:03","slug":"fila-klassische-schnuersenkel-sportschuhe-mit-kontrastierenden-details-2","status":"publish","type":"product","link":"https:\/\/tpmadalina42.supserv.cozmoslabs.com\/fi\/tuote-2\/fila-klassische-schnuersenkel-sportschuhe-mit-kontrastierenden-details-2\/","title":{"rendered":"Fila Klassische Schn\u00fcrsenkel-Sportschuhe mit kontrastierenden Details"},"content":{"rendered":"<p>Mit diesen eleganten Turnschuhen zum Schn\u00fcren bist du komfortabel und stilvoll unterwegs. Perfekt f\u00fcr sportliche Unternehmungen oder l\u00e4ssige Ausfl\u00fcge, diese Schuhe verf\u00fcgen \u00fcber ein klassisches spitzes Design mit auff\u00e4lligen Kontrastdetails und dem kultigen Fila Stickerei-Logo, das Funktionalit\u00e4t mit einer modischen \u00c4sthetik verbindet.<\/p>\n<ul>\n<li>Material: 80% Polyester, 20% Polyethylen<\/li>\n<li>Alkuper\u00e4maa: CN<\/li>\n<li>V\u00e4ri: Valkoinen<\/li>\n<\/ul>","protected":false},"excerpt":{"rendered":"<p>Mit diesen eleganten Turnschuhen zum Schn\u00fcren bist du komfortabel und stilvoll unterwegs. Perfekt f\u00fcr sportliche Unternehmungen oder l\u00e4ssige Ausfl\u00fcge, diese Schuhe verf\u00fcgen \u00fcber ein klassisches spitzes Design mit auff\u00e4lligen Kontrastdetails und dem kultigen Fila Stickerei-Logo, das Funktionalit\u00e4t mit einer modischen \u00c4sthetik verbindet. Material: 80% Polyester, 20% Polyethylen Herkunftsland: CN Farbe: Wei\u00df<\/p>","protected":false},"featured_media":327990,"template":"","meta":[],"product_brand":[2150],"product_cat":[1634,1624,1702],"product_tag":[],"class_list":{"0":"post-327993","1":"product","2":"type-product","3":"status-publish","4":"has-post-thumbnail","6":"product_brand-fila","7":"product_cat-maenner-schuhe","8":"product_cat-schuhe","9":"product_cat-turnschuhe","11":"first","12":"instock","13":"sale","14":"taxable","15":"shipping-taxable","16":"purchasable","17":"product-type-variable"},"_links":{"self":[{"href":"https:\/\/tpmadalina42.supserv.cozmoslabs.com\/fi\/wp-json\/wp\/v2\/product\/327993","targetHints":{"allow":["GET"]}}],"collection":[{"href":"https:\/\/tpmadalina42.supserv.cozmoslabs.com\/fi\/wp-json\/wp\/v2\/product"}],"about":[{"href":"https:\/\/tpmadalina42.supserv.cozmoslabs.com\/fi\/wp-json\/wp\/v2\/types\/product"}],"wp:featuredmedia":[{"embeddable":true,"href":"https:\/\/tpmadalina42.supserv.cozmoslabs.com\/fi\/wp-json\/wp\/v2\/media\/327990"}],"wp:attachment":[{"href":"https:\/\/tpmadalina42.supserv.cozmoslabs.com\/fi\/wp-json\/wp\/v2\/media?parent=327993"}],"wp:term":[{"taxonomy":"product_brand","embeddable":true,"href":"https:\/\/tpmadalina42.supserv.cozmoslabs.com\/fi\/wp-json\/wp\/v2\/product_brand?post=327993"},{"taxonomy":"product_cat","embeddable":true,"href":"https:\/\/tpmadalina42.supserv.cozmoslabs.com\/fi\/wp-json\/wp\/v2\/product_cat?post=327993"},{"taxonomy":"product_tag","embeddable":true,"href":"https:\/\/tpmadalina42.supserv.cozmoslabs.com\/fi\/wp-json\/wp\/v2\/product_tag?post=327993"}],"curies":[{"name":"wp","href":"https:\/\/api.w.org\/{rel}","templated":true}]}}