{"id":329273,"date":"2024-11-23T08:47:28","date_gmt":"2024-11-23T07:47:28","guid":{"rendered":"https:\/\/glandine.com\/product\/eastpak-schwarzer-polyamid-rucksack\/"},"modified":"2024-12-12T10:37:45","modified_gmt":"2024-12-12T09:37:45","slug":"eastpak-schwarzer-polyamid-rucksack","status":"publish","type":"product","link":"https:\/\/tpmadalina42.supserv.cozmoslabs.com\/fi\/tuote-2\/eastpak-schwarzer-polyamid-rucksack\/","title":{"rendered":"Eastpak Schwarzer Polyamid-Rucksack"},"content":{"rendered":"<p>RUCKSACK, 2 F\u00c4CHER, 1 AUSSENFACH MIT REISSVERSCHLUSS, REISSVERSCHLUSS, GEPOLSTERTER R\u00dcCKEN, VERSTELLBARE TR\u00c4GER, LOGO<\/p>","protected":false},"excerpt":{"rendered":"<p>RUCKSACK, 2 F\u00c4CHER, 1 AUSSENFACH MIT REISSVERSCHLUSS, REISSVERSCHLUSS, GEPOLSTERTER R\u00dcCKEN, VERSTELLBARE TR\u00c4GER, LOGO<\/p>","protected":false},"featured_media":329270,"template":"","meta":[],"product_brand":[2408],"product_cat":[1629,1725],"product_tag":[],"class_list":{"0":"post-329273","1":"product","2":"type-product","3":"status-publish","4":"has-post-thumbnail","6":"product_brand-eastpak","7":"product_cat-maenner","8":"product_cat-rucksaecke","10":"first","11":"instock","12":"sale","13":"taxable","14":"shipping-taxable","15":"purchasable","16":"product-type-simple"},"_links":{"self":[{"href":"https:\/\/tpmadalina42.supserv.cozmoslabs.com\/fi\/wp-json\/wp\/v2\/product\/329273","targetHints":{"allow":["GET"]}}],"collection":[{"href":"https:\/\/tpmadalina42.supserv.cozmoslabs.com\/fi\/wp-json\/wp\/v2\/product"}],"about":[{"href":"https:\/\/tpmadalina42.supserv.cozmoslabs.com\/fi\/wp-json\/wp\/v2\/types\/product"}],"wp:featuredmedia":[{"embeddable":true,"href":"https:\/\/tpmadalina42.supserv.cozmoslabs.com\/fi\/wp-json\/wp\/v2\/media\/329270"}],"wp:attachment":[{"href":"https:\/\/tpmadalina42.supserv.cozmoslabs.com\/fi\/wp-json\/wp\/v2\/media?parent=329273"}],"wp:term":[{"taxonomy":"product_brand","embeddable":true,"href":"https:\/\/tpmadalina42.supserv.cozmoslabs.com\/fi\/wp-json\/wp\/v2\/product_brand?post=329273"},{"taxonomy":"product_cat","embeddable":true,"href":"https:\/\/tpmadalina42.supserv.cozmoslabs.com\/fi\/wp-json\/wp\/v2\/product_cat?post=329273"},{"taxonomy":"product_tag","embeddable":true,"href":"https:\/\/tpmadalina42.supserv.cozmoslabs.com\/fi\/wp-json\/wp\/v2\/product_tag?post=329273"}],"curies":[{"name":"wp","href":"https:\/\/api.w.org\/{rel}","templated":true}]}}