{"id":329287,"date":"2024-11-23T08:48:58","date_gmt":"2024-11-23T07:48:58","guid":{"rendered":"https:\/\/glandine.com\/product\/eastpak-schwarzer-polyester-rucksack-2\/"},"modified":"2024-12-12T10:43:16","modified_gmt":"2024-12-12T09:43:16","slug":"eastpak-schwarzer-polyester-rucksack-2","status":"publish","type":"product","link":"https:\/\/tpmadalina42.supserv.cozmoslabs.com\/fi\/tuote-2\/eastpak-schwarzer-polyester-rucksack-2\/","title":{"rendered":"Eastpak Schwarzer Polyester-Rucksack"},"content":{"rendered":"<p>Rucksack, Pinnacle, 1 Tragegriff, verstellbare Tr\u00e4ger, 1 Au\u00dfentasche, 3 separate F\u00e4cher, kontrastierende Details, Applikation, 38L, Rei\u00dfverschluss, Logo, recycelte Materialien<\/p>","protected":false},"excerpt":{"rendered":"<p>Rucksack, Pinnacle, 1 Tragegriff, verstellbare Tr\u00e4ger, 1 Au\u00dfentasche, 3 separate F\u00e4cher, kontrastierende Details, Applikation, 38L, Rei\u00dfverschluss, Logo, recycelte Materialien<\/p>","protected":false},"featured_media":329284,"template":"","meta":[],"product_brand":[2408],"product_cat":[1629,1725],"product_tag":[],"class_list":{"0":"post-329287","1":"product","2":"type-product","3":"status-publish","4":"has-post-thumbnail","6":"product_brand-eastpak","7":"product_cat-maenner","8":"product_cat-rucksaecke","10":"first","11":"instock","12":"sale","13":"taxable","14":"shipping-taxable","15":"purchasable","16":"product-type-simple"},"_links":{"self":[{"href":"https:\/\/tpmadalina42.supserv.cozmoslabs.com\/fi\/wp-json\/wp\/v2\/product\/329287","targetHints":{"allow":["GET"]}}],"collection":[{"href":"https:\/\/tpmadalina42.supserv.cozmoslabs.com\/fi\/wp-json\/wp\/v2\/product"}],"about":[{"href":"https:\/\/tpmadalina42.supserv.cozmoslabs.com\/fi\/wp-json\/wp\/v2\/types\/product"}],"wp:featuredmedia":[{"embeddable":true,"href":"https:\/\/tpmadalina42.supserv.cozmoslabs.com\/fi\/wp-json\/wp\/v2\/media\/329284"}],"wp:attachment":[{"href":"https:\/\/tpmadalina42.supserv.cozmoslabs.com\/fi\/wp-json\/wp\/v2\/media?parent=329287"}],"wp:term":[{"taxonomy":"product_brand","embeddable":true,"href":"https:\/\/tpmadalina42.supserv.cozmoslabs.com\/fi\/wp-json\/wp\/v2\/product_brand?post=329287"},{"taxonomy":"product_cat","embeddable":true,"href":"https:\/\/tpmadalina42.supserv.cozmoslabs.com\/fi\/wp-json\/wp\/v2\/product_cat?post=329287"},{"taxonomy":"product_tag","embeddable":true,"href":"https:\/\/tpmadalina42.supserv.cozmoslabs.com\/fi\/wp-json\/wp\/v2\/product_tag?post=329287"}],"curies":[{"name":"wp","href":"https:\/\/api.w.org\/{rel}","templated":true}]}}