{"id":330010,"date":"2024-11-23T09:33:07","date_gmt":"2024-11-23T08:33:07","guid":{"rendered":"https:\/\/glandine.com\/product\/calvin-klein-braune-plastica-iniettata-sonnenbrille\/"},"modified":"2024-11-30T21:17:42","modified_gmt":"2024-11-30T20:17:42","slug":"calvin-klein-braune-plastica-iniettata-sonnenbrille","status":"publish","type":"product","link":"https:\/\/tpmadalina42.supserv.cozmoslabs.com\/fi\/tuote-2\/calvin-klein-braune-plastica-iniettata-sonnenbrille\/","title":{"rendered":"Calvin Klein Ruskeat PLASTICA INIETTATA -aurinkolasit"},"content":{"rendered":"<p>SONNENBRILLE, KUNSTSTOFFSPRITZGUSSFASSUNG, QUADRATISCHE GL\u00c4SER, GELBE GL\u00c4SER, KONTRASTDETAILS, GLASBREITE 53 MM, STEGBREITE 20 MM, B\u00dcGELL\u00c4NGE 145 MM, LOGO<\/p>","protected":false},"excerpt":{"rendered":"<p>SONNENBRILLE, KUNSTSTOFFSPRITZGUSSFASSUNG, QUADRATISCHE GL\u00c4SER, GELBE GL\u00c4SER, KONTRASTDETAILS, GLASBREITE 53 MM, STEGBREITE 20 MM, B\u00dcGELL\u00c4NGE 145 MM, LOGO<\/p>","protected":false},"featured_media":330007,"template":"","meta":[],"product_brand":[2188],"product_cat":[1627,1640],"product_tag":[],"class_list":{"0":"post-330010","1":"product","2":"type-product","3":"status-publish","4":"has-post-thumbnail","6":"product_brand-calvin-klein","7":"product_cat-sonnenbrille","8":"product_cat-sonnenbrillen-fuer-frauen","10":"first","11":"instock","12":"sale","13":"taxable","14":"shipping-taxable","15":"purchasable","16":"product-type-simple"},"_links":{"self":[{"href":"https:\/\/tpmadalina42.supserv.cozmoslabs.com\/fi\/wp-json\/wp\/v2\/product\/330010","targetHints":{"allow":["GET"]}}],"collection":[{"href":"https:\/\/tpmadalina42.supserv.cozmoslabs.com\/fi\/wp-json\/wp\/v2\/product"}],"about":[{"href":"https:\/\/tpmadalina42.supserv.cozmoslabs.com\/fi\/wp-json\/wp\/v2\/types\/product"}],"wp:featuredmedia":[{"embeddable":true,"href":"https:\/\/tpmadalina42.supserv.cozmoslabs.com\/fi\/wp-json\/wp\/v2\/media\/330007"}],"wp:attachment":[{"href":"https:\/\/tpmadalina42.supserv.cozmoslabs.com\/fi\/wp-json\/wp\/v2\/media?parent=330010"}],"wp:term":[{"taxonomy":"product_brand","embeddable":true,"href":"https:\/\/tpmadalina42.supserv.cozmoslabs.com\/fi\/wp-json\/wp\/v2\/product_brand?post=330010"},{"taxonomy":"product_cat","embeddable":true,"href":"https:\/\/tpmadalina42.supserv.cozmoslabs.com\/fi\/wp-json\/wp\/v2\/product_cat?post=330010"},{"taxonomy":"product_tag","embeddable":true,"href":"https:\/\/tpmadalina42.supserv.cozmoslabs.com\/fi\/wp-json\/wp\/v2\/product_tag?post=330010"}],"curies":[{"name":"wp","href":"https:\/\/api.w.org\/{rel}","templated":true}]}}