{"id":334434,"date":"2024-11-23T15:23:32","date_gmt":"2024-11-23T14:23:32","guid":{"rendered":"https:\/\/glandine.com\/product\/calvin-klein-weisse-baumwoll-oberteile-t-shirt\/"},"modified":"2024-12-05T08:36:52","modified_gmt":"2024-12-05T07:36:52","slug":"calvin-klein-weisse-baumwoll-oberteile-t-shirt","status":"publish","type":"product","link":"https:\/\/tpmadalina42.supserv.cozmoslabs.com\/fi\/tuote-2\/calvin-klein-weisse-baumwoll-oberteile-t-shirt\/","title":{"rendered":"Calvin Klein Wei\u00dfe Baumwoll-Oberteile &amp; T-Shirt"},"content":{"rendered":"<p>T-Shirt mit kurzen \u00c4rmeln, Rundhalsausschnitt, kontrastierende Details, Stickerei, Logo, 50% \u00dcbergangsbaumwolle<\/p>","protected":false},"excerpt":{"rendered":"<p>T-Shirt mit kurzen \u00c4rmeln, Rundhalsausschnitt, kontrastierende Details, Stickerei, Logo, 50% \u00dcbergangsbaumwolle<\/p>","protected":false},"featured_media":334432,"template":"","meta":[],"product_brand":[2188],"product_cat":[1637,1623,1714],"product_tag":[],"class_list":{"0":"post-334434","1":"product","2":"type-product","3":"status-publish","4":"has-post-thumbnail","6":"product_brand-calvin-klein","7":"product_cat-frauen-kleidung","8":"product_cat-kleidung","9":"product_cat-oberteile-t-shirts","11":"first","12":"instock","13":"sale","14":"taxable","15":"shipping-taxable","16":"purchasable","17":"product-type-variable"},"_links":{"self":[{"href":"https:\/\/tpmadalina42.supserv.cozmoslabs.com\/fi\/wp-json\/wp\/v2\/product\/334434","targetHints":{"allow":["GET"]}}],"collection":[{"href":"https:\/\/tpmadalina42.supserv.cozmoslabs.com\/fi\/wp-json\/wp\/v2\/product"}],"about":[{"href":"https:\/\/tpmadalina42.supserv.cozmoslabs.com\/fi\/wp-json\/wp\/v2\/types\/product"}],"wp:featuredmedia":[{"embeddable":true,"href":"https:\/\/tpmadalina42.supserv.cozmoslabs.com\/fi\/wp-json\/wp\/v2\/media\/334432"}],"wp:attachment":[{"href":"https:\/\/tpmadalina42.supserv.cozmoslabs.com\/fi\/wp-json\/wp\/v2\/media?parent=334434"}],"wp:term":[{"taxonomy":"product_brand","embeddable":true,"href":"https:\/\/tpmadalina42.supserv.cozmoslabs.com\/fi\/wp-json\/wp\/v2\/product_brand?post=334434"},{"taxonomy":"product_cat","embeddable":true,"href":"https:\/\/tpmadalina42.supserv.cozmoslabs.com\/fi\/wp-json\/wp\/v2\/product_cat?post=334434"},{"taxonomy":"product_tag","embeddable":true,"href":"https:\/\/tpmadalina42.supserv.cozmoslabs.com\/fi\/wp-json\/wp\/v2\/product_tag?post=334434"}],"curies":[{"name":"wp","href":"https:\/\/api.w.org\/{rel}","templated":true}]}}