{"id":335416,"date":"2024-11-23T16:38:56","date_gmt":"2024-11-23T15:38:56","guid":{"rendered":"https:\/\/glandine.com\/product\/napapijri-blauer-baumwollpullover-3\/"},"modified":"2024-12-13T05:22:12","modified_gmt":"2024-12-13T04:22:12","slug":"napapijri-blauer-baumwollpullover-3","status":"publish","type":"product","link":"https:\/\/tpmadalina42.supserv.cozmoslabs.com\/fi\/tuote-2\/napapijri-blauer-baumwollpullover-3\/","title":{"rendered":"Napapijri Blauer puuvillainen pusero"},"content":{"rendered":"<p>PITK\u00c4HIHAINEN COLLEGEPAITA, S\u00c4\u00c4NN\u00d6LLINEN ISTUVUUS, COLLEGEPAITA, PY\u00d6RE\u00c4 KAULA-AUKKO, PAINATUS, LOGO<\/p>","protected":false},"excerpt":{"rendered":"<p>PITK\u00c4HIHAINEN COLLEGEPAITA, S\u00c4\u00c4NN\u00d6LLINEN ISTUVUUS, COLLEGEPAITA, PY\u00d6RE\u00c4 KAULA-AUKKO, PAINATUS, LOGO<\/p>","protected":false},"featured_media":335414,"template":"","meta":[],"product_brand":[2312],"product_cat":[1633,1623],"product_tag":[],"class_list":{"0":"post-335416","1":"product","2":"type-product","3":"status-publish","4":"has-post-thumbnail","6":"product_brand-napapijri","7":"product_cat-maenner-kleidung","8":"product_cat-kleidung","10":"first","11":"instock","12":"sale","13":"taxable","14":"shipping-taxable","15":"purchasable","16":"product-type-variable"},"_links":{"self":[{"href":"https:\/\/tpmadalina42.supserv.cozmoslabs.com\/fi\/wp-json\/wp\/v2\/product\/335416","targetHints":{"allow":["GET"]}}],"collection":[{"href":"https:\/\/tpmadalina42.supserv.cozmoslabs.com\/fi\/wp-json\/wp\/v2\/product"}],"about":[{"href":"https:\/\/tpmadalina42.supserv.cozmoslabs.com\/fi\/wp-json\/wp\/v2\/types\/product"}],"wp:featuredmedia":[{"embeddable":true,"href":"https:\/\/tpmadalina42.supserv.cozmoslabs.com\/fi\/wp-json\/wp\/v2\/media\/335414"}],"wp:attachment":[{"href":"https:\/\/tpmadalina42.supserv.cozmoslabs.com\/fi\/wp-json\/wp\/v2\/media?parent=335416"}],"wp:term":[{"taxonomy":"product_brand","embeddable":true,"href":"https:\/\/tpmadalina42.supserv.cozmoslabs.com\/fi\/wp-json\/wp\/v2\/product_brand?post=335416"},{"taxonomy":"product_cat","embeddable":true,"href":"https:\/\/tpmadalina42.supserv.cozmoslabs.com\/fi\/wp-json\/wp\/v2\/product_cat?post=335416"},{"taxonomy":"product_tag","embeddable":true,"href":"https:\/\/tpmadalina42.supserv.cozmoslabs.com\/fi\/wp-json\/wp\/v2\/product_tag?post=335416"}],"curies":[{"name":"wp","href":"https:\/\/api.w.org\/{rel}","templated":true}]}}