{"id":336235,"date":"2024-11-23T17:30:19","date_gmt":"2024-11-23T16:30:19","guid":{"rendered":"https:\/\/glandine.com\/product\/tommy-hilfiger-schwarzes-leder-portemonnaie-7\/"},"modified":"2024-12-13T06:41:00","modified_gmt":"2024-12-13T05:41:00","slug":"tommy-hilfiger-schwarzes-leder-portemonnaie-7","status":"publish","type":"product","link":"https:\/\/tpmadalina42.supserv.cozmoslabs.com\/fi\/tuote-2\/tommy-hilfiger-schwarzes-leder-portemonnaie-7\/","title":{"rendered":"Tommy Hilfiger musta nahkalompakko"},"content":{"rendered":"<p>PORTEMONNAIE 2 F\u00c4CHER, M\u00dcNZFACH, KARTENF\u00c4CHER, KONTRASTIERENDE DETAILS, DRUCK, LOGO<\/p>","protected":false},"excerpt":{"rendered":"<p>PORTEMONNAIE 2 F\u00c4CHER, M\u00dcNZFACH, KARTENF\u00c4CHER, KONTRASTIERENDE DETAILS, DRUCK, LOGO<\/p>","protected":false},"featured_media":336232,"template":"","meta":[],"product_brand":[2177],"product_cat":[1721,1629],"product_tag":[],"class_list":{"0":"post-336235","1":"product","2":"type-product","3":"status-publish","4":"has-post-thumbnail","6":"product_brand-tommy-hilfiger","7":"product_cat-geldboersen","8":"product_cat-maenner","10":"first","11":"instock","12":"sale","13":"taxable","14":"shipping-taxable","15":"purchasable","16":"product-type-simple"},"_links":{"self":[{"href":"https:\/\/tpmadalina42.supserv.cozmoslabs.com\/fi\/wp-json\/wp\/v2\/product\/336235","targetHints":{"allow":["GET"]}}],"collection":[{"href":"https:\/\/tpmadalina42.supserv.cozmoslabs.com\/fi\/wp-json\/wp\/v2\/product"}],"about":[{"href":"https:\/\/tpmadalina42.supserv.cozmoslabs.com\/fi\/wp-json\/wp\/v2\/types\/product"}],"wp:featuredmedia":[{"embeddable":true,"href":"https:\/\/tpmadalina42.supserv.cozmoslabs.com\/fi\/wp-json\/wp\/v2\/media\/336232"}],"wp:attachment":[{"href":"https:\/\/tpmadalina42.supserv.cozmoslabs.com\/fi\/wp-json\/wp\/v2\/media?parent=336235"}],"wp:term":[{"taxonomy":"product_brand","embeddable":true,"href":"https:\/\/tpmadalina42.supserv.cozmoslabs.com\/fi\/wp-json\/wp\/v2\/product_brand?post=336235"},{"taxonomy":"product_cat","embeddable":true,"href":"https:\/\/tpmadalina42.supserv.cozmoslabs.com\/fi\/wp-json\/wp\/v2\/product_cat?post=336235"},{"taxonomy":"product_tag","embeddable":true,"href":"https:\/\/tpmadalina42.supserv.cozmoslabs.com\/fi\/wp-json\/wp\/v2\/product_tag?post=336235"}],"curies":[{"name":"wp","href":"https:\/\/api.w.org\/{rel}","templated":true}]}}