{"id":336348,"date":"2024-11-23T17:47:26","date_gmt":"2024-11-23T16:47:26","guid":{"rendered":"https:\/\/glandine.com\/product\/plein-sport-blauer-baumwollpullover-fuer-maenner-8\/"},"modified":"2024-11-30T08:42:01","modified_gmt":"2024-11-30T07:42:01","slug":"plein-sport-blauer-baumwollpullover-fuer-maenner-8","status":"publish","type":"product","link":"https:\/\/tpmadalina42.supserv.cozmoslabs.com\/fi\/tuote-2\/plein-sport-blauer-baumwollpullover-fuer-maenner-8\/","title":{"rendered":"Plein Sport Blauer Puuvillainen miesten pusero"},"content":{"rendered":"<p>Peppen Sie Ihre Freizeitgarderobe mit dem dynamischen Flair von Plein Sport auf. Dieses lang\u00e4rmelige Sweatshirt verk\u00f6rpert den k\u00fchnen und sportlichen Geist der Marke mit einem auff\u00e4lligen Print und dem unverwechselbaren Plein Sport-Logo. Das harmonische Mischgewebe aus 52% Baumwolle und 48% Polyester sorgt f\u00fcr Komfort, ohne auf Stil zu verzichten. Das in JO gefertigte Sweatshirt kommt in einem leuchtenden Blauton daher und ist ein trendiges Statement in jeder l\u00e4ssigen Umgebung. Perfekt f\u00fcr alle, die ihre Freizeit gerne mit einem Hauch von Luxus gestalten.<\/p>\n<p>Material: 52% Baumwolle, 48% Polyester<br \/>\nHerkunftsland: JO<br \/>\nV\u00e4ri: Sininen<\/p>","protected":false},"excerpt":{"rendered":"<p>Peppen Sie Ihre Freizeitgarderobe mit dem dynamischen Flair von Plein Sport auf. Dieses lang\u00e4rmelige Sweatshirt verk\u00f6rpert den k\u00fchnen und sportlichen Geist der Marke mit einem auff\u00e4lligen Print und dem unverwechselbaren Plein Sport-Logo. Das harmonische Mischgewebe aus 52% Baumwolle und 48% Polyester sorgt f\u00fcr Komfort, ohne auf Stil zu verzichten. Das in JO gefertigte Sweatshirt kommt [&hellip;]<\/p>","protected":false},"featured_media":336346,"template":"","meta":[],"product_brand":[2108],"product_cat":[1633,1623],"product_tag":[],"class_list":{"0":"post-336348","1":"product","2":"type-product","3":"status-publish","4":"has-post-thumbnail","6":"product_brand-plein-sport","7":"product_cat-maenner-kleidung","8":"product_cat-kleidung","10":"first","11":"instock","12":"sale","13":"taxable","14":"shipping-taxable","15":"purchasable","16":"product-type-variable"},"_links":{"self":[{"href":"https:\/\/tpmadalina42.supserv.cozmoslabs.com\/fi\/wp-json\/wp\/v2\/product\/336348","targetHints":{"allow":["GET"]}}],"collection":[{"href":"https:\/\/tpmadalina42.supserv.cozmoslabs.com\/fi\/wp-json\/wp\/v2\/product"}],"about":[{"href":"https:\/\/tpmadalina42.supserv.cozmoslabs.com\/fi\/wp-json\/wp\/v2\/types\/product"}],"wp:featuredmedia":[{"embeddable":true,"href":"https:\/\/tpmadalina42.supserv.cozmoslabs.com\/fi\/wp-json\/wp\/v2\/media\/336346"}],"wp:attachment":[{"href":"https:\/\/tpmadalina42.supserv.cozmoslabs.com\/fi\/wp-json\/wp\/v2\/media?parent=336348"}],"wp:term":[{"taxonomy":"product_brand","embeddable":true,"href":"https:\/\/tpmadalina42.supserv.cozmoslabs.com\/fi\/wp-json\/wp\/v2\/product_brand?post=336348"},{"taxonomy":"product_cat","embeddable":true,"href":"https:\/\/tpmadalina42.supserv.cozmoslabs.com\/fi\/wp-json\/wp\/v2\/product_cat?post=336348"},{"taxonomy":"product_tag","embeddable":true,"href":"https:\/\/tpmadalina42.supserv.cozmoslabs.com\/fi\/wp-json\/wp\/v2\/product_tag?post=336348"}],"curies":[{"name":"wp","href":"https:\/\/api.w.org\/{rel}","templated":true}]}}