{"id":337305,"date":"2024-11-23T18:58:14","date_gmt":"2024-11-23T17:58:14","guid":{"rendered":"https:\/\/glandine.com\/product\/calvin-klein-beigefarbener-mit-fleece-gefuetterter-hoodie-zeitloser-komfort\/"},"modified":"2024-12-09T05:40:22","modified_gmt":"2024-12-09T04:40:22","slug":"calvin-klein-beigefarbener-mit-fleece-gefuetterter-hoodie-zeitloser-komfort","status":"publish","type":"product","link":"https:\/\/tpmadalina42.supserv.cozmoslabs.com\/fi\/tuote-2\/calvin-klein-beigefarbener-mit-fleece-gefuetterter-hoodie-zeitloser-komfort\/","title":{"rendered":"Calvin Klein Beigefarbener, mit Fleece gef\u00fctterter Hoodie &#8211; Zeitloser Komfort"},"content":{"rendered":"<p>Dieser mit Fleece gef\u00fctterte Kapuzenpullover h\u00e4lt Sie warm und verleiht Ihnen einen Hauch von m\u00fchelosem Stil. Das lang\u00e4rmelige Sweatshirt aus einem hochwertigen Baumwoll-Polyester-Gemisch verf\u00fcgt \u00fcber eine praktische Mitteltasche, eine verstellbare Kapuze und ist mit einer fein gearbeiteten Stickerei verziert, die das kultige Calvin Klein-Logo zeigt. Es ist die perfekte Erg\u00e4nzung f\u00fcr Ihre Freizeitgarderobe und bietet sowohl Komfort als auch eine schlichte \u00c4sthetik.<\/p>\n<ul>\n<li>Material: 55% Baumwolle, 45% Polyester<\/li>\n<li>Alkuper\u00e4maa: BD<\/li>\n<li>V\u00e4ri: beige<\/li>\n<\/ul>","protected":false},"excerpt":{"rendered":"<p>Dieser mit Fleece gef\u00fctterte Kapuzenpullover h\u00e4lt Sie warm und verleiht Ihnen einen Hauch von m\u00fchelosem Stil. Das lang\u00e4rmelige Sweatshirt aus einem hochwertigen Baumwoll-Polyester-Gemisch verf\u00fcgt \u00fcber eine praktische Mitteltasche, eine verstellbare Kapuze und ist mit einer fein gearbeiteten Stickerei verziert, die das kultige Calvin Klein-Logo zeigt. Es ist die perfekte Erg\u00e4nzung f\u00fcr Ihre Freizeitgarderobe und bietet [&hellip;]<\/p>","protected":false},"featured_media":337303,"template":"","meta":[],"product_brand":[2188],"product_cat":[1633,1623],"product_tag":[],"class_list":{"0":"post-337305","1":"product","2":"type-product","3":"status-publish","4":"has-post-thumbnail","6":"product_brand-calvin-klein","7":"product_cat-maenner-kleidung","8":"product_cat-kleidung","10":"first","11":"instock","12":"sale","13":"taxable","14":"shipping-taxable","15":"purchasable","16":"product-type-variable"},"_links":{"self":[{"href":"https:\/\/tpmadalina42.supserv.cozmoslabs.com\/fi\/wp-json\/wp\/v2\/product\/337305","targetHints":{"allow":["GET"]}}],"collection":[{"href":"https:\/\/tpmadalina42.supserv.cozmoslabs.com\/fi\/wp-json\/wp\/v2\/product"}],"about":[{"href":"https:\/\/tpmadalina42.supserv.cozmoslabs.com\/fi\/wp-json\/wp\/v2\/types\/product"}],"wp:featuredmedia":[{"embeddable":true,"href":"https:\/\/tpmadalina42.supserv.cozmoslabs.com\/fi\/wp-json\/wp\/v2\/media\/337303"}],"wp:attachment":[{"href":"https:\/\/tpmadalina42.supserv.cozmoslabs.com\/fi\/wp-json\/wp\/v2\/media?parent=337305"}],"wp:term":[{"taxonomy":"product_brand","embeddable":true,"href":"https:\/\/tpmadalina42.supserv.cozmoslabs.com\/fi\/wp-json\/wp\/v2\/product_brand?post=337305"},{"taxonomy":"product_cat","embeddable":true,"href":"https:\/\/tpmadalina42.supserv.cozmoslabs.com\/fi\/wp-json\/wp\/v2\/product_cat?post=337305"},{"taxonomy":"product_tag","embeddable":true,"href":"https:\/\/tpmadalina42.supserv.cozmoslabs.com\/fi\/wp-json\/wp\/v2\/product_tag?post=337305"}],"curies":[{"name":"wp","href":"https:\/\/api.w.org\/{rel}","templated":true}]}}