{"id":337742,"date":"2024-11-24T04:50:57","date_gmt":"2024-11-24T03:50:57","guid":{"rendered":"https:\/\/glandine.com\/product\/plein-sport-blau-baumwolle-maenner-t-shirt-12\/"},"modified":"2024-12-10T06:17:48","modified_gmt":"2024-12-10T05:17:48","slug":"plein-sport-blau-baumwolle-maenner-t-shirt-12","status":"publish","type":"product","link":"https:\/\/tpmadalina42.supserv.cozmoslabs.com\/fi\/tuote-2\/plein-sport-blau-baumwolle-maenner-t-shirt-12\/","title":{"rendered":"Plein Sport Sininen puuvillainen miesten T-paita"},"content":{"rendered":"<p>Entfesseln Sie Ihr mutiges modisches Gesp\u00fcr mit dem fesselnden blauen T-Shirt von Plein Sport. Es strahlt mit seinem auff\u00e4lligen Druck und dem prominent platzierten Logo Selbstvertrauen aus und ist f\u00fcr diejenigen gedacht, die es wagen, sich von der Masse abzuheben. Gefertigt aus 100 % hochwertiger Baumwolle f\u00fcr un\u00fcbertroffenen Komfort und Langlebigkeit, ist es nicht nur ein Statement, sondern auch ein Beweis f\u00fcr Ihren trendigen Lebensstil. <\/p>\n<p>Materiaali: 100% puuvilla<br \/>\nHerkunftsland: JO<br \/>\nV\u00e4ri: Sininen<\/p>","protected":false},"excerpt":{"rendered":"<p>Entfesseln Sie Ihr mutiges modisches Gesp\u00fcr mit dem fesselnden blauen T-Shirt von Plein Sport. Es strahlt mit seinem auff\u00e4lligen Druck und dem prominent platzierten Logo Selbstvertrauen aus und ist f\u00fcr diejenigen gedacht, die es wagen, sich von der Masse abzuheben. Gefertigt aus 100 % hochwertiger Baumwolle f\u00fcr un\u00fcbertroffenen Komfort und Langlebigkeit, ist es nicht nur [&hellip;]<\/p>","protected":false},"featured_media":337740,"template":"","meta":[],"product_brand":[2108],"product_cat":[1633,1623,1710],"product_tag":[],"class_list":{"0":"post-337742","1":"product","2":"type-product","3":"status-publish","4":"has-post-thumbnail","6":"product_brand-plein-sport","7":"product_cat-maenner-kleidung","8":"product_cat-kleidung","9":"product_cat-t-shirts","11":"first","12":"instock","13":"sale","14":"taxable","15":"shipping-taxable","16":"purchasable","17":"product-type-variable"},"_links":{"self":[{"href":"https:\/\/tpmadalina42.supserv.cozmoslabs.com\/fi\/wp-json\/wp\/v2\/product\/337742","targetHints":{"allow":["GET"]}}],"collection":[{"href":"https:\/\/tpmadalina42.supserv.cozmoslabs.com\/fi\/wp-json\/wp\/v2\/product"}],"about":[{"href":"https:\/\/tpmadalina42.supserv.cozmoslabs.com\/fi\/wp-json\/wp\/v2\/types\/product"}],"wp:featuredmedia":[{"embeddable":true,"href":"https:\/\/tpmadalina42.supserv.cozmoslabs.com\/fi\/wp-json\/wp\/v2\/media\/337740"}],"wp:attachment":[{"href":"https:\/\/tpmadalina42.supserv.cozmoslabs.com\/fi\/wp-json\/wp\/v2\/media?parent=337742"}],"wp:term":[{"taxonomy":"product_brand","embeddable":true,"href":"https:\/\/tpmadalina42.supserv.cozmoslabs.com\/fi\/wp-json\/wp\/v2\/product_brand?post=337742"},{"taxonomy":"product_cat","embeddable":true,"href":"https:\/\/tpmadalina42.supserv.cozmoslabs.com\/fi\/wp-json\/wp\/v2\/product_cat?post=337742"},{"taxonomy":"product_tag","embeddable":true,"href":"https:\/\/tpmadalina42.supserv.cozmoslabs.com\/fi\/wp-json\/wp\/v2\/product_tag?post=337742"}],"curies":[{"name":"wp","href":"https:\/\/api.w.org\/{rel}","templated":true}]}}