{"id":337778,"date":"2024-11-24T11:17:52","date_gmt":"2024-11-24T10:17:52","guid":{"rendered":"https:\/\/glandine.com\/product\/napapijri-gruener-baumwollpullover-fuer-maenner-9\/"},"modified":"2024-12-12T09:57:48","modified_gmt":"2024-12-12T08:57:48","slug":"napapijri-gruener-baumwollpullover-fuer-maenner-9","status":"publish","type":"product","link":"https:\/\/tpmadalina42.supserv.cozmoslabs.com\/fi\/tuote-2\/napapijri-gruener-baumwollpullover-fuer-maenner-9\/","title":{"rendered":"Napapijri Gr\u00fcner Baumwollpullover f\u00fcr M\u00e4nner"},"content":{"rendered":"<p>G\u00f6nnen Sie sich den Inbegriff von l\u00e4ssigem Luxus mit dem lang\u00e4rmeligen Pullover von Napapijri. Eine harmonische Mischung aus Stil und Komfort. Der Rundhalsausschnitt mit regul\u00e4rer Passform ist mit der charakteristischen Stickerei der Marke versehen, die ihn zu einem unverwechselbaren Statement macht. Perfekt f\u00fcr den mutigen Trendsetter, strahlt er Selbstvertrauen und zeitgen\u00f6ssische Coolness aus. Es ist aus 100% weicher Baumwolle gefertigt und wird mit seinem vielseitigen Gr\u00fcnton ein fester Bestandteil Ihrer Garderobe sein. <\/p>\n<p>Materiaali: 100% puuvilla<br \/>\nAlkuper\u00e4maa: BD<br \/>\nV\u00e4ri: Vihre\u00e4<br \/>\nLogo: Gesticktes Napapijri-Logo<\/p>","protected":false},"excerpt":{"rendered":"<p>G\u00f6nnen Sie sich den Inbegriff von l\u00e4ssigem Luxus mit dem lang\u00e4rmeligen Pullover von Napapijri. Eine harmonische Mischung aus Stil und Komfort. Der Rundhalsausschnitt mit regul\u00e4rer Passform ist mit der charakteristischen Stickerei der Marke versehen, die ihn zu einem unverwechselbaren Statement macht. Perfekt f\u00fcr den mutigen Trendsetter, strahlt er Selbstvertrauen und zeitgen\u00f6ssische Coolness aus. Es ist [&hellip;]<\/p>","protected":false},"featured_media":337776,"template":"","meta":[],"product_brand":[2312],"product_cat":[1633,1623],"product_tag":[],"class_list":{"0":"post-337778","1":"product","2":"type-product","3":"status-publish","4":"has-post-thumbnail","6":"product_brand-napapijri","7":"product_cat-maenner-kleidung","8":"product_cat-kleidung","10":"first","11":"instock","12":"sale","13":"taxable","14":"shipping-taxable","15":"purchasable","16":"product-type-variable"},"_links":{"self":[{"href":"https:\/\/tpmadalina42.supserv.cozmoslabs.com\/fi\/wp-json\/wp\/v2\/product\/337778","targetHints":{"allow":["GET"]}}],"collection":[{"href":"https:\/\/tpmadalina42.supserv.cozmoslabs.com\/fi\/wp-json\/wp\/v2\/product"}],"about":[{"href":"https:\/\/tpmadalina42.supserv.cozmoslabs.com\/fi\/wp-json\/wp\/v2\/types\/product"}],"wp:featuredmedia":[{"embeddable":true,"href":"https:\/\/tpmadalina42.supserv.cozmoslabs.com\/fi\/wp-json\/wp\/v2\/media\/337776"}],"wp:attachment":[{"href":"https:\/\/tpmadalina42.supserv.cozmoslabs.com\/fi\/wp-json\/wp\/v2\/media?parent=337778"}],"wp:term":[{"taxonomy":"product_brand","embeddable":true,"href":"https:\/\/tpmadalina42.supserv.cozmoslabs.com\/fi\/wp-json\/wp\/v2\/product_brand?post=337778"},{"taxonomy":"product_cat","embeddable":true,"href":"https:\/\/tpmadalina42.supserv.cozmoslabs.com\/fi\/wp-json\/wp\/v2\/product_cat?post=337778"},{"taxonomy":"product_tag","embeddable":true,"href":"https:\/\/tpmadalina42.supserv.cozmoslabs.com\/fi\/wp-json\/wp\/v2\/product_tag?post=337778"}],"curies":[{"name":"wp","href":"https:\/\/api.w.org\/{rel}","templated":true}]}}