{"id":338336,"date":"2024-11-25T02:08:41","date_gmt":"2024-11-25T01:08:41","guid":{"rendered":"https:\/\/glandine.com\/product\/calvin-klein-schwarzes-leder-portemonnaie-5\/"},"modified":"2024-12-11T05:12:34","modified_gmt":"2024-12-11T04:12:34","slug":"calvin-klein-schwarzes-leder-portemonnaie-5","status":"publish","type":"product","link":"https:\/\/tpmadalina42.supserv.cozmoslabs.com\/fi\/tuote-2\/calvin-klein-schwarzes-leder-portemonnaie-5\/","title":{"rendered":"Calvin Klein musta nahkalompakko"},"content":{"rendered":"<p>GELDB\u00d6RSE MIT 2 F\u00c4CHERN, M\u00dcNZFACH, DOPPELTE KARTENF\u00c4CHER, RFID-BLOCKIERUNG, KONTRASTDETAILS, LOGO<\/p>","protected":false},"excerpt":{"rendered":"<p>GELDB\u00d6RSE MIT 2 F\u00c4CHERN, M\u00dcNZFACH, DOPPELTE KARTENF\u00c4CHER, RFID-BLOCKIERUNG, KONTRASTDETAILS, LOGO<\/p>","protected":false},"featured_media":338333,"template":"","meta":[],"product_brand":[2188],"product_cat":[1721,1629],"product_tag":[],"class_list":{"0":"post-338336","1":"product","2":"type-product","3":"status-publish","4":"has-post-thumbnail","6":"product_brand-calvin-klein","7":"product_cat-geldboersen","8":"product_cat-maenner","10":"first","11":"instock","12":"sale","13":"taxable","14":"shipping-taxable","15":"purchasable","16":"product-type-simple"},"_links":{"self":[{"href":"https:\/\/tpmadalina42.supserv.cozmoslabs.com\/fi\/wp-json\/wp\/v2\/product\/338336","targetHints":{"allow":["GET"]}}],"collection":[{"href":"https:\/\/tpmadalina42.supserv.cozmoslabs.com\/fi\/wp-json\/wp\/v2\/product"}],"about":[{"href":"https:\/\/tpmadalina42.supserv.cozmoslabs.com\/fi\/wp-json\/wp\/v2\/types\/product"}],"wp:featuredmedia":[{"embeddable":true,"href":"https:\/\/tpmadalina42.supserv.cozmoslabs.com\/fi\/wp-json\/wp\/v2\/media\/338333"}],"wp:attachment":[{"href":"https:\/\/tpmadalina42.supserv.cozmoslabs.com\/fi\/wp-json\/wp\/v2\/media?parent=338336"}],"wp:term":[{"taxonomy":"product_brand","embeddable":true,"href":"https:\/\/tpmadalina42.supserv.cozmoslabs.com\/fi\/wp-json\/wp\/v2\/product_brand?post=338336"},{"taxonomy":"product_cat","embeddable":true,"href":"https:\/\/tpmadalina42.supserv.cozmoslabs.com\/fi\/wp-json\/wp\/v2\/product_cat?post=338336"},{"taxonomy":"product_tag","embeddable":true,"href":"https:\/\/tpmadalina42.supserv.cozmoslabs.com\/fi\/wp-json\/wp\/v2\/product_tag?post=338336"}],"curies":[{"name":"wp","href":"https:\/\/api.w.org\/{rel}","templated":true}]}}