{"id":340155,"date":"2024-11-26T11:17:55","date_gmt":"2024-11-26T10:17:55","guid":{"rendered":"https:\/\/glandine.com\/product\/tommy-hilfiger-schickes-leder-kartenetui-mit-karabinerhaken\/"},"modified":"2024-12-13T05:45:36","modified_gmt":"2024-12-13T04:45:36","slug":"tommy-hilfiger-schickes-leder-kartenetui-mit-karabinerhaken","status":"publish","type":"product","link":"https:\/\/tpmadalina42.supserv.cozmoslabs.com\/fi\/tuote-2\/tommy-hilfiger-schickes-leder-kartenetui-mit-karabinerhaken\/","title":{"rendered":"Tommy Hilfiger Schickes Leder-Kartenetui mit Karabinerhaken"},"content":{"rendered":"<p>Mit diesem eleganten Kartenetui von Tommy Hilfiger haben Sie Ihre wichtigsten Utensilien immer griffbereit. Es verf\u00fcgt \u00fcber ein zentrales Fach f\u00fcr Ihre Karten, einen praktischen Karabinerhaken, um es an Ihren Sachen zu befestigen, und einen glatten Rei\u00dfverschluss f\u00fcr zus\u00e4tzliche Sicherheit. Die kontrastierenden Details und das ikonische Logo machen es nicht nur zu einem funktionalen Accessoire, sondern auch zu einem Statement der Raffinesse.<\/p>\n<p>Materiaali: 100% nahka<br \/>Herkunftsland: KH<br \/>V\u00e4ri: Musta<\/p>","protected":false},"excerpt":{"rendered":"<p>Mit diesem eleganten Kartenetui von Tommy Hilfiger haben Sie Ihre wichtigsten Utensilien immer griffbereit. Es verf\u00fcgt \u00fcber ein zentrales Fach f\u00fcr Ihre Karten, einen praktischen Karabinerhaken, um es an Ihren Sachen zu befestigen, und einen glatten Rei\u00dfverschluss f\u00fcr zus\u00e4tzliche Sicherheit. Die kontrastierenden Details und das ikonische Logo machen es nicht nur zu einem funktionalen Accessoire, [&hellip;]<\/p>","protected":false},"featured_media":340152,"template":"","meta":[],"product_brand":[2177],"product_cat":[1721,1629],"product_tag":[],"class_list":{"0":"post-340155","1":"product","2":"type-product","3":"status-publish","4":"has-post-thumbnail","6":"product_brand-tommy-hilfiger","7":"product_cat-geldboersen","8":"product_cat-maenner","10":"first","11":"instock","12":"sale","13":"taxable","14":"shipping-taxable","15":"purchasable","16":"product-type-simple"},"_links":{"self":[{"href":"https:\/\/tpmadalina42.supserv.cozmoslabs.com\/fi\/wp-json\/wp\/v2\/product\/340155","targetHints":{"allow":["GET"]}}],"collection":[{"href":"https:\/\/tpmadalina42.supserv.cozmoslabs.com\/fi\/wp-json\/wp\/v2\/product"}],"about":[{"href":"https:\/\/tpmadalina42.supserv.cozmoslabs.com\/fi\/wp-json\/wp\/v2\/types\/product"}],"wp:featuredmedia":[{"embeddable":true,"href":"https:\/\/tpmadalina42.supserv.cozmoslabs.com\/fi\/wp-json\/wp\/v2\/media\/340152"}],"wp:attachment":[{"href":"https:\/\/tpmadalina42.supserv.cozmoslabs.com\/fi\/wp-json\/wp\/v2\/media?parent=340155"}],"wp:term":[{"taxonomy":"product_brand","embeddable":true,"href":"https:\/\/tpmadalina42.supserv.cozmoslabs.com\/fi\/wp-json\/wp\/v2\/product_brand?post=340155"},{"taxonomy":"product_cat","embeddable":true,"href":"https:\/\/tpmadalina42.supserv.cozmoslabs.com\/fi\/wp-json\/wp\/v2\/product_cat?post=340155"},{"taxonomy":"product_tag","embeddable":true,"href":"https:\/\/tpmadalina42.supserv.cozmoslabs.com\/fi\/wp-json\/wp\/v2\/product_tag?post=340155"}],"curies":[{"name":"wp","href":"https:\/\/api.w.org\/{rel}","templated":true}]}}