{"id":340400,"date":"2024-11-26T14:54:33","date_gmt":"2024-11-26T13:54:33","guid":{"rendered":"https:\/\/glandine.com\/product\/tommy-hilfiger-weisses-leder-damen-sneaker-16\/"},"modified":"2024-11-30T15:31:08","modified_gmt":"2024-11-30T14:31:08","slug":"tommy-hilfiger-weisses-leder-damen-sneaker-16","status":"publish","type":"product","link":"https:\/\/tpmadalina42.supserv.cozmoslabs.com\/fi\/tuote-2\/tommy-hilfiger-weisses-leder-damen-sneaker-16\/","title":{"rendered":"Tommy Hilfiger Valkoinen nahka Naisten tennarit"},"content":{"rendered":"<p>Mit diesen auff\u00e4lligen Tommy Hilfiger-Sneakern, die das coole Selbstbewusstsein des modernen Trendsetters verk\u00f6rpern, werten Sie Ihr Freizeitoutfit auf. Sie sind aus einer Mischung gefertigt, die f\u00fcr Langlebigkeit und Stil steht, und verf\u00fcgen \u00fcber auff\u00e4llige Kontrastdetails und das ikonische Tommy Hilfiger-Logo, das sicher alle Blicke auf sich zieht. Diese Schuhe sind die perfekte Mischung aus sportlich und schick, entworfen f\u00fcr modebewusste Menschen, die nie Kompromisse bei Komfort und Klasse eingehen.<\/p>\n<p>Material: 20% Polyester, 60% Leder, 20% Polyethylen<br \/>\nAlkuper\u00e4maa: CN<br \/>\nV\u00e4ri: Valkoinen<\/p>","protected":false},"excerpt":{"rendered":"<p>Mit diesen auff\u00e4lligen Tommy Hilfiger-Sneakern, die das coole Selbstbewusstsein des modernen Trendsetters verk\u00f6rpern, werten Sie Ihr Freizeitoutfit auf. Sie sind aus einer Mischung gefertigt, die f\u00fcr Langlebigkeit und Stil steht, und verf\u00fcgen \u00fcber auff\u00e4llige Kontrastdetails und das ikonische Tommy Hilfiger-Logo, das sicher alle Blicke auf sich zieht. Diese Schuhe sind die perfekte Mischung aus sportlich [&hellip;]<\/p>","protected":false},"featured_media":340397,"template":"","meta":[],"product_brand":[2177],"product_cat":[1635,1624,1703],"product_tag":[],"class_list":{"0":"post-340400","1":"product","2":"type-product","3":"status-publish","4":"has-post-thumbnail","6":"product_brand-tommy-hilfiger","7":"product_cat-frauen-schuhe","8":"product_cat-schuhe","9":"product_cat-turnschuhe-frauen-schuhe","11":"first","12":"instock","13":"sale","14":"taxable","15":"shipping-taxable","16":"purchasable","17":"product-type-variable"},"_links":{"self":[{"href":"https:\/\/tpmadalina42.supserv.cozmoslabs.com\/fi\/wp-json\/wp\/v2\/product\/340400","targetHints":{"allow":["GET"]}}],"collection":[{"href":"https:\/\/tpmadalina42.supserv.cozmoslabs.com\/fi\/wp-json\/wp\/v2\/product"}],"about":[{"href":"https:\/\/tpmadalina42.supserv.cozmoslabs.com\/fi\/wp-json\/wp\/v2\/types\/product"}],"wp:featuredmedia":[{"embeddable":true,"href":"https:\/\/tpmadalina42.supserv.cozmoslabs.com\/fi\/wp-json\/wp\/v2\/media\/340397"}],"wp:attachment":[{"href":"https:\/\/tpmadalina42.supserv.cozmoslabs.com\/fi\/wp-json\/wp\/v2\/media?parent=340400"}],"wp:term":[{"taxonomy":"product_brand","embeddable":true,"href":"https:\/\/tpmadalina42.supserv.cozmoslabs.com\/fi\/wp-json\/wp\/v2\/product_brand?post=340400"},{"taxonomy":"product_cat","embeddable":true,"href":"https:\/\/tpmadalina42.supserv.cozmoslabs.com\/fi\/wp-json\/wp\/v2\/product_cat?post=340400"},{"taxonomy":"product_tag","embeddable":true,"href":"https:\/\/tpmadalina42.supserv.cozmoslabs.com\/fi\/wp-json\/wp\/v2\/product_tag?post=340400"}],"curies":[{"name":"wp","href":"https:\/\/api.w.org\/{rel}","templated":true}]}}