{"id":340454,"date":"2024-11-26T15:12:44","date_gmt":"2024-11-26T14:12:44","guid":{"rendered":"https:\/\/glandine.com\/product\/napapijri-schlanke-blaue-sportliche-schnuersenkel-sneakers\/"},"modified":"2024-12-06T22:38:10","modified_gmt":"2024-12-06T21:38:10","slug":"napapijri-schlanke-blaue-sportliche-schnuersenkel-sneakers","status":"publish","type":"product","link":"https:\/\/tpmadalina42.supserv.cozmoslabs.com\/fi\/tuote-2\/napapijri-schlanke-blaue-sportliche-schnuersenkel-sneakers\/","title":{"rendered":"Napapijri Schlanke blaue sportliche Schn\u00fcrsenkel-Sneakers"},"content":{"rendered":"<p>Peppen Sie Ihre Schuhkollektion mit diesen auff\u00e4lligen, sportlichen Sneakern auf, die in leuchtenden Blaut\u00f6nen gehalten sind und durch auff\u00e4llige Kontrastdetails erg\u00e4nzt werden. Perfekt, um einen Pop von Farbe und Druck zu Ihren Ensembles hinzuzuf\u00fcgen, diese Schuhe verf\u00fcgen auch \u00fcber eine vielseitige sekund\u00e4re Spitze Option und das ikonische Logo stolz angezeigt. Diese Sneaker sind f\u00fcr Komfort und Stil gefertigt und zeugen von Napapijris Engagement f\u00fcr Qualit\u00e4t und modernes Design.<\/p>\n<ul>\n<li>Materiaali: 40% polyesteri, 30% nahka, 30% polyeteeni.<\/li>\n<li>Alkuper\u00e4maa: CN<\/li>\n<li>V\u00e4ri: Sininen<\/li>\n<\/ul>","protected":false},"excerpt":{"rendered":"<p>Peppen Sie Ihre Schuhkollektion mit diesen auff\u00e4lligen, sportlichen Sneakern auf, die in leuchtenden Blaut\u00f6nen gehalten sind und durch auff\u00e4llige Kontrastdetails erg\u00e4nzt werden. Perfekt, um einen Pop von Farbe und Druck zu Ihren Ensembles hinzuzuf\u00fcgen, diese Schuhe verf\u00fcgen auch \u00fcber eine vielseitige sekund\u00e4re Spitze Option und das ikonische Logo stolz angezeigt. Diese Sneaker sind f\u00fcr Komfort [&hellip;]<\/p>","protected":false},"featured_media":340451,"template":"","meta":[],"product_brand":[2312],"product_cat":[1634,1624,1702],"product_tag":[],"class_list":{"0":"post-340454","1":"product","2":"type-product","3":"status-publish","4":"has-post-thumbnail","6":"product_brand-napapijri","7":"product_cat-maenner-schuhe","8":"product_cat-schuhe","9":"product_cat-turnschuhe","11":"first","12":"instock","13":"sale","14":"taxable","15":"shipping-taxable","16":"purchasable","17":"product-type-variable"},"_links":{"self":[{"href":"https:\/\/tpmadalina42.supserv.cozmoslabs.com\/fi\/wp-json\/wp\/v2\/product\/340454","targetHints":{"allow":["GET"]}}],"collection":[{"href":"https:\/\/tpmadalina42.supserv.cozmoslabs.com\/fi\/wp-json\/wp\/v2\/product"}],"about":[{"href":"https:\/\/tpmadalina42.supserv.cozmoslabs.com\/fi\/wp-json\/wp\/v2\/types\/product"}],"wp:featuredmedia":[{"embeddable":true,"href":"https:\/\/tpmadalina42.supserv.cozmoslabs.com\/fi\/wp-json\/wp\/v2\/media\/340451"}],"wp:attachment":[{"href":"https:\/\/tpmadalina42.supserv.cozmoslabs.com\/fi\/wp-json\/wp\/v2\/media?parent=340454"}],"wp:term":[{"taxonomy":"product_brand","embeddable":true,"href":"https:\/\/tpmadalina42.supserv.cozmoslabs.com\/fi\/wp-json\/wp\/v2\/product_brand?post=340454"},{"taxonomy":"product_cat","embeddable":true,"href":"https:\/\/tpmadalina42.supserv.cozmoslabs.com\/fi\/wp-json\/wp\/v2\/product_cat?post=340454"},{"taxonomy":"product_tag","embeddable":true,"href":"https:\/\/tpmadalina42.supserv.cozmoslabs.com\/fi\/wp-json\/wp\/v2\/product_tag?post=340454"}],"curies":[{"name":"wp","href":"https:\/\/api.w.org\/{rel}","templated":true}]}}