{"id":340586,"date":"2024-11-26T17:02:43","date_gmt":"2024-11-26T16:02:43","guid":{"rendered":"https:\/\/glandine.com\/product\/plein-sport-blauer-baumwollpullover-fuer-maenner-9\/"},"modified":"2024-11-30T08:37:57","modified_gmt":"2024-11-30T07:37:57","slug":"plein-sport-blauer-baumwollpullover-fuer-maenner-9","status":"publish","type":"product","link":"https:\/\/tpmadalina42.supserv.cozmoslabs.com\/fi\/tuote-2\/plein-sport-blauer-baumwollpullover-fuer-maenner-9\/","title":{"rendered":"Plein Sport Blauer Puuvillainen miesten pusero"},"content":{"rendered":"<p>Mit diesem dynamischen Kapuzensweatshirt von Plein Sport k\u00f6nnen Sie Ihre Freizeitaktivit\u00e4ten aufwerten. Dieses k\u00fchne Modell f\u00fcr selbstbewusste Frauen verk\u00f6rpert sowohl Komfort als auch Stil. Mit seinen langen \u00c4rmeln und dem praktischen Rei\u00dfverschluss auf der Vorderseite ist es sehr praktisch, ohne dass Sie auf einen Hauch von Flair verzichten m\u00fcssen. Kontrastierende Details, eine auff\u00e4llige Applikation und der charakteristische Plein Sport-Logoprint sorgen f\u00fcr einen unverwechselbar trendigen Look. Das hochwertige Mischgewebe aus 52% Baumwolle und 48% Polyester verspricht Strapazierf\u00e4higkeit und einen weichen Griff, was es zu einer unverzichtbaren Erg\u00e4nzung f\u00fcr jede modebewusste Garderobe macht.<\/p>\n<p>Material: 52% Baumwolle, 48% Polyester<br \/>\nHerkunftsland: JO<br \/>\nV\u00e4ri: Sininen<\/p>","protected":false},"excerpt":{"rendered":"<p>Mit diesem dynamischen Kapuzensweatshirt von Plein Sport k\u00f6nnen Sie Ihre Freizeitaktivit\u00e4ten aufwerten. Dieses k\u00fchne Modell f\u00fcr selbstbewusste Frauen verk\u00f6rpert sowohl Komfort als auch Stil. Mit seinen langen \u00c4rmeln und dem praktischen Rei\u00dfverschluss auf der Vorderseite ist es sehr praktisch, ohne dass Sie auf einen Hauch von Flair verzichten m\u00fcssen. Kontrastierende Details, eine auff\u00e4llige Applikation und [&hellip;]<\/p>","protected":false},"featured_media":340584,"template":"","meta":[],"product_brand":[2108],"product_cat":[1633,1623],"product_tag":[],"class_list":{"0":"post-340586","1":"product","2":"type-product","3":"status-publish","4":"has-post-thumbnail","6":"product_brand-plein-sport","7":"product_cat-maenner-kleidung","8":"product_cat-kleidung","10":"first","11":"instock","12":"sale","13":"taxable","14":"shipping-taxable","15":"purchasable","16":"product-type-variable"},"_links":{"self":[{"href":"https:\/\/tpmadalina42.supserv.cozmoslabs.com\/fi\/wp-json\/wp\/v2\/product\/340586","targetHints":{"allow":["GET"]}}],"collection":[{"href":"https:\/\/tpmadalina42.supserv.cozmoslabs.com\/fi\/wp-json\/wp\/v2\/product"}],"about":[{"href":"https:\/\/tpmadalina42.supserv.cozmoslabs.com\/fi\/wp-json\/wp\/v2\/types\/product"}],"wp:featuredmedia":[{"embeddable":true,"href":"https:\/\/tpmadalina42.supserv.cozmoslabs.com\/fi\/wp-json\/wp\/v2\/media\/340584"}],"wp:attachment":[{"href":"https:\/\/tpmadalina42.supserv.cozmoslabs.com\/fi\/wp-json\/wp\/v2\/media?parent=340586"}],"wp:term":[{"taxonomy":"product_brand","embeddable":true,"href":"https:\/\/tpmadalina42.supserv.cozmoslabs.com\/fi\/wp-json\/wp\/v2\/product_brand?post=340586"},{"taxonomy":"product_cat","embeddable":true,"href":"https:\/\/tpmadalina42.supserv.cozmoslabs.com\/fi\/wp-json\/wp\/v2\/product_cat?post=340586"},{"taxonomy":"product_tag","embeddable":true,"href":"https:\/\/tpmadalina42.supserv.cozmoslabs.com\/fi\/wp-json\/wp\/v2\/product_tag?post=340586"}],"curies":[{"name":"wp","href":"https:\/\/api.w.org\/{rel}","templated":true}]}}