{"id":340647,"date":"2024-11-26T17:36:55","date_gmt":"2024-11-26T16:36:55","guid":{"rendered":"https:\/\/glandine.com\/product\/u-s-polo-assn-graue-polyester-herren-sneaker-5\/"},"modified":"2024-12-11T03:59:51","modified_gmt":"2024-12-11T02:59:51","slug":"u-s-polo-assn-graue-polyester-herren-sneaker-5","status":"publish","type":"product","link":"https:\/\/tpmadalina42.supserv.cozmoslabs.com\/fi\/tuote-2\/u-s-polo-assn-graue-polyester-herren-sneaker-5\/","title":{"rendered":"U.S. POLO ASSN. Graue Polyester Herren Sneaker"},"content":{"rendered":"<p>Mit diesen eleganten Sneakern von U.S. POLO ASSN schreiten Sie mit absolutem Selbstbewusstsein und modernem Flair. Sie sind mehr als nur Sportschuhe; sie sind ein Statement-St\u00fcck mit kontrastierenden Details, die auffallen, und dem stolz gezeigten Logo, das Ihren Casual-Ensembles einen Hauch von Prestige verleiht. Gefertigt aus einer Mischung aus strapazierf\u00e4higem Polyester und elastischem Polyethylen sind sie perfekt f\u00fcr den modernen Mann, der viel unterwegs ist. Genie\u00dfen Sie die Raffinesse und die Vielseitigkeit, mit der Sie sie immer und \u00fcberall tragen k\u00f6nnen.<\/p>\n<p>&#8211; Material: 60% Polyester, 40% Polyethylen<br \/>\n\u2013 Alkuper\u00e4maa: CN<br \/>\n&#8211; Farbe: Gray<\/p>","protected":false},"excerpt":{"rendered":"<p>Mit diesen eleganten Sneakern von U.S. POLO ASSN schreiten Sie mit absolutem Selbstbewusstsein und modernem Flair. Sie sind mehr als nur Sportschuhe; sie sind ein Statement-St\u00fcck mit kontrastierenden Details, die auffallen, und dem stolz gezeigten Logo, das Ihren Casual-Ensembles einen Hauch von Prestige verleiht. Gefertigt aus einer Mischung aus strapazierf\u00e4higem Polyester und elastischem Polyethylen sind [&hellip;]<\/p>","protected":false},"featured_media":340644,"template":"","meta":[],"product_brand":[2310],"product_cat":[1634,1624,1702],"product_tag":[],"class_list":{"0":"post-340647","1":"product","2":"type-product","3":"status-publish","4":"has-post-thumbnail","6":"product_brand-u-s-polo-assn","7":"product_cat-maenner-schuhe","8":"product_cat-schuhe","9":"product_cat-turnschuhe","11":"first","12":"instock","13":"sale","14":"taxable","15":"shipping-taxable","16":"purchasable","17":"product-type-variable"},"_links":{"self":[{"href":"https:\/\/tpmadalina42.supserv.cozmoslabs.com\/fi\/wp-json\/wp\/v2\/product\/340647","targetHints":{"allow":["GET"]}}],"collection":[{"href":"https:\/\/tpmadalina42.supserv.cozmoslabs.com\/fi\/wp-json\/wp\/v2\/product"}],"about":[{"href":"https:\/\/tpmadalina42.supserv.cozmoslabs.com\/fi\/wp-json\/wp\/v2\/types\/product"}],"wp:featuredmedia":[{"embeddable":true,"href":"https:\/\/tpmadalina42.supserv.cozmoslabs.com\/fi\/wp-json\/wp\/v2\/media\/340644"}],"wp:attachment":[{"href":"https:\/\/tpmadalina42.supserv.cozmoslabs.com\/fi\/wp-json\/wp\/v2\/media?parent=340647"}],"wp:term":[{"taxonomy":"product_brand","embeddable":true,"href":"https:\/\/tpmadalina42.supserv.cozmoslabs.com\/fi\/wp-json\/wp\/v2\/product_brand?post=340647"},{"taxonomy":"product_cat","embeddable":true,"href":"https:\/\/tpmadalina42.supserv.cozmoslabs.com\/fi\/wp-json\/wp\/v2\/product_cat?post=340647"},{"taxonomy":"product_tag","embeddable":true,"href":"https:\/\/tpmadalina42.supserv.cozmoslabs.com\/fi\/wp-json\/wp\/v2\/product_tag?post=340647"}],"curies":[{"name":"wp","href":"https:\/\/api.w.org\/{rel}","templated":true}]}}