{"id":340700,"date":"2024-11-26T17:46:36","date_gmt":"2024-11-26T16:46:36","guid":{"rendered":"https:\/\/glandine.com\/product\/napapijri-grauer-baumwollpullover-fuer-maenner-11\/"},"modified":"2024-12-13T10:05:12","modified_gmt":"2024-12-13T09:05:12","slug":"napapijri-grauer-baumwollpullover-fuer-maenner-11","status":"publish","type":"product","link":"https:\/\/tpmadalina42.supserv.cozmoslabs.com\/fi\/tuote-2\/napapijri-grauer-baumwollpullover-fuer-maenner-11\/","title":{"rendered":"Napapijri Grauer Baumwollpullover f\u00fcr M\u00e4nner"},"content":{"rendered":"<p>Erleben Sie den Inbegriff von l\u00e4ssigem Luxus mit dem stilvollen lang\u00e4rmeligen Sweatshirt von Napapijri. Dieses makellose Sweatshirt f\u00fcr moderne Trendsetter ist in einem kr\u00e4ftigen Grauton gehalten, der durch einen auff\u00e4lligen Druck und das kultige Napapijri-Logo akzentuiert wird. Die bequeme Mischung aus 80 % Baumwolle und 20 % Polyester sorgt f\u00fcr dauerhaften Komfort, egal ob Sie unterwegs sind oder ein entspanntes Wochenende genie\u00dfen. Dieses Kleidungsst\u00fcck ist so vielseitig wie trendig und setzt ein Zeichen. Peppen Sie Ihre Garderobe mit diesem unverzichtbaren Napapijri-Teil auf.<\/p>\n<p>Materiaali: 80% puuvilla, 20% polyesteri<br \/>\nAlkuper\u00e4maa: TR<br \/>\nV\u00e4ri: Harmaa<\/p>","protected":false},"excerpt":{"rendered":"<p>Erleben Sie den Inbegriff von l\u00e4ssigem Luxus mit dem stilvollen lang\u00e4rmeligen Sweatshirt von Napapijri. Dieses makellose Sweatshirt f\u00fcr moderne Trendsetter ist in einem kr\u00e4ftigen Grauton gehalten, der durch einen auff\u00e4lligen Druck und das kultige Napapijri-Logo akzentuiert wird. Die bequeme Mischung aus 80 % Baumwolle und 20 % Polyester sorgt f\u00fcr dauerhaften Komfort, egal ob Sie [&hellip;]<\/p>","protected":false},"featured_media":340697,"template":"","meta":[],"product_brand":[2312],"product_cat":[1633,1623],"product_tag":[],"class_list":{"0":"post-340700","1":"product","2":"type-product","3":"status-publish","4":"has-post-thumbnail","6":"product_brand-napapijri","7":"product_cat-maenner-kleidung","8":"product_cat-kleidung","10":"first","11":"instock","12":"sale","13":"taxable","14":"shipping-taxable","15":"purchasable","16":"product-type-variable"},"_links":{"self":[{"href":"https:\/\/tpmadalina42.supserv.cozmoslabs.com\/fi\/wp-json\/wp\/v2\/product\/340700","targetHints":{"allow":["GET"]}}],"collection":[{"href":"https:\/\/tpmadalina42.supserv.cozmoslabs.com\/fi\/wp-json\/wp\/v2\/product"}],"about":[{"href":"https:\/\/tpmadalina42.supserv.cozmoslabs.com\/fi\/wp-json\/wp\/v2\/types\/product"}],"wp:featuredmedia":[{"embeddable":true,"href":"https:\/\/tpmadalina42.supserv.cozmoslabs.com\/fi\/wp-json\/wp\/v2\/media\/340697"}],"wp:attachment":[{"href":"https:\/\/tpmadalina42.supserv.cozmoslabs.com\/fi\/wp-json\/wp\/v2\/media?parent=340700"}],"wp:term":[{"taxonomy":"product_brand","embeddable":true,"href":"https:\/\/tpmadalina42.supserv.cozmoslabs.com\/fi\/wp-json\/wp\/v2\/product_brand?post=340700"},{"taxonomy":"product_cat","embeddable":true,"href":"https:\/\/tpmadalina42.supserv.cozmoslabs.com\/fi\/wp-json\/wp\/v2\/product_cat?post=340700"},{"taxonomy":"product_tag","embeddable":true,"href":"https:\/\/tpmadalina42.supserv.cozmoslabs.com\/fi\/wp-json\/wp\/v2\/product_tag?post=340700"}],"curies":[{"name":"wp","href":"https:\/\/api.w.org\/{rel}","templated":true}]}}