{"id":340931,"date":"2024-11-26T19:22:27","date_gmt":"2024-11-26T18:22:27","guid":{"rendered":"https:\/\/glandine.com\/product\/calvin-klein-schwarzes-polyethylen-portemonnaie-fuer-frauen-20\/"},"modified":"2024-12-09T16:55:01","modified_gmt":"2024-12-09T15:55:01","slug":"calvin-klein-schwarzes-polyethylen-portemonnaie-fuer-frauen-20","status":"publish","type":"product","link":"https:\/\/tpmadalina42.supserv.cozmoslabs.com\/fi\/tuote-2\/calvin-klein-schwarzes-polyethylen-portemonnaie-fuer-frauen-20\/","title":{"rendered":"Calvin Klein musta polyeteenilompakko naisille"},"content":{"rendered":"<p>Genie\u00dfen Sie die nahtlose Verbindung von Funktionalit\u00e4t und Stil mit dieser Calvin Klein Brieftasche. Das perfekt verarbeitete Accessoire verf\u00fcgt \u00fcber zwei ger\u00e4umige F\u00e4cher, ein M\u00fcnzfach und doppelte F\u00e4cher zum einfachen Verstauen von Karten. Die kontrastierenden Details sorgen f\u00fcr einen Hauch von kantigem Chic, w\u00e4hrend der RFID-Blocker Ihre Daten sicher verwahrt. Ausgestattet mit einem Rei\u00dfverschluss und einem automatischen Verschlusssystem, setzt das kultige Calvin Klein-Logo auf dem glatten schwarzen Polyethylen ein klares Statement &#8211; ein Beweis f\u00fcr zeitlose Raffinesse.<\/p>\n<p>V\u00e4ri: Musta<br \/>\nMateriaali: 100% polyeteeni<br \/>\nAlkuper\u00e4maa: CN<\/p>","protected":false},"excerpt":{"rendered":"<p>Genie\u00dfen Sie die nahtlose Verbindung von Funktionalit\u00e4t und Stil mit dieser Calvin Klein Brieftasche. Das perfekt verarbeitete Accessoire verf\u00fcgt \u00fcber zwei ger\u00e4umige F\u00e4cher, ein M\u00fcnzfach und doppelte F\u00e4cher zum einfachen Verstauen von Karten. Die kontrastierenden Details sorgen f\u00fcr einen Hauch von kantigem Chic, w\u00e4hrend der RFID-Blocker Ihre Daten sicher verwahrt. Ausgestattet mit einem Rei\u00dfverschluss und [&hellip;]<\/p>","protected":false},"featured_media":340928,"template":"","meta":[],"product_brand":[2188],"product_cat":[1630,1722],"product_tag":[],"class_list":{"0":"post-340931","1":"product","2":"type-product","3":"status-publish","4":"has-post-thumbnail","6":"product_brand-calvin-klein","7":"product_cat-frauen","8":"product_cat-geldboersen-frauen","10":"first","11":"instock","12":"sale","13":"taxable","14":"shipping-taxable","15":"purchasable","16":"product-type-simple"},"_links":{"self":[{"href":"https:\/\/tpmadalina42.supserv.cozmoslabs.com\/fi\/wp-json\/wp\/v2\/product\/340931","targetHints":{"allow":["GET"]}}],"collection":[{"href":"https:\/\/tpmadalina42.supserv.cozmoslabs.com\/fi\/wp-json\/wp\/v2\/product"}],"about":[{"href":"https:\/\/tpmadalina42.supserv.cozmoslabs.com\/fi\/wp-json\/wp\/v2\/types\/product"}],"wp:featuredmedia":[{"embeddable":true,"href":"https:\/\/tpmadalina42.supserv.cozmoslabs.com\/fi\/wp-json\/wp\/v2\/media\/340928"}],"wp:attachment":[{"href":"https:\/\/tpmadalina42.supserv.cozmoslabs.com\/fi\/wp-json\/wp\/v2\/media?parent=340931"}],"wp:term":[{"taxonomy":"product_brand","embeddable":true,"href":"https:\/\/tpmadalina42.supserv.cozmoslabs.com\/fi\/wp-json\/wp\/v2\/product_brand?post=340931"},{"taxonomy":"product_cat","embeddable":true,"href":"https:\/\/tpmadalina42.supserv.cozmoslabs.com\/fi\/wp-json\/wp\/v2\/product_cat?post=340931"},{"taxonomy":"product_tag","embeddable":true,"href":"https:\/\/tpmadalina42.supserv.cozmoslabs.com\/fi\/wp-json\/wp\/v2\/product_tag?post=340931"}],"curies":[{"name":"wp","href":"https:\/\/api.w.org\/{rel}","templated":true}]}}