{"id":341014,"date":"2024-11-26T19:55:19","date_gmt":"2024-11-26T18:55:19","guid":{"rendered":"https:\/\/glandine.com\/product\/woolrich-gruene-jacken-maentel-aus-baumwolle-2\/"},"modified":"2024-12-09T05:25:48","modified_gmt":"2024-12-09T04:25:48","slug":"woolrich-gruene-jacken-maentel-aus-baumwolle-2","status":"publish","type":"product","link":"https:\/\/tpmadalina42.supserv.cozmoslabs.com\/fi\/tuote-2\/woolrich-gruene-jacken-maentel-aus-baumwolle-2\/","title":{"rendered":"Woolrichin vihre\u00e4t puuvillatakit ja -takit"},"content":{"rendered":"<p>LANG\u00c4RMELIGE JACKE MIT KAPUZE UND ABNEHMBAREM FELL, 2 TASCHEN, REISSVERSCHLUSS UND KN\u00d6PFE, LOGO<\/p>","protected":false},"excerpt":{"rendered":"<p>LANG\u00c4RMELIGE JACKE MIT KAPUZE UND ABNEHMBAREM FELL, 2 TASCHEN, REISSVERSCHLUSS UND KN\u00d6PFE, LOGO<\/p>","protected":false},"featured_media":341012,"template":"","meta":[],"product_brand":[2553],"product_cat":[1637,1670,1623],"product_tag":[],"class_list":{"0":"post-341014","1":"product","2":"type-product","3":"status-publish","4":"has-post-thumbnail","6":"product_brand-woolrich","7":"product_cat-frauen-kleidung","8":"product_cat-jacken-maentel","9":"product_cat-kleidung","11":"first","12":"instock","13":"sale","14":"taxable","15":"shipping-taxable","16":"purchasable","17":"product-type-variable"},"_links":{"self":[{"href":"https:\/\/tpmadalina42.supserv.cozmoslabs.com\/fi\/wp-json\/wp\/v2\/product\/341014","targetHints":{"allow":["GET"]}}],"collection":[{"href":"https:\/\/tpmadalina42.supserv.cozmoslabs.com\/fi\/wp-json\/wp\/v2\/product"}],"about":[{"href":"https:\/\/tpmadalina42.supserv.cozmoslabs.com\/fi\/wp-json\/wp\/v2\/types\/product"}],"wp:featuredmedia":[{"embeddable":true,"href":"https:\/\/tpmadalina42.supserv.cozmoslabs.com\/fi\/wp-json\/wp\/v2\/media\/341012"}],"wp:attachment":[{"href":"https:\/\/tpmadalina42.supserv.cozmoslabs.com\/fi\/wp-json\/wp\/v2\/media?parent=341014"}],"wp:term":[{"taxonomy":"product_brand","embeddable":true,"href":"https:\/\/tpmadalina42.supserv.cozmoslabs.com\/fi\/wp-json\/wp\/v2\/product_brand?post=341014"},{"taxonomy":"product_cat","embeddable":true,"href":"https:\/\/tpmadalina42.supserv.cozmoslabs.com\/fi\/wp-json\/wp\/v2\/product_cat?post=341014"},{"taxonomy":"product_tag","embeddable":true,"href":"https:\/\/tpmadalina42.supserv.cozmoslabs.com\/fi\/wp-json\/wp\/v2\/product_tag?post=341014"}],"curies":[{"name":"wp","href":"https:\/\/api.w.org\/{rel}","templated":true}]}}