{"id":341133,"date":"2024-11-26T20:18:01","date_gmt":"2024-11-26T19:18:01","guid":{"rendered":"https:\/\/glandine.com\/product\/napapijri-schwarze-polyamid-herren-jacke-4\/"},"modified":"2024-12-11T02:52:33","modified_gmt":"2024-12-11T01:52:33","slug":"napapijri-schwarze-polyamid-herren-jacke-4","status":"publish","type":"product","link":"https:\/\/tpmadalina42.supserv.cozmoslabs.com\/fi\/tuote-2\/napapijri-schwarze-polyamid-herren-jacke-4\/","title":{"rendered":"Miesten Napapijri musta polyamiditakki"},"content":{"rendered":"<p>Betreten Sie das Reich der schicken Funktionalit\u00e4t mit der lang\u00e4rmeligen Jacke von Napapijri. Dieses Meisterwerk mit regul\u00e4rer Passform ist ein Spiegelbild von ausgefeilter \u00c4sthetik und Nachhaltigkeit und besticht durch seine schlichte schwarze Farbe, mit der Sie m\u00fchelos die Aufmerksamkeit auf sich ziehen. Sie wurde f\u00fcr den modernen Gro\u00dfst\u00e4dter entworfen und verf\u00fcgt \u00fcber zwei praktische Au\u00dfentaschen sowie eine zus\u00e4tzliche Innentasche, in der Sie Ihre wichtigsten Utensilien aufbewahren k\u00f6nnen. Das kultige Napapijri-Logo prangt auf der Tasche, die aus 30% recycelten Materialien hergestellt wurde und somit Ihre umweltbewussten Werte widerspiegelt. Mit einem glatten Rei\u00dfverschluss und einer geschmackvollen Applikation ist sie die ultimative Verschmelzung von Mode und Nutzen.<\/p>\n<p>Materiaali: 100% polyamidi<br \/>\nAlkuper\u00e4maa: BD<br \/>\nV\u00e4ri: Musta<\/p>","protected":false},"excerpt":{"rendered":"<p>Betreten Sie das Reich der schicken Funktionalit\u00e4t mit der lang\u00e4rmeligen Jacke von Napapijri. Dieses Meisterwerk mit regul\u00e4rer Passform ist ein Spiegelbild von ausgefeilter \u00c4sthetik und Nachhaltigkeit und besticht durch seine schlichte schwarze Farbe, mit der Sie m\u00fchelos die Aufmerksamkeit auf sich ziehen. Sie wurde f\u00fcr den modernen Gro\u00dfst\u00e4dter entworfen und verf\u00fcgt \u00fcber zwei praktische Au\u00dfentaschen [&hellip;]<\/p>","protected":false},"featured_media":341131,"template":"","meta":[],"product_brand":[2312],"product_cat":[1633,1669,1623],"product_tag":[],"class_list":{"0":"post-341133","1":"product","2":"type-product","3":"status-publish","4":"has-post-thumbnail","6":"product_brand-napapijri","7":"product_cat-maenner-kleidung","8":"product_cat-jacken","9":"product_cat-kleidung","11":"first","12":"instock","13":"sale","14":"taxable","15":"shipping-taxable","16":"purchasable","17":"product-type-variable"},"_links":{"self":[{"href":"https:\/\/tpmadalina42.supserv.cozmoslabs.com\/fi\/wp-json\/wp\/v2\/product\/341133","targetHints":{"allow":["GET"]}}],"collection":[{"href":"https:\/\/tpmadalina42.supserv.cozmoslabs.com\/fi\/wp-json\/wp\/v2\/product"}],"about":[{"href":"https:\/\/tpmadalina42.supserv.cozmoslabs.com\/fi\/wp-json\/wp\/v2\/types\/product"}],"wp:featuredmedia":[{"embeddable":true,"href":"https:\/\/tpmadalina42.supserv.cozmoslabs.com\/fi\/wp-json\/wp\/v2\/media\/341131"}],"wp:attachment":[{"href":"https:\/\/tpmadalina42.supserv.cozmoslabs.com\/fi\/wp-json\/wp\/v2\/media?parent=341133"}],"wp:term":[{"taxonomy":"product_brand","embeddable":true,"href":"https:\/\/tpmadalina42.supserv.cozmoslabs.com\/fi\/wp-json\/wp\/v2\/product_brand?post=341133"},{"taxonomy":"product_cat","embeddable":true,"href":"https:\/\/tpmadalina42.supserv.cozmoslabs.com\/fi\/wp-json\/wp\/v2\/product_cat?post=341133"},{"taxonomy":"product_tag","embeddable":true,"href":"https:\/\/tpmadalina42.supserv.cozmoslabs.com\/fi\/wp-json\/wp\/v2\/product_tag?post=341133"}],"curies":[{"name":"wp","href":"https:\/\/api.w.org\/{rel}","templated":true}]}}